{"id":41077,"date":"2025-12-22T16:04:52","date_gmt":"2025-12-22T15:10:56","guid":{"rendered":"https:\/\/apimat.ch\/?post_type=product&#038;p=41077"},"modified":"2025-12-22T16:15:47","modified_gmt":"2025-12-22T15:15:47","slug":"buch-die-energiearme-bienenbeute-innovative-methode","status":"publish","type":"product","link":"https:\/\/apimat.ch\/de\/produit\/buch-die-energiearme-bienenbeute-innovative-methode\/","title":{"rendered":"Buch \u2013 Die energiearme Bienenbeute \u2013 Innovative Methode"},"content":{"rendered":"<p data-start=\"0\" data-end=\"72\"><strong data-start=\"0\" data-end=\"72\">Die energiearme Bienenbeute \u2013 Innovative Methode von Marc Guillemain<\/strong><\/p>\n<p data-start=\"74\" data-end=\"506\">Dieses Buch stellt die revolution\u00e4re Methode von Marc Guillemain vor, die aus 30 Jahren Experimentier- und Praxiserfahrung hervorgegangen ist und sich der F\u00fchrung von energiearmen Bienenbeuten widmet. Durch die Kombination von thermischer und reflektierender Isolierung verbessert dieser Ansatz den Komfort der Brut, f\u00f6rdert eine vorteilhafte Luftfeuchtigkeit und tr\u00e4gt dazu bei, die Auswirkungen der Varroa destructor zu begrenzen.<\/p>\n<p data-start=\"508\" data-end=\"770\">Didaktisch und praxisnah erl\u00e4utert das Werk Schritt f\u00fcr Schritt die Umsetzung dieser Technik, die zunehmend von professionellen Imkern und erfahrenen Hobbyimkern \u00fcbernommen wird, um die \u00dcberlebensf\u00e4higkeit und Leistungsf\u00e4higkeit ihrer Bienenv\u00f6lker zu verbessern.<\/p>\n<p data-start=\"772\" data-end=\"880\" data-is-last-node=\"\" data-is-only-node=\"\">\ud83d\udc49 Ein unverzichtbares Buch f\u00fcr alle, die eine moderne, nachhaltige und bienenfreundliche Imkerei anstreben.<\/p>\n<p class=\"p2\"><b>DIE PREISE SIND JE NACH MENGE DEGRESSIV.<\/b><\/p>\n<p class=\"p2\"><b>F\u00fcr weitere Informationen kontaktieren Sie mich bitte.<\/b><\/p>\n<p class=\"p3\"><span class=\"s1\"><a href=\"mailto:info@apimat.ch\"><b>info@apimat.ch<\/b><\/a><\/span><\/p>\n<p class=\"p2\"><b>Telefon: 076 213 80 33<\/b><\/p>\n","protected":false},"excerpt":{"rendered":"<p>Die energiearme Bienenbeute \u2013 Innovative Methode von Marc Guillemain Dieses Buch stellt die revolution\u00e4re Methode von Marc Guillemain vor, die aus 30 Jahren Experimentier- und Praxiserfahrung hervorgegangen ist und sich der F\u00fchrung von energiearmen Bienenbeuten widmet. Durch die Kombination von thermischer und reflektierender Isolierung verbessert dieser Ansatz den Komfort der Brut, f\u00f6rdert eine vorteilhafte Luftfeuchtigkeit [&hellip;]<\/p>\n","protected":false},"featured_media":41067,"template":"","meta":{"_uf_show_specific_survey":0,"_uf_disable_surveys":false},"product_cat":[662,104],"product_tag":[],"aioseo_notices":[],"_links":{"self":[{"href":"https:\/\/apimat.ch\/de\/wp-json\/wp\/v2\/product\/41077"}],"collection":[{"href":"https:\/\/apimat.ch\/de\/wp-json\/wp\/v2\/product"}],"about":[{"href":"https:\/\/apimat.ch\/de\/wp-json\/wp\/v2\/types\/product"}],"wp:featuredmedia":[{"embeddable":true,"href":"https:\/\/apimat.ch\/de\/wp-json\/wp\/v2\/media\/41067"}],"wp:attachment":[{"href":"https:\/\/apimat.ch\/de\/wp-json\/wp\/v2\/media?parent=41077"}],"wp:term":[{"taxonomy":"product_cat","embeddable":true,"href":"https:\/\/apimat.ch\/de\/wp-json\/wp\/v2\/product_cat?post=41077"},{"taxonomy":"product_tag","embeddable":true,"href":"https:\/\/apimat.ch\/de\/wp-json\/wp\/v2\/product_tag?post=41077"}],"curies":[{"name":"wp","href":"https:\/\/api.w.org\/{rel}","templated":true}]}}