{"id":41125,"date":"2025-12-26T20:38:54","date_gmt":"2025-12-26T19:55:08","guid":{"rendered":"https:\/\/apimat.ch\/?post_type=product&#038;p=41125"},"modified":"2025-12-26T20:55:09","modified_gmt":"2025-12-26T19:55:09","slug":"apidea-flugloch-drohnensperre-fuer-begattungskaestchen","status":"publish","type":"product","link":"https:\/\/apimat.ch\/de\/produit\/apidea-flugloch-drohnensperre-fuer-begattungskaestchen\/","title":{"rendered":"APIDEA Flugloch Drohnensperre f\u00fcr Begattungsk\u00e4stchen"},"content":{"rendered":"<p>APIDEA Flugloch Drohnensperre f\u00fcr Begattungsk\u00e4stchen<\/p>\n<p data-start=\"163\" data-end=\"596\"><strong data-start=\"163\" data-end=\"180\">Beschreibung:<\/strong><br data-start=\"180\" data-end=\"183\" \/>Die innovative Drohnensperre f\u00fcr das APIDEA Begattungsk\u00e4stchen, entwickelt von der Wanderimkerei Kolbe, ist die perfekte Erg\u00e4nzung f\u00fcr eine erfolgreiche K\u00f6niginnenzucht. Sie wird einfach von innen in das Flugloch des K\u00e4stchens eingesetzt \u2013 ganz ohne Werkzeug oder zus\u00e4tzliche Befestigung. So sch\u00fctzt sie zuverl\u00e4ssig vor dem Eindringen fremder Drohnen und verhindert, dass eigene Drohnen im K\u00e4stchen zur\u00fcckbleiben.<\/p>\n<p data-start=\"598\" data-end=\"619\"><strong data-start=\"598\" data-end=\"617\">Produktdetails:<\/strong><\/p>\n<ul data-start=\"620\" data-end=\"915\">\n<li data-start=\"620\" data-end=\"684\">\n<p data-start=\"622\" data-end=\"684\">Einfache Montage von innen ins Flugloch des APIDEA K\u00e4stchens<\/p>\n<\/li>\n<li data-start=\"685\" data-end=\"766\">\n<p data-start=\"687\" data-end=\"766\">Effektiver Schutz vor fremden Drohnen, h\u00e4lt eigene Drohnen im K\u00e4stchen zur\u00fcck<\/p>\n<\/li>\n<li data-start=\"767\" data-end=\"820\">\n<p data-start=\"769\" data-end=\"820\">Speziell f\u00fcr APIDEA Begattungsk\u00e4stchen konzipiert<\/p>\n<\/li>\n<li data-start=\"821\" data-end=\"915\">\n<p data-start=\"823\" data-end=\"915\">Verhindert \u00fcberm\u00e4\u00dfiges Ausfressen des Fluglochs und verl\u00e4ngert die Lebensdauer des K\u00e4stchens<\/p>\n<\/li>\n<\/ul>\n<p data-start=\"917\" data-end=\"1106\"><strong data-start=\"917\" data-end=\"931\">Anwendung:<\/strong><br data-start=\"931\" data-end=\"934\" \/>Vor dem Einf\u00fcllen der Bienen wird die Drohnensperre von innen in das Flugloch geschoben. Die Bienen sollten zuvor gesiebt werden, damit das Flugloch nicht blockiert wird.<\/p>\n<p data-start=\"1108\" data-end=\"1196\">Die Drohnensperre ist eine unverzichtbare Erg\u00e4nzung f\u00fcr jedes APIDEA Begattungsk\u00e4stchen.<\/p>\n<p data-start=\"1108\" data-end=\"1196\">\n<p class=\"p1\"><b>DIE PREISE SIND JE NACH MENGE DEGRESSIV.<\/b><\/p>\n<p class=\"p1\"><b>F\u00fcr weitere Informationen kontaktieren Sie mich bitte.<\/b><\/p>\n<p class=\"p2\"><span class=\"s1\"><a href=\"mailto:info@apimat.ch\"><b>info@apimat.ch<\/b><\/a><\/span><\/p>\n<p class=\"p1\"><b>Telefon: 076 213 80 33<\/b><\/p>\n","protected":false},"excerpt":{"rendered":"<p>APIDEA Flugloch Drohnensperre f\u00fcr Begattungsk\u00e4stchen Beschreibung:Die innovative Drohnensperre f\u00fcr das APIDEA Begattungsk\u00e4stchen, entwickelt von der Wanderimkerei Kolbe, ist die perfekte Erg\u00e4nzung f\u00fcr eine erfolgreiche K\u00f6niginnenzucht. Sie wird einfach von innen in das Flugloch des K\u00e4stchens eingesetzt \u2013 ganz ohne Werkzeug oder zus\u00e4tzliche Befestigung. So sch\u00fctzt sie zuverl\u00e4ssig vor dem Eindringen fremder Drohnen und verhindert, dass [&hellip;]<\/p>\n","protected":false},"featured_media":41115,"template":"","meta":{"_uf_show_specific_survey":0,"_uf_disable_surveys":false},"product_cat":[662,95],"product_tag":[],"aioseo_notices":[],"_links":{"self":[{"href":"https:\/\/apimat.ch\/de\/wp-json\/wp\/v2\/product\/41125"}],"collection":[{"href":"https:\/\/apimat.ch\/de\/wp-json\/wp\/v2\/product"}],"about":[{"href":"https:\/\/apimat.ch\/de\/wp-json\/wp\/v2\/types\/product"}],"wp:featuredmedia":[{"embeddable":true,"href":"https:\/\/apimat.ch\/de\/wp-json\/wp\/v2\/media\/41115"}],"wp:attachment":[{"href":"https:\/\/apimat.ch\/de\/wp-json\/wp\/v2\/media?parent=41125"}],"wp:term":[{"taxonomy":"product_cat","embeddable":true,"href":"https:\/\/apimat.ch\/de\/wp-json\/wp\/v2\/product_cat?post=41125"},{"taxonomy":"product_tag","embeddable":true,"href":"https:\/\/apimat.ch\/de\/wp-json\/wp\/v2\/product_tag?post=41125"}],"curies":[{"name":"wp","href":"https:\/\/api.w.org\/{rel}","templated":true}]}}