{"id":41132,"date":"2025-12-26T21:06:27","date_gmt":"2025-12-26T20:09:28","guid":{"rendered":"https:\/\/apimat.ch\/?post_type=product&#038;p=41132"},"modified":"2025-12-26T21:09:29","modified_gmt":"2025-12-26T20:09:29","slug":"formica-trap-ameisenschutz-fuer-eine-zuverlaessige-varroa-diagnose","status":"publish","type":"product","link":"https:\/\/apimat.ch\/de\/produit\/formica-trap-ameisenschutz-fuer-eine-zuverlaessige-varroa-diagnose\/","title":{"rendered":"Formica Trap \u2013 Ameisenschutz f\u00fcr eine zuverl\u00e4ssige Varroa-Diagnose"},"content":{"rendered":"<p>Formica Trap \u2013 Ameisenschutz f\u00fcr eine zuverl\u00e4ssige Varroa-Diagnose<\/p>\n<p data-start=\"69\" data-end=\"88\"><strong data-start=\"69\" data-end=\"86\">Beschreibung:<\/strong><\/p>\n<p data-start=\"90\" data-end=\"373\">Eine genaue Diagnose des Varroamilbenbefalls ist entscheidend f\u00fcr eine wirksame Behandlung Ihrer Bienenv\u00f6lker. Allerdings kann das Vorhandensein von Ameisen auf der Varroa-Schublade die Ergebnisse verf\u00e4lschen, da sie sich von den Varroamilben in allen Entwicklungsstadien ern\u00e4hren.<\/p>\n<p data-start=\"375\" data-end=\"754\">Der <strong data-start=\"379\" data-end=\"395\">Formica Trap<\/strong> ist ein spezieller Klebstoff, der verhindert, dass Ameisen auf die Varroa-Schublade klettern. Dank dieser effektiven Barriere erhalten Imker eine pr\u00e4zise Z\u00e4hlung der Milben, was eine genaue Einsch\u00e4tzung des Befalls erm\u00f6glicht. So kann die am besten geeignete Varroa-Behandlung mit Zuversicht ausgew\u00e4hlt werden, um die Gesundheit Ihrer V\u00f6lker zu verbessern.<\/p>\n<p data-start=\"756\" data-end=\"1149\">Zur Anwendung des Formica-Trap-Klebers erw\u00e4rmen Sie die Tube einfach in einem Wasserbad auf maximal 40 \u00b0C, bis der Kleber fl\u00fcssig wird. Um sicherzustellen, dass die Klebstoffbarriere optimal wirkt, tragen Sie den Formica-Trap-Kleber beispielsweise auf die Rahmenbalken, die Beine des Gestells oder rund um die Varroa-Schublade auf, indem Sie ihn auf Malerkrepp mit dem Einschieber auftragen.<\/p>\n<p data-start=\"1151\" data-end=\"1368\">Es ist wichtig zu beachten, dass Formica-Trap niemals direkt auf die Unterlagen aufgetragen werden darf. Die Verwendung von Malerkrepp erm\u00f6glicht es, schmutzige und alte Fallen leichter zu entfernen und zu erneuern.<\/p>\n<p class=\"p1\"><b>DIE PREISE SIND JE NACH MENGE DEGRESSIV.<\/b><\/p>\n<p class=\"p1\"><b>F\u00fcr weitere Informationen kontaktieren Sie mich bitte.<\/b><\/p>\n<p class=\"p2\"><span class=\"s1\"><a href=\"mailto:info@apimat.ch\"><b>info@apimat.ch<\/b><\/a><\/span><\/p>\n<p class=\"p1\"><b>Telefon: 076 213 80 33<\/b><\/p>\n","protected":false},"excerpt":{"rendered":"<p>Formica Trap \u2013 Ameisenschutz f\u00fcr eine zuverl\u00e4ssige Varroa-Diagnose Beschreibung: Eine genaue Diagnose des Varroamilbenbefalls ist entscheidend f\u00fcr eine wirksame Behandlung Ihrer Bienenv\u00f6lker. Allerdings kann das Vorhandensein von Ameisen auf der Varroa-Schublade die Ergebnisse verf\u00e4lschen, da sie sich von den Varroamilben in allen Entwicklungsstadien ern\u00e4hren. Der Formica Trap ist ein spezieller Klebstoff, der verhindert, dass Ameisen [&hellip;]<\/p>\n","protected":false},"featured_media":41130,"template":"","meta":{"_uf_show_specific_survey":0,"_uf_disable_surveys":false},"product_cat":[662,390],"product_tag":[],"aioseo_notices":[],"_links":{"self":[{"href":"https:\/\/apimat.ch\/de\/wp-json\/wp\/v2\/product\/41132"}],"collection":[{"href":"https:\/\/apimat.ch\/de\/wp-json\/wp\/v2\/product"}],"about":[{"href":"https:\/\/apimat.ch\/de\/wp-json\/wp\/v2\/types\/product"}],"wp:featuredmedia":[{"embeddable":true,"href":"https:\/\/apimat.ch\/de\/wp-json\/wp\/v2\/media\/41130"}],"wp:attachment":[{"href":"https:\/\/apimat.ch\/de\/wp-json\/wp\/v2\/media?parent=41132"}],"wp:term":[{"taxonomy":"product_cat","embeddable":true,"href":"https:\/\/apimat.ch\/de\/wp-json\/wp\/v2\/product_cat?post=41132"},{"taxonomy":"product_tag","embeddable":true,"href":"https:\/\/apimat.ch\/de\/wp-json\/wp\/v2\/product_tag?post=41132"}],"curies":[{"name":"wp","href":"https:\/\/api.w.org\/{rel}","templated":true}]}}