{"id":41148,"date":"2025-12-27T15:04:32","date_gmt":"2025-12-27T14:13:48","guid":{"rendered":"https:\/\/apimat.ch\/?post_type=product&#038;p=41148"},"modified":"2025-12-27T15:13:49","modified_gmt":"2025-12-27T14:13:49","slug":"kompakter-mini-amerikanischer-stockmeissel-190-mm-multifunktionales-imkerwerkzeug","status":"publish","type":"product","link":"https:\/\/apimat.ch\/de\/produit\/kompakter-mini-amerikanischer-stockmeissel-190-mm-multifunktionales-imkerwerkzeug\/","title":{"rendered":"Kompakter Mini-amerikanischer Stockmei\u00dfel 190 mm \u2013 Multifunktionales Imkerwerkzeug"},"content":{"rendered":"<p>Kompakter Mini-amerikanischer Stockmei\u00dfel 190 mm \u2013 Multifunktionales Imkerwerkzeug<\/p>\n<p><strong data-start=\"0\" data-end=\"17\" data-is-only-node=\"\">Beschreibung:<\/strong><br data-start=\"17\" data-end=\"20\" \/>Der kompakte amerikanische Mini-Rahmenheber mit 190 mm ist das ideale Werkzeug f\u00fcr Imker, die nach Effizienz und Praktikabilit\u00e4t suchen. Seine geringe Gr\u00f6\u00dfe bietet hervorragende Handhabung, ohne dabei die n\u00f6tige Robustheit f\u00fcr Arbeiten am Bienenstand zu verlieren. Stabil und angenehm in der Hand liegt er leicht in der Tasche oder im Werkzeugkasten und ist somit jederzeit einsatzbereit. Vielseitig einsetzbar, eignet er sich zum Abkratzen von Propolis und Wachs, zum L\u00f6sen und Entfernen von Wabenrahmen sowie zum Herausziehen von N\u00e4geln. Ein unverzichtbares Werkzeug f\u00fcr schnelle und pr\u00e4zise Eingriffe in der Imkerei.<\/p>\n<p class=\"p1\"><b>DIE PREISE SIND JE NACH MENGE DEGRESSIV.<\/b><\/p>\n<p class=\"p1\"><b>F\u00fcr weitere Informationen kontaktieren Sie mich bitte.<\/b><\/p>\n<p class=\"p2\"><span class=\"s1\"><a href=\"mailto:info@apimat.ch\"><b>info@apimat.ch<\/b><\/a><\/span><\/p>\n<p class=\"p1\"><b>Telefon: 076 213 80 33<\/b><\/p>\n","protected":false},"excerpt":{"rendered":"<p>Kompakter Mini-amerikanischer Stockmei\u00dfel 190 mm \u2013 Multifunktionales Imkerwerkzeug Beschreibung:Der kompakte amerikanische Mini-Rahmenheber mit 190 mm ist das ideale Werkzeug f\u00fcr Imker, die nach Effizienz und Praktikabilit\u00e4t suchen. Seine geringe Gr\u00f6\u00dfe bietet hervorragende Handhabung, ohne dabei die n\u00f6tige Robustheit f\u00fcr Arbeiten am Bienenstand zu verlieren. Stabil und angenehm in der Hand liegt er leicht in der [&hellip;]<\/p>\n","protected":false},"featured_media":41143,"template":"","meta":{"_uf_show_specific_survey":0,"_uf_disable_surveys":false},"product_cat":[662,98],"product_tag":[],"aioseo_notices":[],"_links":{"self":[{"href":"https:\/\/apimat.ch\/de\/wp-json\/wp\/v2\/product\/41148"}],"collection":[{"href":"https:\/\/apimat.ch\/de\/wp-json\/wp\/v2\/product"}],"about":[{"href":"https:\/\/apimat.ch\/de\/wp-json\/wp\/v2\/types\/product"}],"wp:featuredmedia":[{"embeddable":true,"href":"https:\/\/apimat.ch\/de\/wp-json\/wp\/v2\/media\/41143"}],"wp:attachment":[{"href":"https:\/\/apimat.ch\/de\/wp-json\/wp\/v2\/media?parent=41148"}],"wp:term":[{"taxonomy":"product_cat","embeddable":true,"href":"https:\/\/apimat.ch\/de\/wp-json\/wp\/v2\/product_cat?post=41148"},{"taxonomy":"product_tag","embeddable":true,"href":"https:\/\/apimat.ch\/de\/wp-json\/wp\/v2\/product_tag?post=41148"}],"curies":[{"name":"wp","href":"https:\/\/api.w.org\/{rel}","templated":true}]}}