{"id":41168,"date":"2025-12-27T16:02:10","date_gmt":"2025-12-27T15:13:35","guid":{"rendered":"https:\/\/apimat.ch\/?post_type=product&#038;p=41168"},"modified":"2025-12-27T16:13:36","modified_gmt":"2025-12-27T15:13:36","slug":"flugbrett-verlaengerung-fuer-dadant-10-rahmen-styroporbeute-in-grau-und-gelb","status":"publish","type":"product","link":"https:\/\/apimat.ch\/de\/produit\/flugbrett-verlaengerung-fuer-dadant-10-rahmen-styroporbeute-in-grau-und-gelb\/","title":{"rendered":"Flugbrett-Verl\u00e4ngerung f\u00fcr Dadant 10-Rahmen Styroporbeute in GRAU und GELB"},"content":{"rendered":"<p>Flugbrett-Verl\u00e4ngerung f\u00fcr Dadant 10-Rahmen Styroporbeute in GRAU und GELB<\/p>\n<p>Kunststoff-Bienenstockplatte, kompatibel mit den Lyson-Platten aus Kunststoff\/Polystyrol. Gro\u00dfe Fl\u00e4che erleichtert das Landen, verstellbarer Eingang begrenzt den Flugverkehr und sorgt f\u00fcr Bel\u00fcftung. Abnehmbar f\u00fcr einen erleichterten Transport, von Fr\u00fchling bis Herbst einsetzbar. Langlebig, leicht zu reinigen und perfekt an Lyson-B\u00f6den angepasst.<\/p>\n<p class=\"p1\"><b>DIE PREISE SIND JE NACH MENGE DEGRESSIV.<\/b><\/p>\n<p class=\"p1\"><b>F\u00fcr weitere Informationen kontaktieren Sie mich bitte.<\/b><\/p>\n<p class=\"p2\"><span class=\"s1\"><a href=\"mailto:info@apimat.ch\"><b>info@apimat.ch<\/b><\/a><\/span><\/p>\n<p class=\"p1\"><b>Telefon: 076 213 80 33<\/b><\/p>\n","protected":false},"excerpt":{"rendered":"<p>Flugbrett-Verl\u00e4ngerung f\u00fcr Dadant 10-Rahmen Styroporbeute in GRAU und GELB Kunststoff-Bienenstockplatte, kompatibel mit den Lyson-Platten aus Kunststoff\/Polystyrol. Gro\u00dfe Fl\u00e4che erleichtert das Landen, verstellbarer Eingang begrenzt den Flugverkehr und sorgt f\u00fcr Bel\u00fcftung. Abnehmbar f\u00fcr einen erleichterten Transport, von Fr\u00fchling bis Herbst einsetzbar. Langlebig, leicht zu reinigen und perfekt an Lyson-B\u00f6den angepasst. DIE PREISE SIND JE NACH MENGE [&hellip;]<\/p>\n","protected":false},"featured_media":41158,"template":"","meta":{"_uf_show_specific_survey":0,"_uf_disable_surveys":false},"product_cat":[662,102],"product_tag":[],"aioseo_notices":[],"_links":{"self":[{"href":"https:\/\/apimat.ch\/de\/wp-json\/wp\/v2\/product\/41168"}],"collection":[{"href":"https:\/\/apimat.ch\/de\/wp-json\/wp\/v2\/product"}],"about":[{"href":"https:\/\/apimat.ch\/de\/wp-json\/wp\/v2\/types\/product"}],"wp:featuredmedia":[{"embeddable":true,"href":"https:\/\/apimat.ch\/de\/wp-json\/wp\/v2\/media\/41158"}],"wp:attachment":[{"href":"https:\/\/apimat.ch\/de\/wp-json\/wp\/v2\/media?parent=41168"}],"wp:term":[{"taxonomy":"product_cat","embeddable":true,"href":"https:\/\/apimat.ch\/de\/wp-json\/wp\/v2\/product_cat?post=41168"},{"taxonomy":"product_tag","embeddable":true,"href":"https:\/\/apimat.ch\/de\/wp-json\/wp\/v2\/product_tag?post=41168"}],"curies":[{"name":"wp","href":"https:\/\/api.w.org\/{rel}","templated":true}]}}