{"id":41214,"date":"2025-12-30T08:12:33","date_gmt":"2025-12-30T07:17:09","guid":{"rendered":"https:\/\/apimat.ch\/?post_type=product&#038;p=41214"},"modified":"2025-12-30T08:17:09","modified_gmt":"2025-12-30T07:17:09","slug":"abstandshalter-p-hive-mit-6-abstaenden-aus-kunststoff-fuer-bienenstockrahmen","status":"publish","type":"product","link":"https:\/\/apimat.ch\/de\/produit\/abstandshalter-p-hive-mit-6-abstaenden-aus-kunststoff-fuer-bienenstockrahmen\/","title":{"rendered":"Abstandshalter P-Hive mit 6 Abst\u00e4nden aus Kunststoff f\u00fcr Bienenstockrahmen"},"content":{"rendered":"<p>Abstandshalter P-Hive mit 6 Abst\u00e4nden aus Kunststoff f\u00fcr Bienenstockrahmen<\/p>\n<p>Abstandshalter P-Hive aus Kunststoff, entwickelt zur gleichm\u00e4\u00dfigen Abstandshaltung von 6 R\u00e4hmchen im Bienenstock. Er sorgt f\u00fcr eine regelm\u00e4\u00dfige Ausrichtung der R\u00e4hmchen, erleichtert die Arbeit des Imkers und tr\u00e4gt zu einer besseren Organisation des Bienenstocks bei. Robust, langlebig und einfach zu montieren, gew\u00e4hrleistet er einen konstanten und optimalen Abstand zwischen den R\u00e4hmchen.<\/p>\n<p class=\"p1\"><b>DIE PREISE SIND JE NACH MENGE DEGRESSIV.<\/b><\/p>\n<p class=\"p1\"><b>F\u00fcr weitere Informationen kontaktieren Sie mich bitte.<\/b><\/p>\n<p class=\"p2\"><span class=\"s1\"><a href=\"mailto:info@apimat.ch\"><b>info@apimat.ch<\/b><\/a><\/span><\/p>\n<p class=\"p1\"><b>Telefon: 076 213 80 33<\/b><\/p>\n","protected":false},"excerpt":{"rendered":"<p>Abstandshalter P-Hive mit 6 Abst\u00e4nden aus Kunststoff f\u00fcr Bienenstockrahmen Abstandshalter P-Hive aus Kunststoff, entwickelt zur gleichm\u00e4\u00dfigen Abstandshaltung von 6 R\u00e4hmchen im Bienenstock. Er sorgt f\u00fcr eine regelm\u00e4\u00dfige Ausrichtung der R\u00e4hmchen, erleichtert die Arbeit des Imkers und tr\u00e4gt zu einer besseren Organisation des Bienenstocks bei. Robust, langlebig und einfach zu montieren, gew\u00e4hrleistet er einen konstanten und [&hellip;]<\/p>\n","protected":false},"featured_media":41212,"template":"","meta":{"_uf_show_specific_survey":0,"_uf_disable_surveys":false},"product_cat":[662,378],"product_tag":[],"aioseo_notices":[],"_links":{"self":[{"href":"https:\/\/apimat.ch\/de\/wp-json\/wp\/v2\/product\/41214"}],"collection":[{"href":"https:\/\/apimat.ch\/de\/wp-json\/wp\/v2\/product"}],"about":[{"href":"https:\/\/apimat.ch\/de\/wp-json\/wp\/v2\/types\/product"}],"wp:featuredmedia":[{"embeddable":true,"href":"https:\/\/apimat.ch\/de\/wp-json\/wp\/v2\/media\/41212"}],"wp:attachment":[{"href":"https:\/\/apimat.ch\/de\/wp-json\/wp\/v2\/media?parent=41214"}],"wp:term":[{"taxonomy":"product_cat","embeddable":true,"href":"https:\/\/apimat.ch\/de\/wp-json\/wp\/v2\/product_cat?post=41214"},{"taxonomy":"product_tag","embeddable":true,"href":"https:\/\/apimat.ch\/de\/wp-json\/wp\/v2\/product_tag?post=41214"}],"curies":[{"name":"wp","href":"https:\/\/api.w.org\/{rel}","templated":true}]}}