{"id":41270,"date":"2025-12-30T17:04:58","date_gmt":"2025-12-30T16:16:17","guid":{"rendered":"https:\/\/apimat.ch\/?post_type=product&#038;p=41270"},"modified":"2025-12-30T17:16:18","modified_gmt":"2025-12-30T16:16:18","slug":"3d-anatomiemodell-der-arbeiterbiene-25-fach-vergroessert-abnehmbare-schnittdarstellung-und-innere-details","status":"publish","type":"product","link":"https:\/\/apimat.ch\/de\/produit\/3d-anatomiemodell-der-arbeiterbiene-25-fach-vergroessert-abnehmbare-schnittdarstellung-und-innere-details\/","title":{"rendered":"3D-Anatomiemodell der Arbeiterbiene, 25-fach vergr\u00f6\u00dfert \u2013 abnehmbare Schnittdarstellung und innere Details"},"content":{"rendered":"<p>3D-Anatomiemodell der Arbeiterbiene, 25-fach vergr\u00f6\u00dfert \u2013 abnehmbare Schnittdarstellung und innere Details<\/p>\n<p>Entdecken Sie unser detailliertes anatomisches Modell der Honigbiene, 25-fach vergr\u00f6\u00dfert, f\u00fcr eine pr\u00e4zise Darstellung der inneren Organe. Dieses dreiteilige Modell zeigt eine mediane Schnittdarstellung einer erwachsenen Biene (ca. 50 \u00d7 40 \u00d7 13 cm, Gewicht ca. 3,2 kg) mit abnehmbaren Elementen: Beine, Honigmagen mit herausnehmbarem Darm sowie sichtbarer Stachel mit Gift. Ein ideales Lehrmittel f\u00fcr das Studium der Anatomie der Biene.<\/p>\n<p class=\"p1\"><b>DIE PREISE SIND JE NACH MENGE DEGRESSIV.<\/b><\/p>\n<p class=\"p1\"><b>F\u00fcr weitere Informationen kontaktieren Sie mich bitte.<\/b><\/p>\n<p class=\"p2\"><span class=\"s1\"><a href=\"mailto:info@apimat.ch\"><b>info@apimat.ch<\/b><\/a><\/span><\/p>\n<p class=\"p1\"><b>Telefon: 076 213 80 33<\/b><\/p>\n","protected":false},"excerpt":{"rendered":"<p>3D-Anatomiemodell der Arbeiterbiene, 25-fach vergr\u00f6\u00dfert \u2013 abnehmbare Schnittdarstellung und innere Details Entdecken Sie unser detailliertes anatomisches Modell der Honigbiene, 25-fach vergr\u00f6\u00dfert, f\u00fcr eine pr\u00e4zise Darstellung der inneren Organe. Dieses dreiteilige Modell zeigt eine mediane Schnittdarstellung einer erwachsenen Biene (ca. 50 \u00d7 40 \u00d7 13 cm, Gewicht ca. 3,2 kg) mit abnehmbaren Elementen: Beine, Honigmagen mit [&hellip;]<\/p>\n","protected":false},"featured_media":41269,"template":"","meta":{"_uf_show_specific_survey":0,"_uf_disable_surveys":false},"product_cat":[662,104],"product_tag":[],"aioseo_notices":[],"_links":{"self":[{"href":"https:\/\/apimat.ch\/de\/wp-json\/wp\/v2\/product\/41270"}],"collection":[{"href":"https:\/\/apimat.ch\/de\/wp-json\/wp\/v2\/product"}],"about":[{"href":"https:\/\/apimat.ch\/de\/wp-json\/wp\/v2\/types\/product"}],"wp:featuredmedia":[{"embeddable":true,"href":"https:\/\/apimat.ch\/de\/wp-json\/wp\/v2\/media\/41269"}],"wp:attachment":[{"href":"https:\/\/apimat.ch\/de\/wp-json\/wp\/v2\/media?parent=41270"}],"wp:term":[{"taxonomy":"product_cat","embeddable":true,"href":"https:\/\/apimat.ch\/de\/wp-json\/wp\/v2\/product_cat?post=41270"},{"taxonomy":"product_tag","embeddable":true,"href":"https:\/\/apimat.ch\/de\/wp-json\/wp\/v2\/product_tag?post=41270"}],"curies":[{"name":"wp","href":"https:\/\/api.w.org\/{rel}","templated":true}]}}