{"id":41330,"date":"2026-01-03T14:39:54","date_gmt":"2026-01-03T13:39:54","guid":{"rendered":"https:\/\/apimat.ch\/?post_type=product&#038;p=41330"},"modified":"2026-01-03T15:20:41","modified_gmt":"2026-01-03T14:20:41","slug":"zander-raehmchen-mit-edelstahldraht-gedrahtet","status":"publish","type":"product","link":"https:\/\/apimat.ch\/de\/produit\/zander-raehmchen-mit-edelstahldraht-gedrahtet\/","title":{"rendered":"Zander-R\u00e4hmchen \u2013 mit Edelstahldraht gedrahtet"},"content":{"rendered":"<p>Zander-R\u00e4hmchen \u2013 mit Edelstahldraht gedrahtet<\/p>\n<p data-start=\"35\" data-end=\"183\">Rahmen aus Lindenholz (Linde) aus zertifizierten Schweizer W\u00e4ldern, bekannt f\u00fcr sein geringes Gewicht, seine Stabilit\u00e4t und seine Langlebigkeit.<\/p>\n<p data-start=\"185\" data-end=\"224\">L\u00e4nge: 477 mm<br data-start=\"202\" data-end=\"205\" \/>Gesamth\u00f6he: 220 mm<\/p>\n<p data-start=\"226\" data-end=\"311\" data-is-last-node=\"\" data-is-only-node=\"\">Material: Linde<br data-start=\"245\" data-end=\"248\" \/>Herkunft: Schweiz<br data-start=\"269\" data-end=\"272\" data-is-only-node=\"\" \/>Zertifizierung: Label Schweizerholz<\/p>\n<p><strong>DIE PREISE SIND JE NACH MENGE DEGRESSIV.<\/strong><\/p>\n<p><strong>F\u00fcr weitere Informationen kontaktieren Sie mich bitte.<\/strong><\/p>\n<p><a href=\"mailto:info@apimat.ch\"><strong>info@apimat.ch<\/strong><\/a><\/p>\n<p><strong>Telefon: 076 213 80 33<\/strong><\/p>\n<p>&nbsp;<\/p>\n","protected":false},"excerpt":{"rendered":"<p>Zander-R\u00e4hmchen \u2013 mit Edelstahldraht gedrahtet Rahmen aus Lindenholz (Linde) aus zertifizierten Schweizer W\u00e4ldern, bekannt f\u00fcr sein geringes Gewicht, seine Stabilit\u00e4t und seine Langlebigkeit. L\u00e4nge: 477 mmGesamth\u00f6he: 220 mm Material: LindeHerkunft: SchweizZertifizierung: Label Schweizerholz DIE PREISE SIND JE NACH MENGE DEGRESSIV. F\u00fcr weitere Informationen kontaktieren Sie mich bitte. info@apimat.ch Telefon: 076 213 80 33 &nbsp;<\/p>\n","protected":false},"featured_media":41332,"template":"","meta":{"_uf_show_specific_survey":0,"_uf_disable_surveys":false},"product_cat":[662,1060,103],"product_tag":[],"aioseo_notices":[],"_links":{"self":[{"href":"https:\/\/apimat.ch\/de\/wp-json\/wp\/v2\/product\/41330"}],"collection":[{"href":"https:\/\/apimat.ch\/de\/wp-json\/wp\/v2\/product"}],"about":[{"href":"https:\/\/apimat.ch\/de\/wp-json\/wp\/v2\/types\/product"}],"wp:featuredmedia":[{"embeddable":true,"href":"https:\/\/apimat.ch\/de\/wp-json\/wp\/v2\/media\/41332"}],"wp:attachment":[{"href":"https:\/\/apimat.ch\/de\/wp-json\/wp\/v2\/media?parent=41330"}],"wp:term":[{"taxonomy":"product_cat","embeddable":true,"href":"https:\/\/apimat.ch\/de\/wp-json\/wp\/v2\/product_cat?post=41330"},{"taxonomy":"product_tag","embeddable":true,"href":"https:\/\/apimat.ch\/de\/wp-json\/wp\/v2\/product_tag?post=41330"}],"curies":[{"name":"wp","href":"https:\/\/api.w.org\/{rel}","templated":true}]}}