{"id":41378,"date":"2026-01-05T08:57:40","date_gmt":"2026-01-05T07:57:41","guid":{"rendered":"https:\/\/apimat.ch\/?post_type=product&#038;p=41378"},"modified":"2026-01-05T09:02:44","modified_gmt":"2026-01-05T08:02:44","slug":"dadant-us-honigraumraehmchen-horizontal-mit-edelstahl-gedrahtet-hoffmann","status":"publish","type":"product","link":"https:\/\/apimat.ch\/de\/produit\/dadant-us-honigraumraehmchen-horizontal-mit-edelstahl-gedrahtet-hoffmann\/","title":{"rendered":"Dadant US Honigraumr\u00e4hmchen \u2013 horizontal mit Edelstahl gedrahtet -Hoffmann"},"content":{"rendered":"<p>Dadant US Honigraumr\u00e4hmchen \u2013 horizontal mit Edelstahl gedrahtet -Hoffmann<\/p>\n<p data-start=\"105\" data-end=\"251\">R\u00e4hmchen aus Lindenholz (Linde) aus zertifizierten Schweizer W\u00e4ldern, bekannt f\u00fcr sein geringes Gewicht, seine Stabilit\u00e4t und seine Langlebigkeit.<\/p>\n<p data-start=\"253\" data-end=\"289\">L\u00e4nge: 482 mm<br data-start=\"266\" data-end=\"269\" \/>Gesamth\u00f6he: 159 mm<\/p>\n<p data-start=\"291\" data-end=\"364\" data-is-last-node=\"\" data-is-only-node=\"\">Material: Linde<br data-start=\"306\" data-end=\"309\" \/>Herkunft: Schweiz<br data-start=\"326\" data-end=\"329\" \/>Zertifizierung: Label Schweizerholz<\/p>\n<p><strong>DEGRESSIVE PREISE JE NACH MENGE.<\/strong><\/p>\n<p><strong>F\u00fcr weitere Informationen kontaktieren Sie mich bitte.<\/strong><\/p>\n<p><a href=\"mailto:info@apimat.ch\"><strong>info@apimat.ch<\/strong><\/a><\/p>\n<p><strong>Telefon: 076 213 80 33<\/strong><\/p>\n","protected":false},"excerpt":{"rendered":"<p>Dadant US Honigraumr\u00e4hmchen \u2013 horizontal mit Edelstahl gedrahtet -Hoffmann R\u00e4hmchen aus Lindenholz (Linde) aus zertifizierten Schweizer W\u00e4ldern, bekannt f\u00fcr sein geringes Gewicht, seine Stabilit\u00e4t und seine Langlebigkeit. L\u00e4nge: 482 mmGesamth\u00f6he: 159 mm Material: LindeHerkunft: SchweizZertifizierung: Label Schweizerholz DEGRESSIVE PREISE JE NACH MENGE. F\u00fcr weitere Informationen kontaktieren Sie mich bitte. info@apimat.ch Telefon: 076 213 80 33<\/p>\n","protected":false},"featured_media":28714,"template":"","meta":{"_uf_show_specific_survey":0,"_uf_disable_surveys":false},"product_cat":[662,1060,103],"product_tag":[],"aioseo_notices":[],"_links":{"self":[{"href":"https:\/\/apimat.ch\/de\/wp-json\/wp\/v2\/product\/41378"}],"collection":[{"href":"https:\/\/apimat.ch\/de\/wp-json\/wp\/v2\/product"}],"about":[{"href":"https:\/\/apimat.ch\/de\/wp-json\/wp\/v2\/types\/product"}],"wp:featuredmedia":[{"embeddable":true,"href":"https:\/\/apimat.ch\/de\/wp-json\/wp\/v2\/media\/28714"}],"wp:attachment":[{"href":"https:\/\/apimat.ch\/de\/wp-json\/wp\/v2\/media?parent=41378"}],"wp:term":[{"taxonomy":"product_cat","embeddable":true,"href":"https:\/\/apimat.ch\/de\/wp-json\/wp\/v2\/product_cat?post=41378"},{"taxonomy":"product_tag","embeddable":true,"href":"https:\/\/apimat.ch\/de\/wp-json\/wp\/v2\/product_tag?post=41378"}],"curies":[{"name":"wp","href":"https:\/\/api.w.org\/{rel}","templated":true}]}}