{"id":41472,"date":"2026-01-09T08:39:31","date_gmt":"2026-01-09T07:56:32","guid":{"rendered":"https:\/\/apimat.ch\/?post_type=product&#038;p=41472"},"modified":"2026-01-09T09:04:59","modified_gmt":"2026-01-09T08:04:59","slug":"holz-trennschied-zur-brutraumanpassung-zander-beute","status":"publish","type":"product","link":"https:\/\/apimat.ch\/de\/produit\/holz-trennschied-zur-brutraumanpassung-zander-beute\/","title":{"rendered":"Holz-Trennschied zur Brutraumanpassung \u2013 Zander-Beute"},"content":{"rendered":"<p>Holz-Trennschied zur Brutraumanpassung \u2013 Zander-Beute<\/p>\n<p>Holz-Trennbrett im Ma\u00df eines Zander-R\u00e4hmchens zur Reduzierung des Innenraums der Beute.<\/p>\n<p class=\"p1\"><b>DIE PREISE SIND JE NACH MENGE DEGRESSIV.<\/b><\/p>\n<p class=\"p1\"><b>F\u00fcr weitere Informationen kontaktieren Sie mich bitte.<\/b><\/p>\n<p class=\"p2\"><span class=\"s1\"><a href=\"mailto:info@apimat.ch\"><b>info@apimat.ch<\/b><\/a><\/span><\/p>\n<p class=\"p1\"><b>Telefon: 076 213 80 33<\/b><\/p>\n","protected":false},"excerpt":{"rendered":"<p>Holz-Trennschied zur Brutraumanpassung \u2013 Zander-Beute Holz-Trennbrett im Ma\u00df eines Zander-R\u00e4hmchens zur Reduzierung des Innenraums der Beute. DIE PREISE SIND JE NACH MENGE DEGRESSIV. F\u00fcr weitere Informationen kontaktieren Sie mich bitte. info@apimat.ch Telefon: 076 213 80 33<\/p>\n","protected":false},"featured_media":41453,"template":"","meta":{"_uf_show_specific_survey":0,"_uf_disable_surveys":false},"product_cat":[662,102],"product_tag":[],"aioseo_notices":[],"_links":{"self":[{"href":"https:\/\/apimat.ch\/de\/wp-json\/wp\/v2\/product\/41472"}],"collection":[{"href":"https:\/\/apimat.ch\/de\/wp-json\/wp\/v2\/product"}],"about":[{"href":"https:\/\/apimat.ch\/de\/wp-json\/wp\/v2\/types\/product"}],"wp:featuredmedia":[{"embeddable":true,"href":"https:\/\/apimat.ch\/de\/wp-json\/wp\/v2\/media\/41453"}],"wp:attachment":[{"href":"https:\/\/apimat.ch\/de\/wp-json\/wp\/v2\/media?parent=41472"}],"wp:term":[{"taxonomy":"product_cat","embeddable":true,"href":"https:\/\/apimat.ch\/de\/wp-json\/wp\/v2\/product_cat?post=41472"},{"taxonomy":"product_tag","embeddable":true,"href":"https:\/\/apimat.ch\/de\/wp-json\/wp\/v2\/product_tag?post=41472"}],"curies":[{"name":"wp","href":"https:\/\/api.w.org\/{rel}","templated":true}]}}