{"id":41494,"date":"2026-01-09T13:20:17","date_gmt":"2026-01-09T12:22:30","guid":{"rendered":"https:\/\/apimat.ch\/?post_type=product&#038;p=41494"},"modified":"2026-01-09T13:24:01","modified_gmt":"2026-01-09T12:24:01","slug":"dadant-1-2-honigraum-aus-polystyrol-lyson-version-16-cm-lackiert-apimat","status":"publish","type":"product","link":"https:\/\/apimat.ch\/de\/produit\/dadant-1-2-honigraum-aus-polystyrol-lyson-version-16-cm-lackiert-apimat\/","title":{"rendered":"Dadant 1\/2 Honigraum aus Polystyrol Lyson \u2013 Version 16 cm \u2013 Lackiert \u2013 Apimat"},"content":{"rendered":"<p>Dadant 1\/2 Honigraum aus Polystyrol Lyson \u2013 Version 16 cm \u2013 Lackiert \u2013 Apimat<\/p>\n<p data-start=\"32\" data-end=\"360\">Der <strong data-start=\"36\" data-end=\"94\">Dadant 1\/2 Honigraum aus Polystyrol von Lyson (Apimat)<\/strong> ist eine leichte, robuste und hervorragend isolierende L\u00f6sung f\u00fcr die Honigernte. Hergestellt aus hochwertigem Polystyrol bietet er eine ausgezeichnete W\u00e4rmed\u00e4mmung, die die gesunde Entwicklung des Bienenvolkes f\u00f6rdert und eine optimale Honigproduktion unterst\u00fctzt.<\/p>\n<p data-start=\"362\" data-end=\"623\">Die <strong data-start=\"366\" data-end=\"383\">16-cm-Version<\/strong> ist perfekt f\u00fcr Halbzargen im Dadant-System geeignet. Die lackierte Oberfl\u00e4che bietet zus\u00e4tzlichen Schutz vor Witterungseinfl\u00fcssen und verl\u00e4ngert die Lebensdauer des Materials. Die gr\u00fcne Farbe erleichtert zudem die Orientierung der Bienen.<\/p>\n<p data-start=\"625\" data-end=\"787\">Dank seines geringen Gewichts von nur <strong data-start=\"663\" data-end=\"674\">1,58 kg<\/strong> ist dieser Honigraum auch im gef\u00fcllten Zustand leicht zu handhaben und verbessert den Arbeitskomfort des Imkers.<\/p>\n<p data-start=\"789\" data-end=\"811\"><strong data-start=\"789\" data-end=\"811\">Technische Daten :<\/strong><\/p>\n<ul data-start=\"812\" data-end=\"1036\">\n<li data-start=\"812\" data-end=\"841\">\n<p data-start=\"814\" data-end=\"841\">Typ: Dadant 1\/2 Honigraum<\/p>\n<\/li>\n<li data-start=\"842\" data-end=\"866\">\n<p data-start=\"844\" data-end=\"866\">Material: Polystyrol<\/p>\n<\/li>\n<li data-start=\"867\" data-end=\"897\">\n<p data-start=\"869\" data-end=\"897\">Version: 16 cm (Version B)<\/p>\n<\/li>\n<li data-start=\"898\" data-end=\"923\">\n<p data-start=\"900\" data-end=\"923\">Farbe: Gr\u00fcn, lackiert<\/p>\n<\/li>\n<li data-start=\"924\" data-end=\"969\">\n<p data-start=\"926\" data-end=\"969\">Au\u00dfenma\u00dfe (L \u00d7 B \u00d7 H): 445 \u00d7 520 \u00d7 170 mm<\/p>\n<\/li>\n<li data-start=\"970\" data-end=\"1015\">\n<p data-start=\"972\" data-end=\"1015\">Innenma\u00dfe (L \u00d7 B \u00d7 H): 377 \u00d7 448 \u00d7 160 mm<\/p>\n<\/li>\n<li data-start=\"1016\" data-end=\"1036\">\n<p data-start=\"1018\" data-end=\"1036\">Gewicht: 1,58 kg<\/p>\n<\/li>\n<\/ul>\n<p class=\"p1\"><b>DIE PREISE SIND JE NACH MENGE DEGRESSIV.<\/b><\/p>\n<p class=\"p1\"><b>F\u00fcr weitere Informationen kontaktieren Sie mich bitte.<\/b><\/p>\n<p class=\"p2\"><span class=\"s1\"><a href=\"mailto:info@apimat.ch\"><b>info@apimat.ch<\/b><\/a><\/span><\/p>\n<p class=\"p1\"><b>Telefon: 076 213 80 33<\/b><\/p>\n","protected":false},"excerpt":{"rendered":"<p>Dadant 1\/2 Honigraum aus Polystyrol Lyson \u2013 Version 16 cm \u2013 Lackiert \u2013 Apimat Der Dadant 1\/2 Honigraum aus Polystyrol von Lyson (Apimat) ist eine leichte, robuste und hervorragend isolierende L\u00f6sung f\u00fcr die Honigernte. Hergestellt aus hochwertigem Polystyrol bietet er eine ausgezeichnete W\u00e4rmed\u00e4mmung, die die gesunde Entwicklung des Bienenvolkes f\u00f6rdert und eine optimale Honigproduktion unterst\u00fctzt. [&hellip;]<\/p>\n","protected":false},"featured_media":41492,"template":"","meta":{"_uf_show_specific_survey":0,"_uf_disable_surveys":false},"product_cat":[662,102],"product_tag":[],"aioseo_notices":[],"_links":{"self":[{"href":"https:\/\/apimat.ch\/de\/wp-json\/wp\/v2\/product\/41494"}],"collection":[{"href":"https:\/\/apimat.ch\/de\/wp-json\/wp\/v2\/product"}],"about":[{"href":"https:\/\/apimat.ch\/de\/wp-json\/wp\/v2\/types\/product"}],"wp:featuredmedia":[{"embeddable":true,"href":"https:\/\/apimat.ch\/de\/wp-json\/wp\/v2\/media\/41492"}],"wp:attachment":[{"href":"https:\/\/apimat.ch\/de\/wp-json\/wp\/v2\/media?parent=41494"}],"wp:term":[{"taxonomy":"product_cat","embeddable":true,"href":"https:\/\/apimat.ch\/de\/wp-json\/wp\/v2\/product_cat?post=41494"},{"taxonomy":"product_tag","embeddable":true,"href":"https:\/\/apimat.ch\/de\/wp-json\/wp\/v2\/product_tag?post=41494"}],"curies":[{"name":"wp","href":"https:\/\/api.w.org\/{rel}","templated":true}]}}