{"id":41577,"date":"2026-01-19T09:20:01","date_gmt":"2026-01-19T08:20:02","guid":{"rendered":"https:\/\/apimat.ch\/?post_type=product&#038;p=41577"},"modified":"2026-01-19T09:46:02","modified_gmt":"2026-01-19T08:46:02","slug":"runder-plastikeimer-in-lebensmittelqualitaet-mit-einem-fassungsvermoegen-von-14-kg","status":"publish","type":"product","link":"https:\/\/apimat.ch\/de\/produit\/runder-plastikeimer-in-lebensmittelqualitaet-mit-einem-fassungsvermoegen-von-14-kg\/","title":{"rendered":"Runder Plastikeimer in Lebensmittelqualit\u00e4t mit einem Fassungsverm\u00f6gen von 14 kg &#8211; SWISS MADE"},"content":{"rendered":"<p>Runder Plastikeimer in Lebensmittelqualit\u00e4t mit einem Fassungsverm\u00f6gen von 14 kg &#8211; H\u00f6he 25 cm.<\/p>\n<p><strong>DEGRESSIVE PREISE JE NACH MENGE.<\/strong><\/p>\n<p><strong>F\u00fcr weitere Informationen kontaktieren Sie mich bitte.<\/strong><\/p>\n<p><a href=\"mailto:info@apimat.ch\"><strong>info@apimat.ch<\/strong><\/a><\/p>\n<p><strong>Telefon: 076 213 80 33<\/strong><\/p>\n<p>&nbsp;<\/p>\n","protected":false},"excerpt":{"rendered":"<p>Runder Plastikeimer in Lebensmittelqualit\u00e4t mit einem Fassungsverm\u00f6gen von 14 kg &#8211; H\u00f6he 25 cm. DEGRESSIVE PREISE JE NACH MENGE. F\u00fcr weitere Informationen kontaktieren Sie mich bitte. info@apimat.ch Telefon: 076 213 80 33 &nbsp;<\/p>\n","protected":false},"featured_media":42056,"template":"","meta":{"_uf_show_specific_survey":0,"_uf_disable_surveys":false},"product_cat":[662,108,1060],"product_tag":[],"aioseo_notices":[],"_links":{"self":[{"href":"https:\/\/apimat.ch\/de\/wp-json\/wp\/v2\/product\/41577"}],"collection":[{"href":"https:\/\/apimat.ch\/de\/wp-json\/wp\/v2\/product"}],"about":[{"href":"https:\/\/apimat.ch\/de\/wp-json\/wp\/v2\/types\/product"}],"wp:featuredmedia":[{"embeddable":true,"href":"https:\/\/apimat.ch\/de\/wp-json\/wp\/v2\/media\/42056"}],"wp:attachment":[{"href":"https:\/\/apimat.ch\/de\/wp-json\/wp\/v2\/media?parent=41577"}],"wp:term":[{"taxonomy":"product_cat","embeddable":true,"href":"https:\/\/apimat.ch\/de\/wp-json\/wp\/v2\/product_cat?post=41577"},{"taxonomy":"product_tag","embeddable":true,"href":"https:\/\/apimat.ch\/de\/wp-json\/wp\/v2\/product_tag?post=41577"}],"curies":[{"name":"wp","href":"https:\/\/api.w.org\/{rel}","templated":true}]}}