{"id":41658,"date":"2026-01-26T14:56:59","date_gmt":"2026-01-26T14:32:50","guid":{"rendered":"https:\/\/apimat.ch\/?post_type=product&#038;p=41658"},"modified":"2026-01-26T15:32:50","modified_gmt":"2026-01-26T14:32:50","slug":"anel-vapor-pads-sichere-verdampfungspads-fuer-die-imkerei","status":"publish","type":"product","link":"https:\/\/apimat.ch\/de\/produit\/anel-vapor-pads-sichere-verdampfungspads-fuer-die-imkerei\/","title":{"rendered":"Anel Vapor Pads \u2013 sichere Verdampfungspads f\u00fcr die Imkerei"},"content":{"rendered":"<p>Anel Vapor Pads \u2013 sichere Verdampfungspads f\u00fcr die Imkerei<\/p>\n<p data-start=\"37\" data-end=\"276\">Die Anel Vapor Pads sind mit Substanzen auf Basis \u00e4therischer \u00d6le getr\u00e4nkt, die seit Jahrzehnten in verschiedenen Formen in der Imkerei verwendet werden. Sie enthalten L\u00f6schmittel, die die Entstehung und Ausbreitung von Flammen verhindern.<\/p>\n<p data-start=\"278\" data-end=\"479\">Bei sachgem\u00e4\u00dfer Anwendung entsprechend der Gebrauchsanweisung des Smokes bieten die Anel Vapor Pads eine sichere Handhabung und verringern das Brandrisiko im Vergleich zu herk\u00f6mmlichen Smokes deutlich.<\/p>\n<p data-start=\"481\" data-end=\"698\" data-is-last-node=\"\" data-is-only-node=\"\">Auch bei Verwendung klassischer R\u00e4uchermaterialien (Kiefernnadeln, Tabak usw.) verbessert deren Verbrennung in einem vollst\u00e4ndig geschlossenen Umfeld die Sicherheit gegen\u00fcber traditionellen offenen Systemen erheblich.<\/p>\n<p class=\"p1\"><b>DIE PREISE SIND JE NACH MENGE DEGRESSIV.<\/b><\/p>\n<p class=\"p1\"><b>F\u00fcr weitere Informationen kontaktieren Sie mich bitte.<\/b><\/p>\n<p class=\"p2\"><span class=\"s1\"><a href=\"mailto:info@apimat.ch\"><b>info@apimat.ch<\/b><\/a><\/span><\/p>\n<p class=\"p1\"><b>Telefon: 076 213 80 33<\/b><\/p>\n","protected":false},"excerpt":{"rendered":"<p>Anel Vapor Pads \u2013 sichere Verdampfungspads f\u00fcr die Imkerei Die Anel Vapor Pads sind mit Substanzen auf Basis \u00e4therischer \u00d6le getr\u00e4nkt, die seit Jahrzehnten in verschiedenen Formen in der Imkerei verwendet werden. Sie enthalten L\u00f6schmittel, die die Entstehung und Ausbreitung von Flammen verhindern. Bei sachgem\u00e4\u00dfer Anwendung entsprechend der Gebrauchsanweisung des Smokes bieten die Anel Vapor [&hellip;]<\/p>\n","protected":false},"featured_media":41652,"template":"","meta":{"_uf_show_specific_survey":0,"_uf_disable_surveys":false},"product_cat":[662,406],"product_tag":[],"aioseo_notices":[],"_links":{"self":[{"href":"https:\/\/apimat.ch\/de\/wp-json\/wp\/v2\/product\/41658"}],"collection":[{"href":"https:\/\/apimat.ch\/de\/wp-json\/wp\/v2\/product"}],"about":[{"href":"https:\/\/apimat.ch\/de\/wp-json\/wp\/v2\/types\/product"}],"wp:featuredmedia":[{"embeddable":true,"href":"https:\/\/apimat.ch\/de\/wp-json\/wp\/v2\/media\/41652"}],"wp:attachment":[{"href":"https:\/\/apimat.ch\/de\/wp-json\/wp\/v2\/media?parent=41658"}],"wp:term":[{"taxonomy":"product_cat","embeddable":true,"href":"https:\/\/apimat.ch\/de\/wp-json\/wp\/v2\/product_cat?post=41658"},{"taxonomy":"product_tag","embeddable":true,"href":"https:\/\/apimat.ch\/de\/wp-json\/wp\/v2\/product_tag?post=41658"}],"curies":[{"name":"wp","href":"https:\/\/api.w.org\/{rel}","templated":true}]}}