{"id":41676,"date":"2026-01-27T13:04:17","date_gmt":"2026-01-27T12:09:45","guid":{"rendered":"https:\/\/apimat.ch\/?post_type=product&#038;p=41676"},"modified":"2026-01-27T13:09:46","modified_gmt":"2026-01-27T12:09:46","slug":"flexible-silikonduese-fuer-honig-abfuellmaschinen","status":"publish","type":"product","link":"https:\/\/apimat.ch\/de\/produit\/flexible-silikonduese-fuer-honig-abfuellmaschinen\/","title":{"rendered":"Flexible Silikond\u00fcse f\u00fcr Honig-Abf\u00fcllmaschinen"},"content":{"rendered":"<p>Flexible Silikond\u00fcse f\u00fcr Honig-Abf\u00fcllmaschinen<\/p>\n<p>Kompatibel mit der 5. und 6. Generation<\/p>\n<p class=\"p2\"><b>DIE PREISE SIND JE NACH MENGE DEGRESSIV.<\/b><\/p>\n<p class=\"p2\"><b>F\u00fcr weitere Informationen kontaktieren Sie mich bitte.<\/b><\/p>\n<p class=\"p3\"><span class=\"s1\"><a href=\"mailto:info@apimat.ch\"><b>info@apimat.ch<\/b><\/a><\/span><\/p>\n<p class=\"p2\"><b>Telefon: 076 213 80 33<\/b><\/p>\n","protected":false},"excerpt":{"rendered":"<p>Flexible Silikond\u00fcse f\u00fcr Honig-Abf\u00fcllmaschinen Kompatibel mit der 5. und 6. Generation DIE PREISE SIND JE NACH MENGE DEGRESSIV. F\u00fcr weitere Informationen kontaktieren Sie mich bitte. info@apimat.ch Telefon: 076 213 80 33<\/p>\n","protected":false},"featured_media":41670,"template":"","meta":{"_uf_show_specific_survey":0,"_uf_disable_surveys":false},"product_cat":[662,108,384,106],"product_tag":[],"aioseo_notices":[],"_links":{"self":[{"href":"https:\/\/apimat.ch\/de\/wp-json\/wp\/v2\/product\/41676"}],"collection":[{"href":"https:\/\/apimat.ch\/de\/wp-json\/wp\/v2\/product"}],"about":[{"href":"https:\/\/apimat.ch\/de\/wp-json\/wp\/v2\/types\/product"}],"wp:featuredmedia":[{"embeddable":true,"href":"https:\/\/apimat.ch\/de\/wp-json\/wp\/v2\/media\/41670"}],"wp:attachment":[{"href":"https:\/\/apimat.ch\/de\/wp-json\/wp\/v2\/media?parent=41676"}],"wp:term":[{"taxonomy":"product_cat","embeddable":true,"href":"https:\/\/apimat.ch\/de\/wp-json\/wp\/v2\/product_cat?post=41676"},{"taxonomy":"product_tag","embeddable":true,"href":"https:\/\/apimat.ch\/de\/wp-json\/wp\/v2\/product_tag?post=41676"}],"curies":[{"name":"wp","href":"https:\/\/api.w.org\/{rel}","templated":true}]}}