{"id":41687,"date":"2026-01-27T13:32:00","date_gmt":"2026-01-27T12:34:47","guid":{"rendered":"https:\/\/apimat.ch\/?post_type=product&#038;p=41687"},"modified":"2026-01-27T13:34:47","modified_gmt":"2026-01-27T12:34:47","slug":"markiergitter-fuer-das-festsetzen-und-freilassen-der-koenigin-hygienisches-modell-aus-kunststoff","status":"publish","type":"product","link":"https:\/\/apimat.ch\/de\/produit\/markiergitter-fuer-das-festsetzen-und-freilassen-der-koenigin-hygienisches-modell-aus-kunststoff\/","title":{"rendered":"Markiergitter f\u00fcr das Festsetzen und Freilassen der K\u00f6nigin \u2013 Hygienisches Modell aus Kunststoff"},"content":{"rendered":"<p>Markiergitter f\u00fcr das Festsetzen und Freilassen der K\u00f6nigin \u2013 Hygienisches Modell aus Kunststoff<\/p>\n<p data-start=\"142\" data-end=\"623\">Dieses Markiergitter, ein bew\u00e4hrtes und modernisiertes Modell aus hygienischem Kunststoff, erm\u00f6glicht es, die K\u00f6nigin auf der einen Seite zu fixieren, um sie zu zeichnen oder zu markieren, w\u00e4hrend sie auf der anderen Seite freigelassen wird, w\u00e4hrend Farbe oder Kleber trocknen. Ausgestattet mit einem Schaumstoffpolster f\u00fcr eine schonende Fixierung, ist es kompakt (73 \u00d7 52 \u00d7 18 mm) und leicht (10 g). Wird in einem wiederverschlie\u00dfbaren Beutel f\u00fcr optimale Aufbewahrung geliefert.<\/p>\n<p class=\"p1\"><b>DIE PREISE SIND JE NACH MENGE DEGRESSIV.<\/b><\/p>\n<p class=\"p1\"><b>F\u00fcr weitere Informationen kontaktieren Sie mich bitte.<\/b><\/p>\n<p class=\"p2\"><span class=\"s1\"><a href=\"mailto:info@apimat.ch\"><b>info@apimat.ch<\/b><\/a><\/span><\/p>\n<p class=\"p1\"><b>Telefon: 076 213 80 33<\/b><\/p>\n","protected":false},"excerpt":{"rendered":"<p>Markiergitter f\u00fcr das Festsetzen und Freilassen der K\u00f6nigin \u2013 Hygienisches Modell aus Kunststoff Dieses Markiergitter, ein bew\u00e4hrtes und modernisiertes Modell aus hygienischem Kunststoff, erm\u00f6glicht es, die K\u00f6nigin auf der einen Seite zu fixieren, um sie zu zeichnen oder zu markieren, w\u00e4hrend sie auf der anderen Seite freigelassen wird, w\u00e4hrend Farbe oder Kleber trocknen. Ausgestattet mit [&hellip;]<\/p>\n","protected":false},"featured_media":41683,"template":"","meta":{"_uf_show_specific_survey":0,"_uf_disable_surveys":false},"product_cat":[662,95],"product_tag":[],"aioseo_notices":[],"_links":{"self":[{"href":"https:\/\/apimat.ch\/de\/wp-json\/wp\/v2\/product\/41687"}],"collection":[{"href":"https:\/\/apimat.ch\/de\/wp-json\/wp\/v2\/product"}],"about":[{"href":"https:\/\/apimat.ch\/de\/wp-json\/wp\/v2\/types\/product"}],"wp:featuredmedia":[{"embeddable":true,"href":"https:\/\/apimat.ch\/de\/wp-json\/wp\/v2\/media\/41683"}],"wp:attachment":[{"href":"https:\/\/apimat.ch\/de\/wp-json\/wp\/v2\/media?parent=41687"}],"wp:term":[{"taxonomy":"product_cat","embeddable":true,"href":"https:\/\/apimat.ch\/de\/wp-json\/wp\/v2\/product_cat?post=41687"},{"taxonomy":"product_tag","embeddable":true,"href":"https:\/\/apimat.ch\/de\/wp-json\/wp\/v2\/product_tag?post=41687"}],"curies":[{"name":"wp","href":"https:\/\/api.w.org\/{rel}","templated":true}]}}