{"id":41714,"date":"2026-01-27T16:59:00","date_gmt":"2026-01-27T16:17:33","guid":{"rendered":"https:\/\/apimat.ch\/?post_type=product&#038;p=41714"},"modified":"2026-01-27T17:17:34","modified_gmt":"2026-01-27T16:17:34","slug":"uv-falle-fuer-asiatische-hornissen-selektive-uv-technologie-mit-hoher-sichtbarkeit","status":"publish","type":"product","link":"https:\/\/apimat.ch\/de\/produit\/uv-falle-fuer-asiatische-hornissen-selektive-uv-technologie-mit-hoher-sichtbarkeit\/","title":{"rendered":"UV-Falle f\u00fcr Asiatische Hornissen \u2013 Selektive UV-Technologie mit hoher Sichtbarkeit"},"content":{"rendered":"<p>UV-Falle f\u00fcr Asiatische Hornissen \u2013 Selektive UV-Technologie mit hoher Sichtbarkeit<\/p>\n<p>Die Ornetin UV-Falle ist eine innovative und selektive L\u00f6sung zur Bek\u00e4mpfung der Asiatischen Hornisse (<em data-start=\"140\" data-end=\"156\">Vespa velutina<\/em>). Dank ihrer UV-reflektierenden Oberfl\u00e4che, die f\u00fcr den Menschen unsichtbar, f\u00fcr Hornissen jedoch gut sichtbar ist, wird die Falle aus gr\u00f6\u00dferer Entfernung erkannt \u2013 insbesondere von gr\u00fcndenden K\u00f6niginnen im Fr\u00fchjahr.<\/p>\n<p><img loading=\"lazy\" decoding=\"async\" class=\"alignnone size-full wp-image-41713\" src=\"https:\/\/apimat.ch\/wp-content\/uploads\/2026\/01\/Capture-decran-2026-01-27-a-17.11.18.png\" alt=\"\" width=\"502\" height=\"560\" srcset=\"https:\/\/apimat.ch\/wp-content\/uploads\/2026\/01\/Capture-decran-2026-01-27-a-17.11.18.png 502w, https:\/\/apimat.ch\/wp-content\/uploads\/2026\/01\/Capture-decran-2026-01-27-a-17.11.18-269x300.png 269w, https:\/\/apimat.ch\/wp-content\/uploads\/2026\/01\/Capture-decran-2026-01-27-a-17.11.18-450x502.png 450w\" sizes=\"(max-width: 502px) 100vw, 502px\" \/><\/p>\n<p>Ausgestattet mit austauschbaren Eintritts\u00f6ffnungen f\u00fcr ein gezieltes Fangen (K\u00f6niginnen oder Arbeiterinnen) begrenzt Ornetin UV die Auswirkungen auf andere Insekten.<br data-start=\"202\" data-end=\"205\" \/>Entwickelt im B\u00e9arn und hergestellt im Baskenland vereint er Leistung, Langlebigkeit und lokales Engagement.<\/p>\n<p class=\"p1\"><b>DIE PREISE SIND JE NACH MENGE DEGRESSIV.<\/b><\/p>\n<p class=\"p1\"><b>F\u00fcr weitere Informationen kontaktieren Sie mich bitte.<\/b><\/p>\n<p class=\"p2\"><span class=\"s1\"><a href=\"mailto:info@apimat.ch\"><b>info@apimat.ch<\/b><\/a><\/span><\/p>\n<p class=\"p1\"><b>Telefon: 076 213 80 33<\/b><\/p>\n","protected":false},"excerpt":{"rendered":"<p>UV-Falle f\u00fcr Asiatische Hornissen \u2013 Selektive UV-Technologie mit hoher Sichtbarkeit Die Ornetin UV-Falle ist eine innovative und selektive L\u00f6sung zur Bek\u00e4mpfung der Asiatischen Hornisse (Vespa velutina). Dank ihrer UV-reflektierenden Oberfl\u00e4che, die f\u00fcr den Menschen unsichtbar, f\u00fcr Hornissen jedoch gut sichtbar ist, wird die Falle aus gr\u00f6\u00dferer Entfernung erkannt \u2013 insbesondere von gr\u00fcndenden K\u00f6niginnen im Fr\u00fchjahr. [&hellip;]<\/p>\n","protected":false},"featured_media":41951,"template":"","meta":{"_uf_show_specific_survey":0,"_uf_disable_surveys":false},"product_cat":[662,912],"product_tag":[],"aioseo_notices":[],"_links":{"self":[{"href":"https:\/\/apimat.ch\/de\/wp-json\/wp\/v2\/product\/41714"}],"collection":[{"href":"https:\/\/apimat.ch\/de\/wp-json\/wp\/v2\/product"}],"about":[{"href":"https:\/\/apimat.ch\/de\/wp-json\/wp\/v2\/types\/product"}],"wp:featuredmedia":[{"embeddable":true,"href":"https:\/\/apimat.ch\/de\/wp-json\/wp\/v2\/media\/41951"}],"wp:attachment":[{"href":"https:\/\/apimat.ch\/de\/wp-json\/wp\/v2\/media?parent=41714"}],"wp:term":[{"taxonomy":"product_cat","embeddable":true,"href":"https:\/\/apimat.ch\/de\/wp-json\/wp\/v2\/product_cat?post=41714"},{"taxonomy":"product_tag","embeddable":true,"href":"https:\/\/apimat.ch\/de\/wp-json\/wp\/v2\/product_tag?post=41714"}],"curies":[{"name":"wp","href":"https:\/\/api.w.org\/{rel}","templated":true}]}}