{"id":41854,"date":"2026-01-31T14:41:33","date_gmt":"2026-01-31T13:44:53","guid":{"rendered":"https:\/\/apimat.ch\/?post_type=product&#038;p=41854"},"modified":"2026-01-31T14:44:53","modified_gmt":"2026-01-31T13:44:53","slug":"elektrisches-geraet-220v-zur-montage-von-mittelwaenden-3-spannungsstufen-20v-22v-24v-140va","status":"publish","type":"product","link":"https:\/\/apimat.ch\/de\/produit\/elektrisches-geraet-220v-zur-montage-von-mittelwaenden-3-spannungsstufen-20v-22v-24v-140va\/","title":{"rendered":"Elektrisches Ger\u00e4t 220V zur Montage von Mittelw\u00e4nden \u2013 3 Spannungsstufen 20V \/ 22V \/ 24V \u2013 140VA"},"content":{"rendered":"<p>Elektrisches Ger\u00e4t 220V zur Montage von Mittelw\u00e4nden \u2013 3 Spannungsstufen 20V \/ 22V \/ 24V \u2013 140VA<\/p>\n<div class=\"flex flex-col text-sm pb-25\">\n<article class=\"text-token-text-primary w-full focus:outline-none [--shadow-height:45px] has-data-writing-block:pointer-events-none has-data-writing-block:-mt-(--shadow-height) has-data-writing-block:pt-(--shadow-height) [&amp;:has([data-writing-block])&gt;*]:pointer-events-auto scroll-mt-[calc(var(--header-height)+min(200px,max(70px,20svh)))]\" dir=\"auto\" tabindex=\"-1\" data-turn-id=\"request-WEB:ea41fa06-c3e2-49f5-afb2-286c5be0f557-4\" data-testid=\"conversation-turn-10\" data-scroll-anchor=\"true\" data-turn=\"assistant\">\n<div class=\"text-base my-auto mx-auto pb-10 [--thread-content-margin:--spacing(4)] @w-sm\/main:[--thread-content-margin:--spacing(6)] @w-lg\/main:[--thread-content-margin:--spacing(16)] px-(--thread-content-margin)\">\n<div class=\"[--thread-content-max-width:40rem] @w-lg\/main:[--thread-content-max-width:48rem] mx-auto max-w-(--thread-content-max-width) flex-1 group\/turn-messages focus-visible:outline-hidden relative flex w-full min-w-0 flex-col agent-turn\" tabindex=\"-1\">\n<div class=\"flex max-w-full flex-col grow\">\n<div class=\"min-h-8 text-message relative flex w-full flex-col items-end gap-2 text-start break-words whitespace-normal [.text-message+&amp;]:mt-1\" dir=\"auto\" data-message-author-role=\"assistant\" data-message-id=\"146ada8f-608f-4335-b3ca-af028aac3813\" data-message-model-slug=\"gpt-5-2\">\n<div class=\"flex w-full flex-col gap-1 empty:hidden first:pt-[1px]\">\n<div class=\"markdown prose dark:prose-invert w-full wrap-break-word light markdown-new-styling\">\n<p data-start=\"0\" data-end=\"320\" data-is-last-node=\"\" data-is-only-node=\"\">Elektrisches 220-Volt-Ger\u00e4t zur Montage von Mittelw\u00e4nden. Dieser Wachs-Schwei\u00dftransformator wandelt die Netzspannung dank seiner 3 Einstellstufen in 20V, 22V oder 24V um. Leistung 140 VA, kompatibel mit verzinktem Draht und Edelstahldraht, ideal f\u00fcr die Imkerausr\u00fcstung und den zuverl\u00e4ssigen professionellen Einsatz.<\/p>\n<p class=\"p1\"><b>DIE PREISE SIND JE NACH MENGE DEGRESSIV.<\/b><\/p>\n<p class=\"p1\"><b>F\u00fcr weitere Informationen kontaktieren Sie mich bitte.<\/b><\/p>\n<p class=\"p2\"><span class=\"s1\"><a href=\"mailto:info@apimat.ch\"><b>info@apimat.ch<\/b><\/a><\/span><\/p>\n<p class=\"p1\"><b>Telefon: 076 213 80 33<\/b><\/p>\n<\/div>\n<\/div>\n<\/div>\n<\/div>\n<div class=\"z-0 flex min-h-[46px] justify-start\"><\/div>\n<div class=\"mt-3 w-full empty:hidden\">\n<div class=\"text-center\"><\/div>\n<\/div>\n<\/div>\n<\/div>\n<\/article>\n<\/div>\n<div class=\"pointer-events-none h-px w-px absolute bottom-0\" aria-hidden=\"true\" data-edge=\"true\"><\/div>\n","protected":false},"excerpt":{"rendered":"<p>Elektrisches Ger\u00e4t 220V zur Montage von Mittelw\u00e4nden \u2013 3 Spannungsstufen 20V \/ 22V \/ 24V \u2013 140VA Elektrisches 220-Volt-Ger\u00e4t zur Montage von Mittelw\u00e4nden. Dieser Wachs-Schwei\u00dftransformator wandelt die Netzspannung dank seiner 3 Einstellstufen in 20V, 22V oder 24V um. Leistung 140 VA, kompatibel mit verzinktem Draht und Edelstahldraht, ideal f\u00fcr die Imkerausr\u00fcstung und den zuverl\u00e4ssigen professionellen [&hellip;]<\/p>\n","protected":false},"featured_media":41852,"template":"","meta":{"_uf_show_specific_survey":0,"_uf_disable_surveys":false},"product_cat":[662,103],"product_tag":[],"aioseo_notices":[],"_links":{"self":[{"href":"https:\/\/apimat.ch\/de\/wp-json\/wp\/v2\/product\/41854"}],"collection":[{"href":"https:\/\/apimat.ch\/de\/wp-json\/wp\/v2\/product"}],"about":[{"href":"https:\/\/apimat.ch\/de\/wp-json\/wp\/v2\/types\/product"}],"wp:featuredmedia":[{"embeddable":true,"href":"https:\/\/apimat.ch\/de\/wp-json\/wp\/v2\/media\/41852"}],"wp:attachment":[{"href":"https:\/\/apimat.ch\/de\/wp-json\/wp\/v2\/media?parent=41854"}],"wp:term":[{"taxonomy":"product_cat","embeddable":true,"href":"https:\/\/apimat.ch\/de\/wp-json\/wp\/v2\/product_cat?post=41854"},{"taxonomy":"product_tag","embeddable":true,"href":"https:\/\/apimat.ch\/de\/wp-json\/wp\/v2\/product_tag?post=41854"}],"curies":[{"name":"wp","href":"https:\/\/api.w.org\/{rel}","templated":true}]}}