{"id":42464,"date":"2026-02-24T09:13:40","date_gmt":"2026-02-24T08:25:23","guid":{"rendered":"https:\/\/apimat.ch\/?post_type=product&#038;p=42464"},"modified":"2026-02-24T09:37:21","modified_gmt":"2026-02-24T08:37:21","slug":"duohive-dadant-mini-honigraum-4-raehmchen-zapfenverbindung-mit-leinoel-behandelt-aus-cryptomeria-holz","status":"publish","type":"product","link":"https:\/\/apimat.ch\/de\/produit\/duohive-dadant-mini-honigraum-4-raehmchen-zapfenverbindung-mit-leinoel-behandelt-aus-cryptomeria-holz\/","title":{"rendered":"Duohive \u2013 Dadant Mini-Honigraum (4 R\u00e4hmchen), Zapfenverbindung, mit Lein\u00f6l behandelt, aus Cryptomeria-Holz"},"content":{"rendered":"<p>Duohive \u2013 Dadant Mini-<strong data-start=\"22\" data-end=\"35\">Honigraum<\/strong> (4 R\u00e4hmchen), Zapfenverbindung, mit Lein\u00f6l behandelt, aus Cryptomeria-Holz<\/p>\n<p data-start=\"0\" data-end=\"275\">Duohive \u2013 Dadant Mini-Honigraum mit 4 R\u00e4hmchen (50 \u00d7 22 \u00d7 17 cm), der den Standard-Honigraum in zwei leichte und einfach zu handhabende Teile unterteilt. Robuste Zapfenverbindung, mit Lein\u00f6l behandelt, mit Edelstahldraht-R\u00e4hmchen aus Cryptomeria f\u00fcr maximale Langlebigkeit.<\/p>\n<p data-start=\"277\" data-end=\"357\"><strong data-start=\"277\" data-end=\"314\">Leichtigkeit und geringes Gewicht<\/strong> \u2192 praktischer f\u00fcr Frauen und alle Imker.<\/p>\n<p data-start=\"359\" data-end=\"462\"><strong data-start=\"359\" data-end=\"383\">Innovation \/ Teilung<\/strong> \u2192 der klassische Honigraum wird geteilt, um das Gewicht besser zu verteilen.<\/p>\n<p data-start=\"464\" data-end=\"539\"><strong data-start=\"464\" data-end=\"481\">Langlebigkeit<\/strong> \u2192 Lein\u00f6l + R\u00e4hmchen aus Cryptomeria mit Edelstahldraht.<\/p>\n<p data-start=\"541\" data-end=\"589\" data-is-last-node=\"\" data-is-only-node=\"\"><strong data-start=\"541\" data-end=\"561\">Einfache Montage<\/strong> \u2192 robuste Zapfenverbindung.<\/p>\n<p class=\"p1\"><b>DIE PREISE SIND JE NACH MENGE DEGRESSIV.<\/b><\/p>\n<p class=\"p1\"><b>F\u00fcr weitere Informationen kontaktieren Sie mich bitte.<\/b><\/p>\n<p class=\"p2\"><span class=\"s1\"><a href=\"mailto:info@apimat.ch\"><b>info@apimat.ch<\/b><\/a><\/span><\/p>\n<p class=\"p1\"><b>Telefon: 076 213 80 33<\/b><\/p>\n","protected":false},"excerpt":{"rendered":"<p>Duohive \u2013 Dadant Mini-Honigraum (4 R\u00e4hmchen), Zapfenverbindung, mit Lein\u00f6l behandelt, aus Cryptomeria-Holz Duohive \u2013 Dadant Mini-Honigraum mit 4 R\u00e4hmchen (50 \u00d7 22 \u00d7 17 cm), der den Standard-Honigraum in zwei leichte und einfach zu handhabende Teile unterteilt. Robuste Zapfenverbindung, mit Lein\u00f6l behandelt, mit Edelstahldraht-R\u00e4hmchen aus Cryptomeria f\u00fcr maximale Langlebigkeit. Leichtigkeit und geringes Gewicht \u2192 praktischer [&hellip;]<\/p>\n","protected":false},"featured_media":42458,"template":"","meta":{"_uf_show_specific_survey":0,"_uf_disable_surveys":false},"product_cat":[662,102],"product_tag":[],"aioseo_notices":[],"_links":{"self":[{"href":"https:\/\/apimat.ch\/de\/wp-json\/wp\/v2\/product\/42464"}],"collection":[{"href":"https:\/\/apimat.ch\/de\/wp-json\/wp\/v2\/product"}],"about":[{"href":"https:\/\/apimat.ch\/de\/wp-json\/wp\/v2\/types\/product"}],"wp:featuredmedia":[{"embeddable":true,"href":"https:\/\/apimat.ch\/de\/wp-json\/wp\/v2\/media\/42458"}],"wp:attachment":[{"href":"https:\/\/apimat.ch\/de\/wp-json\/wp\/v2\/media?parent=42464"}],"wp:term":[{"taxonomy":"product_cat","embeddable":true,"href":"https:\/\/apimat.ch\/de\/wp-json\/wp\/v2\/product_cat?post=42464"},{"taxonomy":"product_tag","embeddable":true,"href":"https:\/\/apimat.ch\/de\/wp-json\/wp\/v2\/product_tag?post=42464"}],"curies":[{"name":"wp","href":"https:\/\/api.w.org\/{rel}","templated":true}]}}