{"id":43186,"date":"2026-03-28T07:50:01","date_gmt":"2026-03-28T06:50:01","guid":{"rendered":"https:\/\/apimat.ch\/?post_type=product&#038;p=43186"},"modified":"2026-03-28T07:56:30","modified_gmt":"2026-03-28T06:56:30","slug":"silikonform-ei-mit-spitzenmuster-gross-hoehe-105-mm","status":"publish","type":"product","link":"https:\/\/apimat.ch\/de\/produit\/silikonform-ei-mit-spitzenmuster-gross-hoehe-105-mm\/","title":{"rendered":"Silikonform \u2013 Ei mit Spitzenmuster, gro\u00df (H\u00f6he 105 mm)"},"content":{"rendered":"<p>Silikonform \u2013 Ei mit Spitzenmuster, gro\u00df (H\u00f6he 105 mm)<\/p>\n<p data-start=\"57\" data-end=\"82\">H\u00f6he der Kerze: 10,5 cm<\/p>\n<p data-start=\"84\" data-end=\"113\">Durchmesser der Form: 70 mm<\/p>\n<p data-start=\"115\" data-end=\"132\">Wachsgewicht: 275 g<\/p>\n<p data-start=\"134\" data-end=\"147\" data-is-last-node=\"\" data-is-only-node=\"\">Docht: fein<\/p>\n<div class='avia-iframe-wrap'><iframe loading=\"lazy\" title=\"Cr\u00e9ez vos bougies en cire d\u2019abeille facilement \ud83d\udd6f\ud83d\udc1d\" width=\"1500\" height=\"844\" src=\"https:\/\/www.youtube.com\/embed\/lK-3RvaTW0g?feature=oembed\" frameborder=\"0\" allow=\"accelerometer; autoplay; clipboard-write; encrypted-media; gyroscope; picture-in-picture; web-share\" referrerpolicy=\"strict-origin-when-cross-origin\" allowfullscreen><\/iframe><\/div>\n<p class=\"p1\"><b>DIE PREISE SIND JE NACH MENGE DEGRESSIV.<\/b><\/p>\n<p class=\"p1\"><b>F\u00fcr weitere Informationen kontaktieren Sie mich bitte.<\/b><\/p>\n<p class=\"p2\"><span class=\"s1\"><a href=\"mailto:info@apimat.ch\"><b>info@apimat.ch<\/b><\/a><\/span><\/p>\n<p class=\"p1\"><b>Telefon: 076 213 80 33<\/b><\/p>\n","protected":false},"excerpt":{"rendered":"<p>Silikonform \u2013 Ei mit Spitzenmuster, gro\u00df (H\u00f6he 105 mm) H\u00f6he der Kerze: 10,5 cm Durchmesser der Form: 70 mm Wachsgewicht: 275 g Docht: fein DIE PREISE SIND JE NACH MENGE DEGRESSIV. F\u00fcr weitere Informationen kontaktieren Sie mich bitte. info@apimat.ch Telefon: 076 213 80 33<\/p>\n","protected":false},"featured_media":43188,"template":"","meta":{"_uf_show_specific_survey":0,"_uf_disable_surveys":false},"product_cat":[662,1108],"product_tag":[],"aioseo_notices":[],"_links":{"self":[{"href":"https:\/\/apimat.ch\/de\/wp-json\/wp\/v2\/product\/43186"}],"collection":[{"href":"https:\/\/apimat.ch\/de\/wp-json\/wp\/v2\/product"}],"about":[{"href":"https:\/\/apimat.ch\/de\/wp-json\/wp\/v2\/types\/product"}],"wp:featuredmedia":[{"embeddable":true,"href":"https:\/\/apimat.ch\/de\/wp-json\/wp\/v2\/media\/43188"}],"wp:attachment":[{"href":"https:\/\/apimat.ch\/de\/wp-json\/wp\/v2\/media?parent=43186"}],"wp:term":[{"taxonomy":"product_cat","embeddable":true,"href":"https:\/\/apimat.ch\/de\/wp-json\/wp\/v2\/product_cat?post=43186"},{"taxonomy":"product_tag","embeddable":true,"href":"https:\/\/apimat.ch\/de\/wp-json\/wp\/v2\/product_tag?post=43186"}],"curies":[{"name":"wp","href":"https:\/\/api.w.org\/{rel}","templated":true}]}}