{"id":43416,"date":"2026-03-30T16:10:23","date_gmt":"2026-03-30T14:10:27","guid":{"rendered":"https:\/\/apimat.ch\/?post_type=product&#038;p=43416"},"modified":"2026-03-30T16:15:21","modified_gmt":"2026-03-30T14:15:21","slug":"imkeranzug-fuer-kinder-mit-abnehmbarem-schleierhut-blau-color-line","status":"publish","type":"product","link":"https:\/\/apimat.ch\/de\/produit\/imkeranzug-fuer-kinder-mit-abnehmbarem-schleierhut-blau-color-line\/","title":{"rendered":"Imkeranzug f\u00fcr Kinder mit abnehmbarem Schleierhut \u2013 Blau \u2013 Color Line"},"content":{"rendered":"<p>Imkeranzug f\u00fcr Kinder mit abnehmbarem Schleierhut \u2013 Blau \u2013 Color Line<\/p>\n<p data-start=\"69\" data-end=\"306\">Speziell f\u00fcr junge Imker entwickelt, bietet dieser Kinder-Bienenanzug optimalen Schutz, Komfort und Praktikabilit\u00e4t. Dank der durchdachten Konstruktion k\u00f6nnen auch die Kleinsten die Imkerei sicher entdecken und sich dabei frei bewegen.<\/p>\n<p data-start=\"308\" data-end=\"327\"><strong data-start=\"308\" data-end=\"325\">Hauptmerkmale<\/strong><\/p>\n<ul data-start=\"328\" data-end=\"714\">\n<li data-section-id=\"1a4z5lq\" data-start=\"328\" data-end=\"381\">Hut mit abnehmbarem Schleier f\u00fcr flexible Nutzung<\/li>\n<li data-section-id=\"hsqq55\" data-start=\"382\" data-end=\"432\">Integrierter Gummizug im Hut f\u00fcr sicheren Sitz<\/li>\n<li data-section-id=\"jqr8ze\" data-start=\"433\" data-end=\"490\">R\u00fcckseite des Huts aus Stoff f\u00fcr zus\u00e4tzlichen Komfort<\/li>\n<li data-section-id=\"3uhdg5\" data-start=\"491\" data-end=\"546\">Zwei Aufh\u00e4ngeschlaufen (eine am Hut, eine am Anzug)<\/li>\n<li data-section-id=\"1i6v0yl\" data-start=\"547\" data-end=\"635\">Schutzklappe am Hals mit Klettverschluss, um das Eindringen von Bienen zu verhindern<\/li>\n<li data-section-id=\"1mmjkwm\" data-start=\"636\" data-end=\"714\">Eingearbeitete Halteringe im Hut, um den Schleier vom Gesicht fernzuhalten<\/li>\n<\/ul>\n<p data-start=\"716\" data-end=\"729\"><strong data-start=\"716\" data-end=\"727\">Taschen<\/strong><\/p>\n<ul data-start=\"730\" data-end=\"802\">\n<li data-section-id=\"1j2zyzv\" data-start=\"730\" data-end=\"802\">Praktische Taschen, um kleine Zubeh\u00f6rteile griffbereit aufzubewahren<\/li>\n<\/ul>\n<p data-start=\"804\" data-end=\"818\"><strong data-start=\"804\" data-end=\"816\">Material<\/strong><\/p>\n<ul data-start=\"819\" data-end=\"898\">\n<li data-section-id=\"em8u1h\" data-start=\"819\" data-end=\"898\">Widerstandsf\u00e4higer und atmungsaktiver Stoff: 65 % Polyester, 35 % Baumwolle<\/li>\n<\/ul>\n<p data-start=\"900\" data-end=\"920\"><strong data-start=\"900\" data-end=\"918\">Pflegehinweise<\/strong><\/p>\n<ul data-start=\"921\" data-end=\"1165\">\n<li data-section-id=\"14wzdix\" data-start=\"921\" data-end=\"988\">Anzug: Maschinenw\u00e4sche bis 40\u202f\u00b0C, niedrige Trocknungstemperatur<\/li>\n<li data-section-id=\"1s5wlkg\" data-start=\"989\" data-end=\"1056\">Hut: Handw\u00e4sche (max. 40\u202f\u00b0C) oder Maschinenw\u00e4sche im W\u00e4schenetz<\/li>\n<li data-section-id=\"a3b2c7\" data-start=\"1057\" data-end=\"1088\">Kein Bleichmittel verwenden<\/li>\n<li data-section-id=\"2aqoq1\" data-start=\"1089\" data-end=\"1109\">Nicht schleudern<\/li>\n<li data-section-id=\"1emac40\" data-start=\"1110\" data-end=\"1165\">Lufttrocknen (direkte Sonneneinstrahlung vermeiden)<\/li>\n<\/ul>\n<p data-start=\"1167\" data-end=\"1179\"><strong data-start=\"1167\" data-end=\"1177\">B\u00fcgeln<\/strong><\/p>\n<ul data-start=\"1180\" data-end=\"1229\">\n<li data-section-id=\"6be6b1\" data-start=\"1180\" data-end=\"1229\">Auf links b\u00fcgeln oder Dampffunktion verwenden<\/li>\n<\/ul>\n<p>&nbsp;<\/p>\n<p><img loading=\"lazy\" decoding=\"async\" class=\"alignnone size-large wp-image-43360\" src=\"https:\/\/apimat.ch\/wp-content\/uploads\/2026\/03\/Taille-mesures-color-line-DE-1030x529.png\" alt=\"\" width=\"1030\" height=\"529\" srcset=\"https:\/\/apimat.ch\/wp-content\/uploads\/2026\/03\/Taille-mesures-color-line-DE-1030x529.png 1030w, https:\/\/apimat.ch\/wp-content\/uploads\/2026\/03\/Taille-mesures-color-line-DE-300x154.png 300w, https:\/\/apimat.ch\/wp-content\/uploads\/2026\/03\/Taille-mesures-color-line-DE-768x394.png 768w, https:\/\/apimat.ch\/wp-content\/uploads\/2026\/03\/Taille-mesures-color-line-DE-1536x788.png 1536w, https:\/\/apimat.ch\/wp-content\/uploads\/2026\/03\/Taille-mesures-color-line-DE-1500x770.png 1500w, https:\/\/apimat.ch\/wp-content\/uploads\/2026\/03\/Taille-mesures-color-line-DE-705x362.png 705w, https:\/\/apimat.ch\/wp-content\/uploads\/2026\/03\/Taille-mesures-color-line-DE-450x231.png 450w, https:\/\/apimat.ch\/wp-content\/uploads\/2026\/03\/Taille-mesures-color-line-DE-600x308.png 600w, https:\/\/apimat.ch\/wp-content\/uploads\/2026\/03\/Taille-mesures-color-line-DE.png 1750w\" sizes=\"(max-width: 1030px) 100vw, 1030px\" \/><\/p>\n<p class=\"p1\"><b>DIE PREISE SIND JE NACH MENGE DEGRESSIV.<\/b><\/p>\n<p class=\"p1\"><b>F\u00fcr weitere Informationen kontaktieren Sie mich bitte.<\/b><\/p>\n<p class=\"p2\"><span class=\"s1\"><a href=\"mailto:info@apimat.ch\"><b>info@apimat.ch<\/b><\/a><\/span><\/p>\n<p class=\"p1\"><b>Telefon: 076 213 80 33<\/b><\/p>\n","protected":false},"excerpt":{"rendered":"<p>Imkeranzug f\u00fcr Kinder mit abnehmbarem Schleierhut \u2013 Blau \u2013 Color Line Speziell f\u00fcr junge Imker entwickelt, bietet dieser Kinder-Bienenanzug optimalen Schutz, Komfort und Praktikabilit\u00e4t. Dank der durchdachten Konstruktion k\u00f6nnen auch die Kleinsten die Imkerei sicher entdecken und sich dabei frei bewegen. Hauptmerkmale Hut mit abnehmbarem Schleier f\u00fcr flexible Nutzung Integrierter Gummizug im Hut f\u00fcr sicheren [&hellip;]<\/p>\n","protected":false},"featured_media":43423,"template":"","meta":{"_uf_show_specific_survey":0,"_uf_disable_surveys":false},"product_cat":[662,97],"product_tag":[],"aioseo_notices":[],"_links":{"self":[{"href":"https:\/\/apimat.ch\/de\/wp-json\/wp\/v2\/product\/43416"}],"collection":[{"href":"https:\/\/apimat.ch\/de\/wp-json\/wp\/v2\/product"}],"about":[{"href":"https:\/\/apimat.ch\/de\/wp-json\/wp\/v2\/types\/product"}],"wp:featuredmedia":[{"embeddable":true,"href":"https:\/\/apimat.ch\/de\/wp-json\/wp\/v2\/media\/43423"}],"wp:attachment":[{"href":"https:\/\/apimat.ch\/de\/wp-json\/wp\/v2\/media?parent=43416"}],"wp:term":[{"taxonomy":"product_cat","embeddable":true,"href":"https:\/\/apimat.ch\/de\/wp-json\/wp\/v2\/product_cat?post=43416"},{"taxonomy":"product_tag","embeddable":true,"href":"https:\/\/apimat.ch\/de\/wp-json\/wp\/v2\/product_tag?post=43416"}],"curies":[{"name":"wp","href":"https:\/\/api.w.org\/{rel}","templated":true}]}}