{"id":43499,"date":"2026-03-31T19:13:47","date_gmt":"2026-03-31T17:22:13","guid":{"rendered":"https:\/\/apimat.ch\/?post_type=product&#038;p=43499"},"modified":"2026-03-31T19:22:13","modified_gmt":"2026-03-31T17:22:13","slug":"imkeranzug-fuer-kinder-abeilleur-mit-astronautenmaske","status":"publish","type":"product","link":"https:\/\/apimat.ch\/de\/produit\/imkeranzug-fuer-kinder-abeilleur-mit-astronautenmaske\/","title":{"rendered":"Imkeranzug f\u00fcr Kinder Abeilleur mit Astronautenmaske"},"content":{"rendered":"<p>Imkeranzug f\u00fcr Kinder Abeilleur mit Astronautenmaske<\/p>\n<p>&nbsp;<\/p>\n<p data-start=\"80\" data-end=\"313\">Entdecken Sie die Imkerei gemeinsam mit Kindern \u2013 sicher und unbeschwert \u2013 mit dem Abeilleur Imkeranzug. Inspiriert von professionellen Modellen bietet er zuverl\u00e4ssigen Schutz vor Stichen und bleibt dabei bequem und leicht zu tragen.<\/p>\n<p data-start=\"315\" data-end=\"505\">Das leichte und atmungsaktive Gewebe (35 % Baumwolle, 65 % Polyester) ist ideal f\u00fcr warme Tage. Der weite Schnitt sorgt f\u00fcr optimale Bewegungsfreiheit und reduziert den Kontakt mit der Haut.<\/p>\n<p data-start=\"507\" data-end=\"674\">Der stabile Schleier im Fechterstil mit doppelter Lage sch\u00fctzt das Gesicht effektiv. Dank Rei\u00dfverschluss ist er abnehmbar und l\u00e4sst sich zum Waschen einfach entfernen.<\/p>\n<hr data-start=\"676\" data-end=\"679\" \/>\n<h3 data-section-id=\"18ubuoa\" data-start=\"681\" data-end=\"704\">\u2699\ufe0f Technische Daten<\/h3>\n<ul data-start=\"706\" data-end=\"953\">\n<li data-section-id=\"4kvgar\" data-start=\"706\" data-end=\"734\">Modell: Abeilleur Kinder<\/li>\n<li data-section-id=\"106yl8q\" data-start=\"735\" data-end=\"780\">Material: 35 % Baumwolle \/ 65 % Polyester<\/li>\n<li data-section-id=\"96o9xk\" data-start=\"781\" data-end=\"816\">Behandlung: Einlaufvorbehandelt<\/li>\n<li data-section-id=\"90ldfo\" data-start=\"817\" data-end=\"853\">Schleier: Fechterstil, abnehmbar<\/li>\n<li data-section-id=\"1k7pnf8\" data-start=\"854\" data-end=\"883\">Schnitt: Weit geschnitten<\/li>\n<li data-section-id=\"380494\" data-start=\"884\" data-end=\"919\">Zertifizierung: PSA Kategorie 2<\/li>\n<li data-section-id=\"18uhwaa\" data-start=\"920\" data-end=\"953\">Gr\u00f6\u00dfen: 4\u20136 Jahre, 8\u201310 Jahre<\/li>\n<\/ul>\n<p class=\"p1\"><b>DIE PREISE SIND JE NACH MENGE DEGRESSIV.<\/b><\/p>\n<p class=\"p1\"><b>F\u00fcr weitere Informationen kontaktieren Sie mich bitte.<\/b><\/p>\n<p class=\"p2\"><span class=\"s1\"><a href=\"mailto:info@apimat.ch\"><b>info@apimat.ch<\/b><\/a><\/span><\/p>\n<p class=\"p1\"><b>Telefon: 076 213 80 33<\/b><\/p>\n","protected":false},"excerpt":{"rendered":"<p>Imkeranzug f\u00fcr Kinder Abeilleur mit Astronautenmaske &nbsp; Entdecken Sie die Imkerei gemeinsam mit Kindern \u2013 sicher und unbeschwert \u2013 mit dem Abeilleur Imkeranzug. Inspiriert von professionellen Modellen bietet er zuverl\u00e4ssigen Schutz vor Stichen und bleibt dabei bequem und leicht zu tragen. Das leichte und atmungsaktive Gewebe (35 % Baumwolle, 65 % Polyester) ist ideal f\u00fcr [&hellip;]<\/p>\n","protected":false},"featured_media":43495,"template":"","meta":{"_uf_show_specific_survey":0,"_uf_disable_surveys":false},"product_cat":[662,97],"product_tag":[],"aioseo_notices":[],"_links":{"self":[{"href":"https:\/\/apimat.ch\/de\/wp-json\/wp\/v2\/product\/43499"}],"collection":[{"href":"https:\/\/apimat.ch\/de\/wp-json\/wp\/v2\/product"}],"about":[{"href":"https:\/\/apimat.ch\/de\/wp-json\/wp\/v2\/types\/product"}],"wp:featuredmedia":[{"embeddable":true,"href":"https:\/\/apimat.ch\/de\/wp-json\/wp\/v2\/media\/43495"}],"wp:attachment":[{"href":"https:\/\/apimat.ch\/de\/wp-json\/wp\/v2\/media?parent=43499"}],"wp:term":[{"taxonomy":"product_cat","embeddable":true,"href":"https:\/\/apimat.ch\/de\/wp-json\/wp\/v2\/product_cat?post=43499"},{"taxonomy":"product_tag","embeddable":true,"href":"https:\/\/apimat.ch\/de\/wp-json\/wp\/v2\/product_tag?post=43499"}],"curies":[{"name":"wp","href":"https:\/\/api.w.org\/{rel}","templated":true}]}}