{"id":43879,"date":"2026-04-15T14:09:07","date_gmt":"2026-04-15T12:09:08","guid":{"rendered":"https:\/\/apimat.ch\/?post_type=product&#038;p=43879"},"modified":"2026-04-15T14:22:19","modified_gmt":"2026-04-15T12:22:19","slug":"elektrisches-geraet-220v-zur-montage-von-mittelwaenden-5-spannungsstufen-12v-18v-24v-30v-36v-80-130-va","status":"publish","type":"product","link":"https:\/\/apimat.ch\/de\/produit\/elektrisches-geraet-220v-zur-montage-von-mittelwaenden-5-spannungsstufen-12v-18v-24v-30v-36v-80-130-va\/","title":{"rendered":"Elektrisches Ger\u00e4t 220V zur Montage von Mittelw\u00e4nden \u2013 5 Spannungsstufen (12V \/ 18V \/ 24V \/ 30V \/ 36V) \u2013 80\/130 VA"},"content":{"rendered":"<p>Elektrisches Ger\u00e4t 220V zur Montage von Mittelw\u00e4nden \u2013 5 Spannungsstufen (12V \/ 18V \/ 24V \/ 30V \/ 36V) \u2013 80\/130 VA<\/p>\n<p data-start=\"0\" data-end=\"248\">Elektrisches 220-Volt-Ger\u00e4t zur Einl\u00f6tung von Mittelw\u00e4nden in der Imkerei. Dieser Wachs-Einl\u00f6ttransformator wandelt die Netzspannung effizient um und verf\u00fcgt \u00fcber 5 Einstellstufen, die eine pr\u00e4zise Anpassung der Leistung je nach Bedarf erm\u00f6glichen.<\/p>\n<p data-start=\"250\" data-end=\"426\">Dank seiner verschiedenen Spannungsstufen eignet er sich sowohl f\u00fcr Edelstahldraht als auch f\u00fcr verzinkten Draht und gew\u00e4hrleistet eine saubere und kontrollierte Verschwei\u00dfung.<\/p>\n<p data-start=\"428\" data-end=\"607\" data-is-last-node=\"\" data-is-only-node=\"\">Mit einer Leistung von 80 bis 130 VA ist dieses robuste Ger\u00e4t ideal f\u00fcr den regelm\u00e4\u00dfigen bis professionellen Einsatz und bietet Zuverl\u00e4ssigkeit, Pr\u00e4zision und hohen Bedienkomfort.<\/p>\n<p data-start=\"428\" data-end=\"607\" data-is-last-node=\"\" data-is-only-node=\"\">\n<div class=\"flex flex-col text-sm pb-25\">\n<article class=\"text-token-text-primary w-full focus:outline-none [--shadow-height:45px] has-data-writing-block:pointer-events-none has-data-writing-block:-mt-(--shadow-height) has-data-writing-block:pt-(--shadow-height) [&amp;:has([data-writing-block])&gt;*]:pointer-events-auto scroll-mt-[calc(var(--header-height)+min(200px,max(70px,20svh)))]\" dir=\"auto\" tabindex=\"-1\" data-turn-id=\"request-WEB:ea41fa06-c3e2-49f5-afb2-286c5be0f557-4\" data-testid=\"conversation-turn-10\" data-scroll-anchor=\"true\" data-turn=\"assistant\">\n<div class=\"text-base my-auto mx-auto pb-10 [--thread-content-margin:--spacing(4)] @w-sm\/main:[--thread-content-margin:--spacing(6)] @w-lg\/main:[--thread-content-margin:--spacing(16)] px-(--thread-content-margin)\">\n<div class=\"[--thread-content-max-width:40rem] @w-lg\/main:[--thread-content-max-width:48rem] mx-auto max-w-(--thread-content-max-width) flex-1 group\/turn-messages focus-visible:outline-hidden relative flex w-full min-w-0 flex-col agent-turn\" tabindex=\"-1\">\n<div class=\"flex max-w-full flex-col grow\">\n<div class=\"min-h-8 text-message relative flex w-full flex-col items-end gap-2 text-start break-words whitespace-normal [.text-message+&amp;]:mt-1\" dir=\"auto\" data-message-author-role=\"assistant\" data-message-id=\"146ada8f-608f-4335-b3ca-af028aac3813\" data-message-model-slug=\"gpt-5-2\">\n<div class=\"flex w-full flex-col gap-1 empty:hidden first:pt-[1px]\">\n<div class=\"markdown prose dark:prose-invert w-full wrap-break-word light markdown-new-styling\">\n<p class=\"p1\"><b>DIE PREISE SIND JE NACH MENGE DEGRESSIV.<\/b><\/p>\n<p class=\"p1\"><b>F\u00fcr weitere Informationen kontaktieren Sie mich bitte.<\/b><\/p>\n<p class=\"p2\"><span class=\"s1\"><a href=\"mailto:info@apimat.ch\"><b>info@apimat.ch<\/b><\/a><\/span><\/p>\n<p class=\"p1\"><b>Telefon: 076 213 80 33<\/b><\/p>\n<\/div>\n<\/div>\n<\/div>\n<\/div>\n<div class=\"z-0 flex min-h-[46px] justify-start\"><\/div>\n<div class=\"mt-3 w-full empty:hidden\">\n<div class=\"text-center\"><\/div>\n<\/div>\n<\/div>\n<\/div>\n<\/article>\n<\/div>\n<div class=\"pointer-events-none h-px w-px absolute bottom-0\" aria-hidden=\"true\" data-edge=\"true\"><\/div>\n","protected":false},"excerpt":{"rendered":"<p>Elektrisches Ger\u00e4t 220V zur Montage von Mittelw\u00e4nden \u2013 5 Spannungsstufen (12V \/ 18V \/ 24V \/ 30V \/ 36V) \u2013 80\/130 VA Elektrisches 220-Volt-Ger\u00e4t zur Einl\u00f6tung von Mittelw\u00e4nden in der Imkerei. Dieser Wachs-Einl\u00f6ttransformator wandelt die Netzspannung effizient um und verf\u00fcgt \u00fcber 5 Einstellstufen, die eine pr\u00e4zise Anpassung der Leistung je nach Bedarf erm\u00f6glichen. Dank seiner [&hellip;]<\/p>\n","protected":false},"featured_media":43883,"template":"","meta":{"_uf_show_specific_survey":0,"_uf_disable_surveys":false},"product_cat":[662,103],"product_tag":[],"aioseo_notices":[],"_links":{"self":[{"href":"https:\/\/apimat.ch\/de\/wp-json\/wp\/v2\/product\/43879"}],"collection":[{"href":"https:\/\/apimat.ch\/de\/wp-json\/wp\/v2\/product"}],"about":[{"href":"https:\/\/apimat.ch\/de\/wp-json\/wp\/v2\/types\/product"}],"wp:featuredmedia":[{"embeddable":true,"href":"https:\/\/apimat.ch\/de\/wp-json\/wp\/v2\/media\/43883"}],"wp:attachment":[{"href":"https:\/\/apimat.ch\/de\/wp-json\/wp\/v2\/media?parent=43879"}],"wp:term":[{"taxonomy":"product_cat","embeddable":true,"href":"https:\/\/apimat.ch\/de\/wp-json\/wp\/v2\/product_cat?post=43879"},{"taxonomy":"product_tag","embeddable":true,"href":"https:\/\/apimat.ch\/de\/wp-json\/wp\/v2\/product_tag?post=43879"}],"curies":[{"name":"wp","href":"https:\/\/api.w.org\/{rel}","templated":true}]}}