{"id":43955,"date":"2026-04-19T07:04:39","date_gmt":"2026-04-19T05:04:40","guid":{"rendered":"https:\/\/apimat.ch\/?post_type=product&#038;p=43955"},"modified":"2026-04-19T07:08:15","modified_gmt":"2026-04-19T05:08:15","slug":"brutzargen-erweiterung-mini-dadant-miniplus-classic-beute-160-mm-blau-lackiert","status":"publish","type":"product","link":"https:\/\/apimat.ch\/de\/produit\/brutzargen-erweiterung-mini-dadant-miniplus-classic-beute-160-mm-blau-lackiert\/","title":{"rendered":"Brutzargen-Erweiterung \u2013 Mini Dadant Miniplus CLASSIC Beute (160 mm, blau lackiert)"},"content":{"rendered":"<p>Der Mini-Bienenstock CLASSIC ist die ideale L\u00f6sung f\u00fcr Imker, die einen vielseitigen und funktionalen Bienenstock f\u00fcr die K\u00f6niginnenzucht oder die \u00dcberwinterung kleiner Kolonien suchen. Dank seiner modularen Miniplus-R\u00e4hmchen k\u00f6nnen diese kombiniert und als Halbr\u00e4hmchen in einen Standard-Bienenstock \u00fcbertragen werden. Seine robuste Bauweise und durchdachten L\u00f6sungen machen ihn zu einem Bienenstock von au\u00dfergew\u00f6hnlicher Langlebigkeit und Praktikabilit\u00e4t.<\/p>\n<p>&nbsp;<\/p>\n<p class=\"p1\"><b>DIE PREISE SIND JE NACH MENGE DEGRESSIV.<\/b><\/p>\n<p class=\"p1\"><b>F\u00fcr weitere Informationen kontaktieren Sie mich bitte.<\/b><\/p>\n<p class=\"p2\"><span class=\"s1\"><a href=\"mailto:info@apimat.ch\"><b>info@apimat.ch<\/b><\/a><\/span><\/p>\n<p class=\"p1\"><b>Telefon: 076 213 80 33<\/b><\/p>\n","protected":false},"excerpt":{"rendered":"<p>Der Mini-Bienenstock CLASSIC ist die ideale L\u00f6sung f\u00fcr Imker, die einen vielseitigen und funktionalen Bienenstock f\u00fcr die K\u00f6niginnenzucht oder die \u00dcberwinterung kleiner Kolonien suchen. Dank seiner modularen Miniplus-R\u00e4hmchen k\u00f6nnen diese kombiniert und als Halbr\u00e4hmchen in einen Standard-Bienenstock \u00fcbertragen werden. Seine robuste Bauweise und durchdachten L\u00f6sungen machen ihn zu einem Bienenstock von au\u00dfergew\u00f6hnlicher Langlebigkeit und Praktikabilit\u00e4t. [&hellip;]<\/p>\n","protected":false},"featured_media":43957,"template":"","meta":{"_uf_show_specific_survey":0,"_uf_disable_surveys":false},"product_cat":[1066,101,95],"product_tag":[],"aioseo_notices":[],"_links":{"self":[{"href":"https:\/\/apimat.ch\/de\/wp-json\/wp\/v2\/product\/43955"}],"collection":[{"href":"https:\/\/apimat.ch\/de\/wp-json\/wp\/v2\/product"}],"about":[{"href":"https:\/\/apimat.ch\/de\/wp-json\/wp\/v2\/types\/product"}],"wp:featuredmedia":[{"embeddable":true,"href":"https:\/\/apimat.ch\/de\/wp-json\/wp\/v2\/media\/43957"}],"wp:attachment":[{"href":"https:\/\/apimat.ch\/de\/wp-json\/wp\/v2\/media?parent=43955"}],"wp:term":[{"taxonomy":"product_cat","embeddable":true,"href":"https:\/\/apimat.ch\/de\/wp-json\/wp\/v2\/product_cat?post=43955"},{"taxonomy":"product_tag","embeddable":true,"href":"https:\/\/apimat.ch\/de\/wp-json\/wp\/v2\/product_tag?post=43955"}],"curies":[{"name":"wp","href":"https:\/\/api.w.org\/{rel}","templated":true}]}}