{"id":44321,"date":"2026-05-01T14:32:02","date_gmt":"2026-05-01T12:32:03","guid":{"rendered":"https:\/\/apimat.ch\/?post_type=product&#038;p=44321"},"modified":"2026-05-01T15:10:44","modified_gmt":"2026-05-01T13:10:44","slug":"waben-ruckstandsfrei-zertifiziert-fur-honigrahmen-bio-pestizide-frei-copie","status":"publish","type":"product","link":"https:\/\/apimat.ch\/de\/produit\/waben-ruckstandsfrei-zertifiziert-fur-honigrahmen-bio-pestizide-frei-copie\/","title":{"rendered":"Schweizer zertifizierte r\u00fcckstandsfreie Bienenwachs-Mittelw\u00e4nde \u2013 Format Miniplus \u2013 19 \u00d7 13 cm (1-kg-Packungen)"},"content":{"rendered":"<p>Schweizer zertifizierte r\u00fcckstandsfreie Bienenwachs-Mittelw\u00e4nde \u2013 Format Miniplus \u2013 19 \u00d7 13 cm (1-kg-Packungen)<\/p>\n<p>Gr\u00f6\u00dfe 19 x 13 cm<\/p>\n<p>Wir versenden das Zertifikat nur auf Anfrage.<\/p>\n<p><strong>DEGRESSIVE PREISE JE NACH MENGE.<\/strong><\/p>\n<p>Andere Abmessungen auf Anfrage.<\/p>\n<p><strong>F\u00fcr weitere Informationen kontaktieren Sie mich bitte.<\/strong><\/p>\n<p><a href=\"mailto:info@apimat.ch\"><strong>info@apimat.ch<\/strong><\/a><\/p>\n<p><strong>Telefon: 076 213 80 33<\/strong><\/p>\n<p>&nbsp;<\/p>\n","protected":false},"excerpt":{"rendered":"<p>Schweizer zertifizierte r\u00fcckstandsfreie Bienenwachs-Mittelw\u00e4nde \u2013 Format Miniplus \u2013 19 \u00d7 13 cm (1-kg-Packungen) Gr\u00f6\u00dfe 19 x 13 cm Wir versenden das Zertifikat nur auf Anfrage. DEGRESSIVE PREISE JE NACH MENGE. Andere Abmessungen auf Anfrage. F\u00fcr weitere Informationen kontaktieren Sie mich bitte. info@apimat.ch Telefon: 076 213 80 33 &nbsp;<\/p>\n","protected":false},"featured_media":44323,"template":"","meta":{"_uf_show_specific_survey":0,"_uf_disable_surveys":false},"product_cat":[662,1060,103],"product_tag":[],"aioseo_notices":[],"_links":{"self":[{"href":"https:\/\/apimat.ch\/de\/wp-json\/wp\/v2\/product\/44321"}],"collection":[{"href":"https:\/\/apimat.ch\/de\/wp-json\/wp\/v2\/product"}],"about":[{"href":"https:\/\/apimat.ch\/de\/wp-json\/wp\/v2\/types\/product"}],"wp:featuredmedia":[{"embeddable":true,"href":"https:\/\/apimat.ch\/de\/wp-json\/wp\/v2\/media\/44323"}],"wp:attachment":[{"href":"https:\/\/apimat.ch\/de\/wp-json\/wp\/v2\/media?parent=44321"}],"wp:term":[{"taxonomy":"product_cat","embeddable":true,"href":"https:\/\/apimat.ch\/de\/wp-json\/wp\/v2\/product_cat?post=44321"},{"taxonomy":"product_tag","embeddable":true,"href":"https:\/\/apimat.ch\/de\/wp-json\/wp\/v2\/product_tag?post=44321"}],"curies":[{"name":"wp","href":"https:\/\/api.w.org\/{rel}","templated":true}]}}