{"id":44334,"date":"2026-05-01T15:22:05","date_gmt":"2026-05-01T13:22:06","guid":{"rendered":"https:\/\/apimat.ch\/?post_type=product&#038;p=44334"},"modified":"2026-05-03T07:17:30","modified_gmt":"2026-05-03T05:17:30","slug":"schweizer-zertifizierte-rueckstandsfreie-bienenwachs-mittelwaende-format-deutsches-normalmass-dnm-345-x-20-cm-1-kg-packungen","status":"publish","type":"product","link":"https:\/\/apimat.ch\/de\/produit\/schweizer-zertifizierte-rueckstandsfreie-bienenwachs-mittelwaende-format-deutsches-normalmass-dnm-345-x-20-cm-1-kg-packungen\/","title":{"rendered":"Schweizer zertifizierte r\u00fcckstandsfreie Bienenwachs-Mittelw\u00e4nde \u2013 Format Deutsches Normalma\u00df (DNM) \u2013 34,5 \u00d7 20 cm (1-kg-Packungen)"},"content":{"rendered":"<p>Schweizer zertifizierte r\u00fcckstandsfreie Bienenwachs-Mittelw\u00e4nde \u2013 Format Deutsches Normalma\u00df (DNM) \u2013 34,5 \u00d7 20 cm (1-kg-Packungen)<\/p>\n<p>Gr\u00f6\u00dfe 34,5 x 20 cm<\/p>\n<p>Wir versenden das Zertifikat nur auf Anfrage.<\/p>\n<p><strong>DEGRESSIVE PREISE JE NACH MENGE.<\/strong><\/p>\n<p>Andere Abmessungen auf Anfrage.<\/p>\n<p><strong>F\u00fcr weitere Informationen kontaktieren Sie mich bitte.<\/strong><\/p>\n<p><a href=\"mailto:info@apimat.ch\"><strong>info@apimat.ch<\/strong><\/a><\/p>\n<p><strong>Telefon: 076 213 80 33<\/strong><\/p>\n<p>&nbsp;<\/p>\n","protected":false},"excerpt":{"rendered":"<p>Schweizer zertifizierte r\u00fcckstandsfreie Bienenwachs-Mittelw\u00e4nde \u2013 Format Deutsches Normalma\u00df (DNM) \u2013 34,5 \u00d7 20 cm (1-kg-Packungen) Gr\u00f6\u00dfe 34,5 x 20 cm Wir versenden das Zertifikat nur auf Anfrage. DEGRESSIVE PREISE JE NACH MENGE. Andere Abmessungen auf Anfrage. F\u00fcr weitere Informationen kontaktieren Sie mich bitte. info@apimat.ch Telefon: 076 213 80 33 &nbsp;<\/p>\n","protected":false},"featured_media":44336,"template":"","meta":{"_uf_show_specific_survey":0,"_uf_disable_surveys":false},"product_cat":[662,1060,103],"product_tag":[],"aioseo_notices":[],"_links":{"self":[{"href":"https:\/\/apimat.ch\/de\/wp-json\/wp\/v2\/product\/44334"}],"collection":[{"href":"https:\/\/apimat.ch\/de\/wp-json\/wp\/v2\/product"}],"about":[{"href":"https:\/\/apimat.ch\/de\/wp-json\/wp\/v2\/types\/product"}],"wp:featuredmedia":[{"embeddable":true,"href":"https:\/\/apimat.ch\/de\/wp-json\/wp\/v2\/media\/44336"}],"wp:attachment":[{"href":"https:\/\/apimat.ch\/de\/wp-json\/wp\/v2\/media?parent=44334"}],"wp:term":[{"taxonomy":"product_cat","embeddable":true,"href":"https:\/\/apimat.ch\/de\/wp-json\/wp\/v2\/product_cat?post=44334"},{"taxonomy":"product_tag","embeddable":true,"href":"https:\/\/apimat.ch\/de\/wp-json\/wp\/v2\/product_tag?post=44334"}],"curies":[{"name":"wp","href":"https:\/\/api.w.org\/{rel}","templated":true}]}}