{"id":44439,"date":"2026-05-03T09:04:16","date_gmt":"2026-05-03T09:24:50","guid":{"rendered":"https:\/\/apimat.ch\/?post_type=product&#038;p=44439"},"modified":"2026-05-03T11:27:08","modified_gmt":"2026-05-03T09:27:08","slug":"elektrische-tangential-honigschleuder-oe600-mm-4-universalraehmchen-230v-edelstahlauslaufhahn-drehzahlregler-economy-version","status":"publish","type":"product","link":"https:\/\/apimat.ch\/de\/produit\/elektrische-tangential-honigschleuder-oe600-mm-4-universalraehmchen-230v-edelstahlauslaufhahn-drehzahlregler-economy-version\/","title":{"rendered":"Elektrische Tangential-Honigschleuder \u00d8600 mm \u2013 4 Universalr\u00e4hmchen \u2013 230V \u2013 Edelstahlauslaufhahn \u2013 Drehzahlregler \u2013 Economy-Version"},"content":{"rendered":"<p data-start=\"0\" data-end=\"186\">Elektrische Tangential-Honigschleuder \u00d8600 mm \u2013 4 Universalr\u00e4hmchen \u2013 230V \u2013 Edelstahlauslaufhahn \u2013 Drehzahlregler \u2013 Economy-Version<\/p>\n<p data-start=\"188\" data-end=\"410\">Der MINIMA Honigschleuder ist eine wirtschaftliche, zuverl\u00e4ssige und vielseitige L\u00f6sung f\u00fcr kleine Imker und kleinere Bienenst\u00e4nde. Er kombiniert Leistung, einfache Bedienung und Kompatibilit\u00e4t mit mehreren Rahmenformaten.<\/p>\n<p data-start=\"412\" data-end=\"686\">Erh\u00e4ltlich in einer elektrischen 230-V-Version mit Drehzahlregler erm\u00f6glicht dieser tangentiale Schleuder eine schonende, schrittweise Honigextraktion. Der lebensmittelechte Edelstahltank sowie der Edelstahl-Auslaufhahn gew\u00e4hrleisten perfekte Hygiene und hohe Langlebigkeit.<\/p>\n<h3 data-section-id=\"4qb0dt\" data-start=\"688\" data-end=\"744\">Maximale Vielseitigkeit \u2013 bis zu 8 kompatible Rahmen<\/h3>\n<p data-start=\"745\" data-end=\"853\">Dieser Schleuder ist darauf ausgelegt, die wichtigsten in der Imkerei verwendeten Rahmenformate aufzunehmen:<\/p>\n<ul data-start=\"855\" data-end=\"1076\">\n<li data-section-id=\"wkgmqj\" data-start=\"855\" data-end=\"892\">8 Dadant Blatt R\u00e4hmchen (Honigraum)<\/li>\n<li data-section-id=\"dslcdd\" data-start=\"893\" data-end=\"916\">8 Langstroth R\u00e4hmchen<\/li>\n<li data-section-id=\"ec9qhx\" data-start=\"917\" data-end=\"936\">8 Zander R\u00e4hmchen<\/li>\n<li data-section-id=\"y06hem\" data-start=\"937\" data-end=\"968\">8 Deutsche Normalma\u00df R\u00e4hmchen<\/li>\n<li data-section-id=\"i7374i\" data-start=\"969\" data-end=\"1003\">8 Dadant US R\u00e4hmchen (Honigraum)<\/li>\n<li data-section-id=\"1fza38q\" data-start=\"1004\" data-end=\"1026\">8 Schneider R\u00e4hmchen<\/li>\n<li data-section-id=\"tp3pnu\" data-start=\"1027\" data-end=\"1055\">8 Schweizer Burki R\u00e4hmchen<\/li>\n<li data-section-id=\"12t03y4\" data-start=\"1056\" data-end=\"1076\">8 Warr\u00e9 R\u00e4hmchen<\/li>\n<\/ul>\n<p data-start=\"1078\" data-end=\"1210\">Diese hohe Vielseitigkeit macht ihn zu einem universellen Ger\u00e4t, ideal f\u00fcr Imker, die mit unterschiedlichen Beutensystemen arbeiten.<\/p>\n<h3 data-section-id=\"110cwi8\" data-start=\"1212\" data-end=\"1230\">Hauptmerkmale:<\/h3>\n<ul data-start=\"1231\" data-end=\"1540\">\n<li data-section-id=\"1e3ghiz\" data-start=\"1231\" data-end=\"1263\">Tangential-Schleuder \u00d8600 mm<\/li>\n<li data-section-id=\"14ajq8x\" data-start=\"1264\" data-end=\"1296\">Elektrische 230-V-Ausf\u00fchrung<\/li>\n<li data-section-id=\"1okk59t\" data-start=\"1297\" data-end=\"1340\">Drehzahlregler f\u00fcr schonende Extraktion<\/li>\n<li data-section-id=\"mtyxc9\" data-start=\"1341\" data-end=\"1389\">Edelstahlauslaufhahn in Lebensmittelqualit\u00e4t<\/li>\n<li data-section-id=\"1mhe7ag\" data-start=\"1390\" data-end=\"1416\">Robuster Edelstahltank<\/li>\n<li data-section-id=\"y298fw\" data-start=\"1417\" data-end=\"1452\">Transparenter Sicherheitsdeckel<\/li>\n<li data-section-id=\"ddd8al\" data-start=\"1453\" data-end=\"1491\">Kompaktes, wirtschaftliches Modell<\/li>\n<li data-section-id=\"xbmhv4\" data-start=\"1492\" data-end=\"1540\">Geeignet f\u00fcr kleine Imkereien und Hobbyimker<\/li>\n<\/ul>\n<p data-start=\"1542\" data-end=\"1716\">Dank des konischen Bodens und der optimierten Konstruktion flie\u00dft der Honig leicht ab \u2013 selbst sehr z\u00e4hfl\u00fcssiger Honig \u2013, was eine saubere und effiziente Ernte gew\u00e4hrleistet.<\/p>\n<p data-start=\"1718\" data-end=\"1852\" data-is-last-node=\"\" data-is-only-node=\"\">Ein moderner, vielseitiger und erschwinglicher Schleuder, ideal f\u00fcr den Einstieg oder zur Optimierung einer kleinen Imkereiproduktion.<\/p>\n<p class=\"p1\"><span class=\"Apple-converted-space\">\u00a0\u00a0<\/span><\/p>\n<p class=\"p2\"><b>DIE PREISE SIND JE NACH MENGE DEGRESSIV.<\/b><\/p>\n<p class=\"p2\"><b>F\u00fcr weitere Informationen kontaktieren Sie mich bitte.<\/b><\/p>\n<p class=\"p3\"><span class=\"s1\"><a href=\"mailto:info@apimat.ch\"><b>info@apimat.ch<\/b><\/a><\/span><\/p>\n<p class=\"p2\"><b>Telefon: 076 213 80 33<\/b><\/p>\n","protected":false},"excerpt":{"rendered":"<p>Elektrische Tangential-Honigschleuder \u00d8600 mm \u2013 4 Universalr\u00e4hmchen \u2013 230V \u2013 Edelstahlauslaufhahn \u2013 Drehzahlregler \u2013 Economy-Version Der MINIMA Honigschleuder ist eine wirtschaftliche, zuverl\u00e4ssige und vielseitige L\u00f6sung f\u00fcr kleine Imker und kleinere Bienenst\u00e4nde. Er kombiniert Leistung, einfache Bedienung und Kompatibilit\u00e4t mit mehreren Rahmenformaten. Erh\u00e4ltlich in einer elektrischen 230-V-Version mit Drehzahlregler erm\u00f6glicht dieser tangentiale Schleuder eine schonende, schrittweise [&hellip;]<\/p>\n","protected":false},"featured_media":44384,"template":"","meta":{"_uf_show_specific_survey":0,"_uf_disable_surveys":false},"product_cat":[662,107],"product_tag":[],"aioseo_notices":[],"_links":{"self":[{"href":"https:\/\/apimat.ch\/de\/wp-json\/wp\/v2\/product\/44439"}],"collection":[{"href":"https:\/\/apimat.ch\/de\/wp-json\/wp\/v2\/product"}],"about":[{"href":"https:\/\/apimat.ch\/de\/wp-json\/wp\/v2\/types\/product"}],"wp:featuredmedia":[{"embeddable":true,"href":"https:\/\/apimat.ch\/de\/wp-json\/wp\/v2\/media\/44384"}],"wp:attachment":[{"href":"https:\/\/apimat.ch\/de\/wp-json\/wp\/v2\/media?parent=44439"}],"wp:term":[{"taxonomy":"product_cat","embeddable":true,"href":"https:\/\/apimat.ch\/de\/wp-json\/wp\/v2\/product_cat?post=44439"},{"taxonomy":"product_tag","embeddable":true,"href":"https:\/\/apimat.ch\/de\/wp-json\/wp\/v2\/product_tag?post=44439"}],"curies":[{"name":"wp","href":"https:\/\/api.w.org\/{rel}","templated":true}]}}