{"id":44442,"date":"2026-05-03T10:24:47","date_gmt":"2026-05-03T09:30:22","guid":{"rendered":"https:\/\/apimat.ch\/?post_type=product&#038;p=44442"},"modified":"2026-05-03T11:43:37","modified_gmt":"2026-05-03T09:43:37","slug":"elektrische-tangential-honigschleuder-oe600-mm-8-universalraehmchen-oder-4-brutraumraehmchen-230v-12v-standardversion","status":"publish","type":"product","link":"https:\/\/apimat.ch\/de\/produit\/elektrische-tangential-honigschleuder-oe600-mm-8-universalraehmchen-oder-4-brutraumraehmchen-230v-12v-standardversion\/","title":{"rendered":"Elektrische Tangential-Honigschleuder \u00d8600 mm \u2013 8 Universalr\u00e4hmchen oder 4 Brutraumr\u00e4hmchen \u2013 230V\/12V \u2013 Standardversion"},"content":{"rendered":"<p>Elektrische Tangential-Honigschleuder \u00d8600 mm \u2013 8 Universalr\u00e4hmchen oder 4 Brutraumr\u00e4hmchen \u2013 230V\/12V \u2013 Standardversion<\/p>\n<p data-start=\"0\" data-end=\"240\"><strong data-start=\"0\" data-end=\"16\">Beschreibung<\/strong><br data-start=\"16\" data-end=\"19\" \/>Dieser tangentiale Honigschleuder \u00d8600 mm ist eine kompakte elektrische Maschine, die f\u00fcr Hobbyimker und kleine gewerbliche Imkereien entwickelt wurde, die eine vielseitige und effiziente L\u00f6sung zur Honiggewinnung suchen.<\/p>\n<p data-start=\"242\" data-end=\"483\">Er erm\u00f6glicht die Verarbeitung von 8 universellen Honigr\u00e4hmchen oder 4 Brutraumr\u00e4hmchen, je nach verwendeter Konfiguration. Diese doppelte Kapazit\u00e4t macht ihn zu einem anpassungsf\u00e4higen Ger\u00e4t f\u00fcr verschiedene Beutentypen und R\u00e4hmchenformate.<\/p>\n<p data-start=\"485\" data-end=\"770\">Der elektrische Antrieb mit 230V \/ 12V bietet gro\u00dfe Flexibilit\u00e4t im Einsatz, sowohl in station\u00e4ren Schleuderr\u00e4umen als auch unter mobileren Betriebsbedingungen. Das System sorgt f\u00fcr einen sanften Start des Korbes, um die Waben zu sch\u00fctzen, insbesondere die j\u00fcngsten oder empfindlichen.<\/p>\n<p data-start=\"772\" data-end=\"996\">Der tangentiale Betrieb erfolgt in zwei Phasen mit manuellem Wenden der R\u00e4hmchen, um jede Seite separat zu schleudern. Diese Methode gew\u00e4hrleistet eine effiziente Honiggewinnung bei gleichzeitiger Schonung der Wabenstruktur.<\/p>\n<p data-start=\"998\" data-end=\"1204\">Der Beh\u00e4lter besteht aus s\u00e4urebest\u00e4ndigem, lebensmittelechtem Edelstahl und sorgt f\u00fcr Langlebigkeit, Hygiene und einfache Reinigung. Der konische Boden erleichtert den Honigfluss zum Edelstahl-Ablassventil.<\/p>\n<p data-start=\"1206\" data-end=\"1569\"><strong data-start=\"1206\" data-end=\"1224\">Hauptmerkmale:<\/strong><br data-start=\"1224\" data-end=\"1227\" \/>Durchmesser: \u00d8600 mm<br data-start=\"1247\" data-end=\"1250\" \/>Typ: tangential<br data-start=\"1265\" data-end=\"1268\" \/>Kapazit\u00e4t: 8 universelle Honigr\u00e4hmchen oder 4 Brutraumr\u00e4hmchen<br data-start=\"1330\" data-end=\"1333\" \/>Antrieb: elektrisch 230V \/ 12V<br data-start=\"1363\" data-end=\"1366\" \/>Struktur: lebensmittelechter Edelstahl<br data-start=\"1404\" data-end=\"1407\" \/>Betrieb: Sanftanlauf mit Geschwindigkeitsregelung<br data-start=\"1456\" data-end=\"1459\" \/>Transparenter Sicherheitsdeckel<br data-start=\"1490\" data-end=\"1493\" \/>Edelstahl-Ablassventil<br data-start=\"1515\" data-end=\"1518\" \/>Einfache Bedienung, geeignet f\u00fcr kleine Imkereien<\/p>\n<p data-start=\"1571\" data-end=\"1771\" data-is-last-node=\"\" data-is-only-node=\"\">Dieser Schleuder stellt eine vielseitige L\u00f6sung f\u00fcr Imker dar, die eine kompakte, zuverl\u00e4ssige Ausr\u00fcstung suchen, die sich je nach Produktionsbedarf an unterschiedliche R\u00e4hmchenformate anpassen l\u00e4sst.<\/p>\n<p class=\"p1\"><span class=\"Apple-converted-space\">\u00a0\u00a0<\/span><\/p>\n<p class=\"p2\"><b>DIE PREISE SIND JE NACH MENGE DEGRESSIV.<\/b><\/p>\n<p class=\"p2\"><b>F\u00fcr weitere Informationen kontaktieren Sie mich bitte.<\/b><\/p>\n<p class=\"p3\"><span class=\"s1\"><a href=\"mailto:info@apimat.ch\"><b>info@apimat.ch<\/b><\/a><\/span><\/p>\n<p class=\"p2\"><b>Telefon: 076 213 80 33<\/b><\/p>\n<p>&nbsp;<\/p>\n","protected":false},"excerpt":{"rendered":"<p>Elektrische Tangential-Honigschleuder \u00d8600 mm \u2013 8 Universalr\u00e4hmchen oder 4 Brutraumr\u00e4hmchen \u2013 230V\/12V \u2013 Standardversion BeschreibungDieser tangentiale Honigschleuder \u00d8600 mm ist eine kompakte elektrische Maschine, die f\u00fcr Hobbyimker und kleine gewerbliche Imkereien entwickelt wurde, die eine vielseitige und effiziente L\u00f6sung zur Honiggewinnung suchen. Er erm\u00f6glicht die Verarbeitung von 8 universellen Honigr\u00e4hmchen oder 4 Brutraumr\u00e4hmchen, je nach [&hellip;]<\/p>\n","protected":false},"featured_media":44423,"template":"","meta":{"_uf_show_specific_survey":0,"_uf_disable_surveys":false},"product_cat":[662,107],"product_tag":[],"aioseo_notices":[],"_links":{"self":[{"href":"https:\/\/apimat.ch\/de\/wp-json\/wp\/v2\/product\/44442"}],"collection":[{"href":"https:\/\/apimat.ch\/de\/wp-json\/wp\/v2\/product"}],"about":[{"href":"https:\/\/apimat.ch\/de\/wp-json\/wp\/v2\/types\/product"}],"wp:featuredmedia":[{"embeddable":true,"href":"https:\/\/apimat.ch\/de\/wp-json\/wp\/v2\/media\/44423"}],"wp:attachment":[{"href":"https:\/\/apimat.ch\/de\/wp-json\/wp\/v2\/media?parent=44442"}],"wp:term":[{"taxonomy":"product_cat","embeddable":true,"href":"https:\/\/apimat.ch\/de\/wp-json\/wp\/v2\/product_cat?post=44442"},{"taxonomy":"product_tag","embeddable":true,"href":"https:\/\/apimat.ch\/de\/wp-json\/wp\/v2\/product_tag?post=44442"}],"curies":[{"name":"wp","href":"https:\/\/api.w.org\/{rel}","templated":true}]}}