{"id":44446,"date":"2026-05-03T10:37:23","date_gmt":"2026-05-03T09:32:48","guid":{"rendered":"https:\/\/apimat.ch\/?post_type=product&#038;p=44446"},"modified":"2026-05-03T11:42:30","modified_gmt":"2026-05-03T09:42:30","slug":"elektrische-honigschleuder-oe800-mm-umkehrbar-4-universalraehmchen-8-dadant-1-2-kassetten-radialeinsatz-automatische-steuerung-standardversion","status":"publish","type":"product","link":"https:\/\/apimat.ch\/de\/produit\/elektrische-honigschleuder-oe800-mm-umkehrbar-4-universalraehmchen-8-dadant-1-2-kassetten-radialeinsatz-automatische-steuerung-standardversion\/","title":{"rendered":"Elektrische Honigschleuder \u00d8800 mm \u2013 umkehrbar \u2013 4 Universalr\u00e4hmchen \/ 8 Dadant 1\/2 \u2013 Kassetten-\/Radialeinsatz \u2013 automatische Steuerung \u2013 Standardversion"},"content":{"rendered":"<p>Elektrische Honigschleuder \u00d8800 mm \u2013 umkehrbar \u2013 4 Universalr\u00e4hmchen \/ 8 Dadant 1\/2 \u2013 Kassetten-\/Radialeinsatz \u2013 automatische Steuerung \u2013 Standardversion<\/p>\n<p>&nbsp;<\/p>\n<section class=\"text-token-text-primary w-full focus:outline-none [--shadow-height:45px] has-data-writing-block:pointer-events-none has-data-writing-block:-mt-(--shadow-height) has-data-writing-block:pt-(--shadow-height) [&amp;:has([data-writing-block])&gt;*]:pointer-events-auto [content-visibility:auto] supports-[content-visibility:auto]:[contain-intrinsic-size:auto_100lvh] R6Vx5W_threadScrollVars scroll-mb-[calc(var(--scroll-root-safe-area-inset-bottom,0px)+var(--thread-response-height))] scroll-mt-[calc(var(--header-height)+min(200px,max(70px,20svh)))]\" dir=\"auto\" data-turn-id=\"request-WEB:0c45d78f-beb5-42e4-9ce3-55154f56e81f-2\" data-testid=\"conversation-turn-2\" data-scroll-anchor=\"false\" data-turn=\"assistant\">\n<div class=\"text-base my-auto mx-auto pb-10 [--thread-content-margin:var(--thread-content-margin-xs,calc(var(--spacing)*4))] @w-sm\/main:[--thread-content-margin:var(--thread-content-margin-sm,calc(var(--spacing)*6))] @w-lg\/main:[--thread-content-margin:var(--thread-content-margin-lg,calc(var(--spacing)*16))] px-(--thread-content-margin)\">\n<div class=\"[--thread-content-max-width:40rem] @w-lg\/main:[--thread-content-max-width:48rem] mx-auto max-w-(--thread-content-max-width) flex-1 group\/turn-messages focus-visible:outline-hidden relative flex w-full min-w-0 flex-col agent-turn\">\n<div class=\"flex max-w-full flex-col gap-4 grow\">\n<div class=\"min-h-8 text-message relative flex w-full flex-col items-end gap-2 text-start break-words whitespace-normal outline-none keyboard-focused:focus-ring [.text-message+&amp;]:mt-1\" dir=\"auto\" tabindex=\"0\" data-message-author-role=\"assistant\" data-message-id=\"dcc356d9-ebba-4f73-8826-69054c2eae49\" data-message-model-slug=\"gpt-5-3-mini\" data-turn-start-message=\"true\">\n<div class=\"flex w-full flex-col gap-1 empty:hidden\">\n<div class=\"markdown prose dark:prose-invert w-full wrap-break-word light markdown-new-styling\">\n<p data-start=\"0\" data-end=\"158\"><strong data-start=\"0\" data-end=\"16\">Beschreibung<\/strong><br data-start=\"16\" data-end=\"19\" \/>Elektrischer Honigschleuder \u00d8800 mm, entwickelt f\u00fcr kleine und mittlere Imker, die Leistung, Zuverl\u00e4ssigkeit und einfache Bedienung suchen.<\/p>\n<p data-start=\"160\" data-end=\"462\">Ausgestattet mit einem reversiblen Kassetten-\/Radialsystem, nimmt er 4 universelle Mehrzweck-R\u00e4hmchen oder 8 Halb-Dadant-R\u00e4hmchen auf. Der Beh\u00e4lter aus verst\u00e4rktem lebensmittelechtem Edelstahl (0,8 mm) und der robuste Kassettenkorb sorgen f\u00fcr eine schonende Schleuderung, ohne die Waben zu besch\u00e4digen.<\/p>\n<p data-start=\"464\" data-end=\"734\">Der 0,55 kW 230V Motor mit Getriebemotor und Mitsubishi-Frequenzumrichter gew\u00e4hrleistet eine gleichm\u00e4\u00dfige, leise und energieeffiziente Rotation (bis zu -35 %). Das Sicherheitssystem mit elektromagnetischer Deckelverriegelung sorgt f\u00fcr einen vollst\u00e4ndig sicheren Betrieb.<\/p>\n<p data-start=\"736\" data-end=\"885\">Der intelligente HE-03-Controller bietet mehrere automatische Programme, einen intuitiven Farbdisplay und eine pr\u00e4zise Steuerung der Schleuderzyklen.<\/p>\n<p data-start=\"887\" data-end=\"1057\">Stabile Edelstahlkonstruktion, 8 mm transparente Deckel und reduzierte Vibrationen dank D\u00e4mpfungsf\u00fc\u00dfen \u2013 alles ist auf optimalen Komfort und hohe Langlebigkeit ausgelegt.<\/p>\n<p data-start=\"1059\" data-end=\"1354\"><strong data-start=\"1059\" data-end=\"1074\">Hauptpunkte<\/strong><br data-start=\"1074\" data-end=\"1077\" \/>\u00d8800 mm \u2013 reversibel: Kassette \/ radial<br data-start=\"1116\" data-end=\"1119\" \/>4 universelle Mehrzweck-R\u00e4hmchen oder 8 Dadant 1\/2<br data-start=\"1169\" data-end=\"1172\" \/>Motor 0,55 kW \u2013 230V<br data-start=\"1192\" data-end=\"1195\" \/>Automatischer HE-03-Controller<br data-start=\"1225\" data-end=\"1228\" \/>Verst\u00e4rkter Edelstahlbeh\u00e4lter 0,8 mm<br data-start=\"1264\" data-end=\"1267\" \/>Transparente 8 mm Deckel<br data-start=\"1291\" data-end=\"1294\" \/>CE-Sicherheitsverriegelung<br data-start=\"1320\" data-end=\"1323\" \/>Bis zu -35 % Energieverbrauch<\/p>\n<p data-start=\"1356\" data-end=\"1619\" data-is-last-node=\"\" data-is-only-node=\"\"><strong data-start=\"1356\" data-end=\"1367\">St\u00e4rken<\/strong><br data-start=\"1367\" data-end=\"1370\" \/>Reversible Kassetten-\/Radialschleuder<br data-start=\"1407\" data-end=\"1410\" \/>Robuster und kompakter \u00d8800 mm Durchmesser<br data-start=\"1452\" data-end=\"1455\" \/>Automatische Steuerung der Schleuderzyklen<br data-start=\"1497\" data-end=\"1500\" \/>Geeignet f\u00fcr Dadant-R\u00e4hmchen<br data-start=\"1528\" data-end=\"1531\" \/>Langlebige lebensmittelechte Edelstahlstruktur<br data-start=\"1577\" data-end=\"1580\" \/>Ideal f\u00fcr kleine und mittlere Imkereien<\/p>\n<\/div>\n<\/div>\n<\/div>\n<\/div>\n<\/div>\n<\/div>\n<\/section>\n<p class=\"p1\"><span class=\"Apple-converted-space\">\u00a0\u00a0<\/span><\/p>\n<p class=\"p2\"><b>DIE PREISE SIND JE NACH MENGE DEGRESSIV.<\/b><\/p>\n<p class=\"p2\"><b>F\u00fcr weitere Informationen kontaktieren Sie mich bitte.<\/b><\/p>\n<p class=\"p3\"><span class=\"s1\"><a href=\"mailto:info@apimat.ch\"><b>info@apimat.ch<\/b><\/a><\/span><\/p>\n<p class=\"p2\"><b>Telefon: 076 213 80 33<\/b><\/p>\n","protected":false},"excerpt":{"rendered":"<p>Elektrische Honigschleuder \u00d8800 mm \u2013 umkehrbar \u2013 4 Universalr\u00e4hmchen \/ 8 Dadant 1\/2 \u2013 Kassetten-\/Radialeinsatz \u2013 automatische Steuerung \u2013 Standardversion &nbsp; BeschreibungElektrischer Honigschleuder \u00d8800 mm, entwickelt f\u00fcr kleine und mittlere Imker, die Leistung, Zuverl\u00e4ssigkeit und einfache Bedienung suchen. Ausgestattet mit einem reversiblen Kassetten-\/Radialsystem, nimmt er 4 universelle Mehrzweck-R\u00e4hmchen oder 8 Halb-Dadant-R\u00e4hmchen auf. Der Beh\u00e4lter aus [&hellip;]<\/p>\n","protected":false},"featured_media":44433,"template":"","meta":{"_uf_show_specific_survey":0,"_uf_disable_surveys":false},"product_cat":[662,107],"product_tag":[],"aioseo_notices":[],"_links":{"self":[{"href":"https:\/\/apimat.ch\/de\/wp-json\/wp\/v2\/product\/44446"}],"collection":[{"href":"https:\/\/apimat.ch\/de\/wp-json\/wp\/v2\/product"}],"about":[{"href":"https:\/\/apimat.ch\/de\/wp-json\/wp\/v2\/types\/product"}],"wp:featuredmedia":[{"embeddable":true,"href":"https:\/\/apimat.ch\/de\/wp-json\/wp\/v2\/media\/44433"}],"wp:attachment":[{"href":"https:\/\/apimat.ch\/de\/wp-json\/wp\/v2\/media?parent=44446"}],"wp:term":[{"taxonomy":"product_cat","embeddable":true,"href":"https:\/\/apimat.ch\/de\/wp-json\/wp\/v2\/product_cat?post=44446"},{"taxonomy":"product_tag","embeddable":true,"href":"https:\/\/apimat.ch\/de\/wp-json\/wp\/v2\/product_tag?post=44446"}],"curies":[{"name":"wp","href":"https:\/\/api.w.org\/{rel}","templated":true}]}}