{"id":44671,"date":"2026-05-08T09:19:54","date_gmt":"2026-05-08T18:18:14","guid":{"rendered":"https:\/\/apimat.ch\/?post_type=product&#038;p=44671"},"modified":"2026-05-08T20:22:19","modified_gmt":"2026-05-08T18:22:19","slug":"asiatische-hornissenfalle-osaka-select-im-japanischen-stil-hochleistungs-selektivfalle","status":"publish","type":"product","link":"https:\/\/apimat.ch\/de\/produit\/asiatische-hornissenfalle-osaka-select-im-japanischen-stil-hochleistungs-selektivfalle\/","title":{"rendered":"Asiatische Hornissenfalle Osaka S\u00e9lect im japanischen Stil \u2013 Hochleistungs-Selektivfalle"},"content":{"rendered":"<p>Asiatische Hornissenfalle Osaka S\u00e9lect im japanischen Stil \u2013 Hochleistungs-Selektivfalle<\/p>\n<p data-start=\"0\" data-end=\"98\"><strong data-start=\"0\" data-end=\"98\">Osaka S\u00e9lect Asiatische Hornissenfalle im japanischen Stil \u2013 Hochleistungsf\u00e4hige Selektivfalle<\/strong><\/p>\n<p data-start=\"100\" data-end=\"472\">Entdecken Sie die Osaka Hornissenfalle im japanischen Stil \u2013 ein patentiertes, selektives System zur wirksamen Bek\u00e4mpfung asiatischer Hornissen bei gleichzeitigem Schutz der Biodiversit\u00e4t. Diese hochwertige Falle wurde seit \u00fcber 8 Jahren erfolgreich getestet, auch in Asien, und zeichnet sich durch ihre ausgereifte Konstruktion sowie ihre doppelte Lockstoffkapazit\u00e4t aus.<\/p>\n<ul data-start=\"474\" data-end=\"1085\">\n<li data-section-id=\"krw2fv\" data-start=\"474\" data-end=\"542\">Zwei gro\u00dfe gelbe Eing\u00e4nge ziehen Hornissen besonders effektiv an<\/li>\n<li data-section-id=\"h0mjnq\" data-start=\"543\" data-end=\"613\">Doppelkammer-System: fl\u00fcssiger und fester K\u00f6der je nach Jahreszeit<\/li>\n<li data-section-id=\"1505cok\" data-start=\"614\" data-end=\"731\">Verbesserte Selektivit\u00e4t: gro\u00dfe Auslassschlitze erleichtern das Entkommen von Bienen und anderen kleinen Insekten<\/li>\n<li data-section-id=\"12sed8k\" data-start=\"732\" data-end=\"790\">Gro\u00dfes Fangvolumen dank transparenter Kunststoff-Reuse<\/li>\n<li data-section-id=\"rgxe50\" data-start=\"791\" data-end=\"863\">Hohe Fangwirkung, verst\u00e4rkt durch die Pheromone gefangener Hornissen<\/li>\n<li data-section-id=\"1xl9w1j\" data-start=\"864\" data-end=\"910\">Tiefer Schwerpunkt f\u00fcr hohe Windstabilit\u00e4t<\/li>\n<li data-section-id=\"1wyef88\" data-start=\"911\" data-end=\"953\">Bessere Konservierung der K\u00f6derger\u00fcche<\/li>\n<li data-section-id=\"1de9er8\" data-start=\"954\" data-end=\"1014\">Einfach zu reinigen und langlebig: vollst\u00e4ndig zerlegbar<\/li>\n<li data-section-id=\"1lfcxcw\" data-start=\"1015\" data-end=\"1085\">Kann aufgeh\u00e4ngt oder aufgestellt werden (2 Aufh\u00e4ngedr\u00e4hte inklusive)<\/li>\n<\/ul>\n<div class='avia-iframe-wrap'><iframe loading=\"lazy\" title=\"\ud83d\udea8 NOUVEAU   Le pie\u0300ge a\u0300 frelons asiatiques Osaka Se\u0301lect type Japonais est arrive\u0301 chez Apimat\" width=\"563\" height=\"1000\" src=\"https:\/\/www.youtube.com\/embed\/IXMqJhs_HvA?feature=oembed\" frameborder=\"0\" allow=\"accelerometer; autoplay; clipboard-write; encrypted-media; gyroscope; picture-in-picture; web-share\" referrerpolicy=\"strict-origin-when-cross-origin\" allowfullscreen><\/iframe><\/div>\n<h3 data-section-id=\"19hu9mh\" data-start=\"1087\" data-end=\"1139\">Eine leistungsstarke und umweltfreundliche Falle<\/h3>\n<ul data-start=\"1141\" data-end=\"1867\" data-is-last-node=\"\" data-is-only-node=\"\">\n<li data-section-id=\"gcqok0\" data-start=\"1141\" data-end=\"1362\"><strong data-start=\"1143\" data-end=\"1182\">Patentierte selektive Konstruktion:<\/strong> Der transparente K\u00e4fig f\u00e4ngt ausschlie\u00dflich asiatische Hornissen und erm\u00f6glicht gleichzeitig Bienen, Schmetterlingen, Marienk\u00e4fern und anderen n\u00fctzlichen Insekten das Entkommen.<\/li>\n<li data-section-id=\"t1lqvy\" data-start=\"1363\" data-end=\"1560\"><strong data-start=\"1365\" data-end=\"1389\">Doppeltes K\u00f6derfach:<\/strong> Gleichzeitige Verwendung eines fl\u00fcssigen Lockstoffs (Fr\u00fchling) und eines festen Lockstoffs (Proteine im Sp\u00e4tsommer), angepasst an das saisonale Verhalten der Hornissen.<\/li>\n<li data-section-id=\"1v3c80e\" data-start=\"1561\" data-end=\"1659\"><strong data-start=\"1563\" data-end=\"1597\">Intelligentes R\u00fcckhaltesystem:<\/strong> Einmal gefangen, k\u00f6nnen die Hornissen nicht mehr entkommen.<\/li>\n<li data-section-id=\"e7kpx7\" data-start=\"1660\" data-end=\"1770\"><strong data-start=\"1662\" data-end=\"1697\">Inklusive selektivem Saugvlies:<\/strong> Sch\u00fctzt kleine Insekten und verbessert die Verbreitung der Lockstoffe.<\/li>\n<li data-section-id=\"f18qgf\" data-start=\"1771\" data-end=\"1867\" data-is-last-node=\"\"><strong data-start=\"1773\" data-end=\"1795\">Gesch\u00fctzter K\u00f6der:<\/strong> Schutzgitter und Abdeckung verhindern eine Verunreinigung durch Wasser.<\/li>\n<\/ul>\n<p class=\"p1\"><b>DIE PREISE SIND JE NACH MENGE DEGRESSIV.<\/b><\/p>\n<p class=\"p1\"><b>F\u00fcr weitere Informationen kontaktieren Sie mich bitte.<\/b><\/p>\n<p class=\"p2\"><span class=\"s1\"><a href=\"mailto:info@apimat.ch\"><b>info@apimat.ch<\/b><\/a><\/span><\/p>\n<p class=\"p1\"><b>Telefon: 076 213 80 33<\/b><\/p>\n","protected":false},"excerpt":{"rendered":"<p>Asiatische Hornissenfalle Osaka S\u00e9lect im japanischen Stil \u2013 Hochleistungs-Selektivfalle Osaka S\u00e9lect Asiatische Hornissenfalle im japanischen Stil \u2013 Hochleistungsf\u00e4hige Selektivfalle Entdecken Sie die Osaka Hornissenfalle im japanischen Stil \u2013 ein patentiertes, selektives System zur wirksamen Bek\u00e4mpfung asiatischer Hornissen bei gleichzeitigem Schutz der Biodiversit\u00e4t. Diese hochwertige Falle wurde seit \u00fcber 8 Jahren erfolgreich getestet, auch in Asien, [&hellip;]<\/p>\n","protected":false},"featured_media":44645,"template":"","meta":{"_uf_show_specific_survey":0,"_uf_disable_surveys":false},"product_cat":[662,912],"product_tag":[],"aioseo_notices":[],"_links":{"self":[{"href":"https:\/\/apimat.ch\/de\/wp-json\/wp\/v2\/product\/44671"}],"collection":[{"href":"https:\/\/apimat.ch\/de\/wp-json\/wp\/v2\/product"}],"about":[{"href":"https:\/\/apimat.ch\/de\/wp-json\/wp\/v2\/types\/product"}],"wp:featuredmedia":[{"embeddable":true,"href":"https:\/\/apimat.ch\/de\/wp-json\/wp\/v2\/media\/44645"}],"wp:attachment":[{"href":"https:\/\/apimat.ch\/de\/wp-json\/wp\/v2\/media?parent=44671"}],"wp:term":[{"taxonomy":"product_cat","embeddable":true,"href":"https:\/\/apimat.ch\/de\/wp-json\/wp\/v2\/product_cat?post=44671"},{"taxonomy":"product_tag","embeddable":true,"href":"https:\/\/apimat.ch\/de\/wp-json\/wp\/v2\/product_tag?post=44671"}],"curies":[{"name":"wp","href":"https:\/\/api.w.org\/{rel}","templated":true}]}}