{"id":44797,"date":"2026-05-13T07:09:14","date_gmt":"2026-05-13T05:09:15","guid":{"rendered":"https:\/\/apimat.ch\/?post_type=product&#038;p=44797"},"modified":"2026-05-13T07:17:27","modified_gmt":"2026-05-13T05:17:27","slug":"beestrong-5-liter-der-natuerliche-booster-fuer-bienenvoelker","status":"publish","type":"product","link":"https:\/\/apimat.ch\/de\/produit\/beestrong-5-liter-der-natuerliche-booster-fuer-bienenvoelker\/","title":{"rendered":"BeeStrong 5 Liter \u2013 Der nat\u00fcrliche Booster f\u00fcr Bienenv\u00f6lker"},"content":{"rendered":"<p data-start=\"641\" data-end=\"1191\"><strong data-start=\"641\" data-end=\"657\">Beschreibung<\/strong><br data-start=\"657\" data-end=\"660\" \/>Angesichts der wachsenden Herausforderungen \u2013 Parasiten, Krankheitserreger, schlechte Ern\u00e4hrung und Pestizide, oder die \u201e3 P\u201c (auf Englisch) \u2013 brauchen Bienenv\u00f6lker unsere Unterst\u00fctzung. Obwohl wir die Umwelt nicht ver\u00e4ndern oder Krankheiten ausrotten k\u00f6nnen, k\u00f6nnen wir unsere Bienen st\u00e4rken, um ihnen zu helfen, diese Stressfaktoren zu \u00fcberwinden.<br data-start=\"1009\" data-end=\"1012\" \/>Ein widerstandsf\u00e4higes Bienenvolk zeichnet sich durch gesunde und robuste Bienen aus.<br data-start=\"1097\" data-end=\"1100\" \/>Drei Schl\u00fcsselelemente tragen zu ihrer St\u00e4rke bei: Bienenmasse, Ern\u00e4hrung und Gesundheit.<\/p>\n<ul data-start=\"1193\" data-end=\"1597\">\n<li data-start=\"1193\" data-end=\"1340\"><strong data-start=\"1195\" data-end=\"1210\">Bienenmasse<\/strong>: Sorgen Sie durch gute Gesundheit und Ern\u00e4hrung daf\u00fcr, dass Ihr Bienenvolk lebendig und voller aktiver, robuster Bienen bleibt.<\/li>\n<li data-start=\"1341\" data-end=\"1487\"><strong data-start=\"1343\" data-end=\"1356\">Ern\u00e4hrung<\/strong>: F\u00fcttern Sie Ihre Bienen mit hochwertigem Futter, besonders w\u00e4hrend der kritischen Zeiten im Herbst und zu Beginn des Fr\u00fchjahrs.<\/li>\n<li data-start=\"1488\" data-end=\"1597\"><strong data-start=\"1490\" data-end=\"1504\">Gesundheit<\/strong>: Achten Sie auf eine ausgezeichnete Hygiene im Bienenstock und die Aufzucht gesunder Larven.<\/li>\n<\/ul>\n<hr data-start=\"1599\" data-end=\"1602\" \/>\n<p data-start=\"1604\" data-end=\"1844\"><strong data-start=\"1604\" data-end=\"1634\">Fr\u00fchjahrs-Vitalit\u00e4ts-Boost<\/strong>: Geben Sie Ihrem Bienenvolk einen Vorsprung f\u00fcr die neue Saison mit einem nahrhaften und stimulierenden Futter. Dies f\u00f6rdert eine starke und gesunde Brut und schafft die Grundlage f\u00fcr eine produktive Saison.<\/p>\n<p data-start=\"1846\" data-end=\"2118\"><strong data-start=\"1846\" data-end=\"1868\">Wintervorbereitung<\/strong>: Wenn der Sommer zu Ende geht, ist es Zeit, sich auf die Aufzucht robuster Winterbienen zu konzentrieren. Diese widerstandsf\u00e4higen Bienen sind der Schl\u00fcssel f\u00fcr eine erfolgreiche \u00dcberwinterung und garantieren einen vielversprechenden Saisonbeginn.<\/p>\n<p data-start=\"2120\" data-end=\"2446\"><strong data-start=\"2120\" data-end=\"2163\">Laufende Unterst\u00fctzung des Bienenvolkes<\/strong>: Bleiben Sie w\u00e4hrend der gesamten Imkersaison wachsam. Wenn Probleme mit der Brutentwicklung auftreten und der Nektar knapp wird, kommen unsere Erg\u00e4nzungsfutterl\u00f6sungen zum Einsatz. Sichern Sie das Wohlbefinden und die Produktivit\u00e4t Ihres Bienenstocks mit gezielter Unterst\u00fctzung.<\/p>\n<hr data-start=\"2448\" data-end=\"2451\" \/>\n<p data-start=\"2453\" data-end=\"2601\">Wir empfehlen, die Bienen mindestens zweimal im Jahr mit BeeStrong\u00ae zu f\u00fcttern. Der j\u00e4hrliche Bedarf betr\u00e4gt etwa 100 ml BeeStrong pro Bienenvolk.<\/p>\n<p data-start=\"2603\" data-end=\"2686\">F\u00fcr den gewerblichen Einsatz ist BeeStrong\u00ae auch in 5-Liter-Kanistern erh\u00e4ltlich.<\/p>\n<p data-start=\"2688\" data-end=\"2850\">F\u00fcr ein Bienenvolk einfach 25 bis 50 ml BeeStrong\u00ae in Zuckersirup einr\u00fchren. Verwenden Sie mindestens 1\/2 l Sirup pro Bienenvolk zur Verd\u00fcnnung (2 l empfohlen).<\/p>\n<p data-start=\"2852\" data-end=\"2941\">Gut umr\u00fchren und an die Bienen verf\u00fcttern. Falls erforderlich, nach 2 Wochen wiederholen.<\/p>\n<p>&nbsp;<\/p>\n<div class='avia-iframe-wrap'><iframe loading=\"lazy\" title=\"BeeStrong Application by SK_beekeeping\" width=\"1500\" height=\"844\" src=\"https:\/\/www.youtube.com\/embed\/akMRWI0idn8?start=8&#038;feature=oembed\" frameborder=\"0\" allow=\"accelerometer; autoplay; clipboard-write; encrypted-media; gyroscope; picture-in-picture; web-share\" referrerpolicy=\"strict-origin-when-cross-origin\" allowfullscreen><\/iframe><\/div>\n<p>&nbsp;<\/p>\n<p class=\"p2\"><b>DIE PREISE SIND JE NACH MENGE DEGRESSIV.<\/b><\/p>\n<p class=\"p2\"><b>F\u00fcr weitere Informationen kontaktieren Sie mich bitte.<\/b><\/p>\n<p class=\"p3\"><span class=\"s1\"><a href=\"mailto:info@apimat.ch\"><b>info@apimat.ch<\/b><\/a><\/span><\/p>\n<p class=\"p2\"><b>Telefon: 076 213 80 33<\/b><\/p>\n<p>&nbsp;<\/p>\n","protected":false},"excerpt":{"rendered":"<p>BeschreibungAngesichts der wachsenden Herausforderungen \u2013 Parasiten, Krankheitserreger, schlechte Ern\u00e4hrung und Pestizide, oder die \u201e3 P\u201c (auf Englisch) \u2013 brauchen Bienenv\u00f6lker unsere Unterst\u00fctzung. Obwohl wir die Umwelt nicht ver\u00e4ndern oder Krankheiten ausrotten k\u00f6nnen, k\u00f6nnen wir unsere Bienen st\u00e4rken, um ihnen zu helfen, diese Stressfaktoren zu \u00fcberwinden.Ein widerstandsf\u00e4higes Bienenvolk zeichnet sich durch gesunde und robuste Bienen aus.Drei [&hellip;]<\/p>\n","protected":false},"featured_media":44799,"template":"","meta":{"_uf_show_specific_survey":0,"_uf_disable_surveys":false},"product_cat":[662,94],"product_tag":[],"aioseo_notices":[],"_links":{"self":[{"href":"https:\/\/apimat.ch\/de\/wp-json\/wp\/v2\/product\/44797"}],"collection":[{"href":"https:\/\/apimat.ch\/de\/wp-json\/wp\/v2\/product"}],"about":[{"href":"https:\/\/apimat.ch\/de\/wp-json\/wp\/v2\/types\/product"}],"wp:featuredmedia":[{"embeddable":true,"href":"https:\/\/apimat.ch\/de\/wp-json\/wp\/v2\/media\/44799"}],"wp:attachment":[{"href":"https:\/\/apimat.ch\/de\/wp-json\/wp\/v2\/media?parent=44797"}],"wp:term":[{"taxonomy":"product_cat","embeddable":true,"href":"https:\/\/apimat.ch\/de\/wp-json\/wp\/v2\/product_cat?post=44797"},{"taxonomy":"product_tag","embeddable":true,"href":"https:\/\/apimat.ch\/de\/wp-json\/wp\/v2\/product_tag?post=44797"}],"curies":[{"name":"wp","href":"https:\/\/api.w.org\/{rel}","templated":true}]}}