{"id":6163,"date":"2019-12-24T04:18:35","date_gmt":"2019-12-25T15:38:47","guid":{"rendered":"https:\/\/apimat.ch\/?post_type=product&#038;p=6163"},"modified":"2021-06-10T14:49:50","modified_gmt":"2021-06-10T12:49:50","slug":"pastoraler-bienenstock-dadant-10-komplett-und-vollstaendig-in-edelstahl-ausgestattet","status":"publish","type":"product","link":"https:\/\/apimat.ch\/de\/produit\/pastoraler-bienenstock-dadant-10-komplett-und-vollstaendig-in-edelstahl-ausgestattet\/","title":{"rendered":"Bienenstock &#8220;pastoral&#8221; Dadant 10 Rahmen, komplett mit Edelstahl ausger\u00fcstet (MIT RAHMEN)"},"content":{"rendered":"<p>Bienenstock &#8220;pastoral&#8221; Dadant 10 Rahmen, komplett mit Edelstahl ausger\u00fcstet (MIT RAHMEN)<\/p>\n<p>&#8211; Zusammengesetzt aus Halbholz;<\/p>\n<p>&#8211; Verschraubte Teile mit W\u00fcrth Qualit\u00e4tsschrauben f\u00fcr optimale Festigkeit;<\/p>\n<p>&#8211; Keine Malerei oder \u00d6lbehandlung;<\/p>\n<p>&#8211; Rahmenabdeckplatte mit 4-Positions-Metallscheibe zur Beschickung;<\/p>\n<p>&#8211; Verschraubt mit W\u00fcrth verzinkten Schrauben, um eine optimale Festigkeit zu gew\u00e4hrleisten;<\/p>\n<p>&#8211; Beweglicher Boden mit Anti-Varroa-Gitter mit Schublade zur Inspektion;<\/p>\n<p>&#8211; Bienenkorbk\u00f6rper MIT Edelstahl-Strangpressprofilen f\u00fcr die Bienenzucht;<\/p>\n<p>&#8211; Bienenstockgeh\u00e4use MIT EDELSTAHL-DRAHT-RAHMEN f\u00fcr die Honigproduktion;<\/p>\n<p>&#8211; Diverses Metallzubeh\u00f6r (4-fach-Scheibe, Griffe, verzahnte Eingangst\u00fcr, verzinkte Halterungen f\u00fcr die Karosserie-\/Lukenverbindung);<\/p>\n<p>&#8211; Blechdach: wird zum Schutz des Bienenstocks verwendet.<\/p>\n<p><strong>BIENENSTOCK AUS 2,5 CM DICKEN MODULAREN ELEMENTEN ZUSAMMENGESETZT.<\/strong><\/p>\n<p><strong>DIE PREISE SIND JE NACH MENGE DEGRESSIV.<\/strong><\/p>\n<p><strong>F\u00fcr weitere Informationen kontaktieren Sie mich bitte.<\/strong><\/p>\n<p><a href=\"mailto:info@apimat.ch\"><strong>info@apimat.ch<\/strong><\/a><\/p>\n<p><strong>Telefon: 076 213 80 33<\/strong><\/p>\n<p>&nbsp;<\/p>\n","protected":false},"excerpt":{"rendered":"<p>Bienenstock &#8220;pastoral&#8221; Dadant 10 Rahmen, komplett mit Edelstahl ausger\u00fcstet (MIT RAHMEN) &#8211; Zusammengesetzt aus Halbholz; &#8211; Verschraubte Teile mit W\u00fcrth Qualit\u00e4tsschrauben f\u00fcr optimale Festigkeit; &#8211; Keine Malerei oder \u00d6lbehandlung; &#8211; Rahmenabdeckplatte mit 4-Positions-Metallscheibe zur Beschickung; &#8211; Verschraubt mit W\u00fcrth verzinkten Schrauben, um eine optimale Festigkeit zu gew\u00e4hrleisten; &#8211; Beweglicher Boden mit Anti-Varroa-Gitter mit Schublade zur [&hellip;]<\/p>\n","protected":false},"featured_media":7730,"template":"","meta":{"_uf_show_specific_survey":0,"_uf_disable_surveys":false},"product_cat":[101],"product_tag":[],"aioseo_notices":[],"_links":{"self":[{"href":"https:\/\/apimat.ch\/de\/wp-json\/wp\/v2\/product\/6163"}],"collection":[{"href":"https:\/\/apimat.ch\/de\/wp-json\/wp\/v2\/product"}],"about":[{"href":"https:\/\/apimat.ch\/de\/wp-json\/wp\/v2\/types\/product"}],"wp:featuredmedia":[{"embeddable":true,"href":"https:\/\/apimat.ch\/de\/wp-json\/wp\/v2\/media\/7730"}],"wp:attachment":[{"href":"https:\/\/apimat.ch\/de\/wp-json\/wp\/v2\/media?parent=6163"}],"wp:term":[{"taxonomy":"product_cat","embeddable":true,"href":"https:\/\/apimat.ch\/de\/wp-json\/wp\/v2\/product_cat?post=6163"},{"taxonomy":"product_tag","embeddable":true,"href":"https:\/\/apimat.ch\/de\/wp-json\/wp\/v2\/product_tag?post=6163"}],"curies":[{"name":"wp","href":"https:\/\/api.w.org\/{rel}","templated":true}]}}