{"id":6186,"date":"2019-12-23T18:19:15","date_gmt":"2019-12-25T16:07:53","guid":{"rendered":"https:\/\/apimat.ch\/?post_type=product&#038;p=6186"},"modified":"2021-06-10T14:51:48","modified_gmt":"2021-06-10T12:51:48","slug":"blechdach-fuer-bienenstock-10-rahmen","status":"publish","type":"product","link":"https:\/\/apimat.ch\/de\/produit\/blechdach-fuer-bienenstock-10-rahmen\/","title":{"rendered":"Dach aus Blech f\u00fcr Bienenstock 10 Rahmen"},"content":{"rendered":"<p>Dach aus Blech f\u00fcr Bienenstock 10 Rahmen<\/p>\n<p>Au\u00dfenma\u00dfe: 530 x 440 mm.<br \/>\nInnenma\u00df: 525 x 435 mm.<\/p>\n<p><strong>DIE PREISE SIND JE NACH MENGE DEGRESSIV.<\/strong><\/p>\n<p><strong>F\u00fcr weitere Informationen kontaktieren Sie mich bitte.<\/strong><\/p>\n<p><a href=\"mailto:info@apimat.ch\"><strong>info@apimat.ch<\/strong><\/a><\/p>\n<p><strong>Telefon: 076 213 80 33<\/strong><\/p>\n<p>&nbsp;<\/p>\n","protected":false},"excerpt":{"rendered":"<p>Dach aus Blech f\u00fcr Bienenstock 10 Rahmen Au\u00dfenma\u00dfe: 530 x 440 mm. Innenma\u00df: 525 x 435 mm. DIE PREISE SIND JE NACH MENGE DEGRESSIV. F\u00fcr weitere Informationen kontaktieren Sie mich bitte. info@apimat.ch Telefon: 076 213 80 33 &nbsp;<\/p>\n","protected":false},"featured_media":4258,"template":"","meta":{"_uf_show_specific_survey":0,"_uf_disable_surveys":false},"product_cat":[102],"product_tag":[],"aioseo_notices":[],"_links":{"self":[{"href":"https:\/\/apimat.ch\/de\/wp-json\/wp\/v2\/product\/6186"}],"collection":[{"href":"https:\/\/apimat.ch\/de\/wp-json\/wp\/v2\/product"}],"about":[{"href":"https:\/\/apimat.ch\/de\/wp-json\/wp\/v2\/types\/product"}],"wp:featuredmedia":[{"embeddable":true,"href":"https:\/\/apimat.ch\/de\/wp-json\/wp\/v2\/media\/4258"}],"wp:attachment":[{"href":"https:\/\/apimat.ch\/de\/wp-json\/wp\/v2\/media?parent=6186"}],"wp:term":[{"taxonomy":"product_cat","embeddable":true,"href":"https:\/\/apimat.ch\/de\/wp-json\/wp\/v2\/product_cat?post=6186"},{"taxonomy":"product_tag","embeddable":true,"href":"https:\/\/apimat.ch\/de\/wp-json\/wp\/v2\/product_tag?post=6186"}],"curies":[{"name":"wp","href":"https:\/\/api.w.org\/{rel}","templated":true}]}}