{"id":6217,"date":"2019-12-23T14:14:53","date_gmt":"2019-12-25T16:54:55","guid":{"rendered":"https:\/\/apimat.ch\/?post_type=product&#038;p=6217"},"modified":"2021-06-10T14:55:41","modified_gmt":"2021-06-10T12:55:41","slug":"regalschutz-fuer-polystyrol-hivette","status":"publish","type":"product","link":"https:\/\/apimat.ch\/de\/produit\/regalschutz-fuer-polystyrol-hivette\/","title":{"rendered":"Schutzvorrichtung mit Zahnstangen f\u00fcr Polystyrol-Bienenst\u00f6cke"},"content":{"rendered":"<p>Schutzvorrichtung mit Zahnstangen f\u00fcr Polystyrol-Bienenst\u00f6cke<\/p>\n<p>Abstandhalter zur Randbewehrung<\/p>\n<p>&#8211; f\u00fcr Bienenstock mit 6 Polystyrolrahmen<\/p>\n<p>&#8211; 6-Rahmen-Polystyrol d.b. Anstieg<\/p>\n<p><strong>F\u00fcr weitere Informationen kontaktieren Sie mich bitte.<\/strong><\/p>\n<p><a href=\"mailto:info@apimat.ch\"><strong>info@apimat.ch<\/strong><\/a><\/p>\n<p><strong>Telefon: 076 213 80 33<\/strong><\/p>\n<p>&nbsp;<\/p>\n","protected":false},"excerpt":{"rendered":"<p>Schutzvorrichtung mit Zahnstangen f\u00fcr Polystyrol-Bienenst\u00f6cke Abstandhalter zur Randbewehrung &#8211; f\u00fcr Bienenstock mit 6 Polystyrolrahmen &#8211; 6-Rahmen-Polystyrol d.b. Anstieg F\u00fcr weitere Informationen kontaktieren Sie mich bitte. info@apimat.ch Telefon: 076 213 80 33 &nbsp;<\/p>\n","protected":false},"featured_media":5971,"template":"","meta":{"_uf_show_specific_survey":0,"_uf_disable_surveys":false},"product_cat":[102],"product_tag":[],"aioseo_notices":[],"_links":{"self":[{"href":"https:\/\/apimat.ch\/de\/wp-json\/wp\/v2\/product\/6217"}],"collection":[{"href":"https:\/\/apimat.ch\/de\/wp-json\/wp\/v2\/product"}],"about":[{"href":"https:\/\/apimat.ch\/de\/wp-json\/wp\/v2\/types\/product"}],"wp:featuredmedia":[{"embeddable":true,"href":"https:\/\/apimat.ch\/de\/wp-json\/wp\/v2\/media\/5971"}],"wp:attachment":[{"href":"https:\/\/apimat.ch\/de\/wp-json\/wp\/v2\/media?parent=6217"}],"wp:term":[{"taxonomy":"product_cat","embeddable":true,"href":"https:\/\/apimat.ch\/de\/wp-json\/wp\/v2\/product_cat?post=6217"},{"taxonomy":"product_tag","embeddable":true,"href":"https:\/\/apimat.ch\/de\/wp-json\/wp\/v2\/product_tag?post=6217"}],"curies":[{"name":"wp","href":"https:\/\/api.w.org\/{rel}","templated":true}]}}