{"id":6231,"date":"2019-12-23T11:17:52","date_gmt":"2019-12-25T17:15:55","guid":{"rendered":"https:\/\/apimat.ch\/?post_type=product&#038;p=6231"},"modified":"2026-02-05T15:35:11","modified_gmt":"2026-02-05T14:35:11","slug":"messing-oesen-ca-1000-stueck","status":"publish","type":"product","link":"https:\/\/apimat.ch\/de\/produit\/messing-oesen-ca-1000-stueck\/","title":{"rendered":"\u00d6sen aus Reinmessing, ca. (1000 St\u00fcck)"},"content":{"rendered":"<p>\u00d6sen aus Reinmessing, ca. (1000 St\u00fcck)<\/p>\n<p><strong>F\u00fcr weitere Informationen kontaktieren Sie mich bitte.<\/strong><\/p>\n<p><a href=\"mailto:info@apimat.ch\"><strong>info@apimat.ch<\/strong><\/a><\/p>\n<p><strong>Telefon: 076 213 80 33<\/strong><\/p>\n","protected":false},"excerpt":{"rendered":"<p>\u00d6sen aus Reinmessing, ca. (1000 St\u00fcck) F\u00fcr weitere Informationen kontaktieren Sie mich bitte. info@apimat.ch Telefon: 076 213 80 33<\/p>\n","protected":false},"featured_media":42024,"template":"","meta":{"_uf_show_specific_survey":0,"_uf_disable_surveys":false},"product_cat":[103],"product_tag":[],"aioseo_notices":[],"_links":{"self":[{"href":"https:\/\/apimat.ch\/de\/wp-json\/wp\/v2\/product\/6231"}],"collection":[{"href":"https:\/\/apimat.ch\/de\/wp-json\/wp\/v2\/product"}],"about":[{"href":"https:\/\/apimat.ch\/de\/wp-json\/wp\/v2\/types\/product"}],"wp:featuredmedia":[{"embeddable":true,"href":"https:\/\/apimat.ch\/de\/wp-json\/wp\/v2\/media\/42024"}],"wp:attachment":[{"href":"https:\/\/apimat.ch\/de\/wp-json\/wp\/v2\/media?parent=6231"}],"wp:term":[{"taxonomy":"product_cat","embeddable":true,"href":"https:\/\/apimat.ch\/de\/wp-json\/wp\/v2\/product_cat?post=6231"},{"taxonomy":"product_tag","embeddable":true,"href":"https:\/\/apimat.ch\/de\/wp-json\/wp\/v2\/product_tag?post=6231"}],"curies":[{"name":"wp","href":"https:\/\/api.w.org\/{rel}","templated":true}]}}