{"id":6239,"date":"2019-12-23T10:04:07","date_gmt":"2019-12-25T17:22:25","guid":{"rendered":"https:\/\/apimat.ch\/?post_type=product&#038;p=6239"},"modified":"2022-05-09T19:08:02","modified_gmt":"2022-05-09T17:08:02","slug":"maturator-edelstahl-kunststoffhahn-kg-200","status":"publish","type":"product","link":"https:\/\/apimat.ch\/de\/produit\/maturator-edelstahl-kunststoffhahn-kg-200\/","title":{"rendered":"Abf\u00fcllkessel aus Edelstahl Wasserhahn Ihrer Wahl &#8211; 200 kg ( mit Griffen )"},"content":{"rendered":"<p>Abf\u00fcllkessel aus Edelstahl Wasserhahn Ihrer Wahl &#8211; 200 kg ( mit Griffen )<\/p>\n<p>Reifer, Fassungsverm\u00f6gen 200 kg Honig, komplett aus Edelstahl, Durchmesser \u00d8 470 mm &#8211; H 840 mm, mit Zapfhahn \u00d8 40 mm aus lebensmittelechtem Kunststoff und Deckel.<\/p>\n<p><strong>DEGRESSIVE PREISE JE NACH MENGE.<\/strong><\/p>\n<p><strong>F\u00fcr weitere Informationen kontaktieren Sie mich bitte.<\/strong><\/p>\n<p><a href=\"mailto:info@apimat.ch\"><strong>info@apimat.ch<\/strong><\/a><\/p>\n<p><strong>Telefon: 076 213 80 33<\/strong><\/p>\n<p><strong>BESUCHE NACH ERNENNUNG 7\/7 Tage<\/strong><\/p>\n","protected":false},"excerpt":{"rendered":"<p>Abf\u00fcllkessel aus Edelstahl Wasserhahn Ihrer Wahl &#8211; 200 kg ( mit Griffen ) Reifer, Fassungsverm\u00f6gen 200 kg Honig, komplett aus Edelstahl, Durchmesser \u00d8 470 mm &#8211; H 840 mm, mit Zapfhahn \u00d8 40 mm aus lebensmittelechtem Kunststoff und Deckel. DEGRESSIVE PREISE JE NACH MENGE. F\u00fcr weitere Informationen kontaktieren Sie mich bitte. info@apimat.ch Telefon: 076 213 [&hellip;]<\/p>\n","protected":false},"featured_media":14193,"template":"","meta":{"_uf_show_specific_survey":0,"_uf_disable_surveys":false},"product_cat":[108,1120],"product_tag":[],"aioseo_notices":[],"_links":{"self":[{"href":"https:\/\/apimat.ch\/de\/wp-json\/wp\/v2\/product\/6239"}],"collection":[{"href":"https:\/\/apimat.ch\/de\/wp-json\/wp\/v2\/product"}],"about":[{"href":"https:\/\/apimat.ch\/de\/wp-json\/wp\/v2\/types\/product"}],"wp:featuredmedia":[{"embeddable":true,"href":"https:\/\/apimat.ch\/de\/wp-json\/wp\/v2\/media\/14193"}],"wp:attachment":[{"href":"https:\/\/apimat.ch\/de\/wp-json\/wp\/v2\/media?parent=6239"}],"wp:term":[{"taxonomy":"product_cat","embeddable":true,"href":"https:\/\/apimat.ch\/de\/wp-json\/wp\/v2\/product_cat?post=6239"},{"taxonomy":"product_tag","embeddable":true,"href":"https:\/\/apimat.ch\/de\/wp-json\/wp\/v2\/product_tag?post=6239"}],"curies":[{"name":"wp","href":"https:\/\/api.w.org\/{rel}","templated":true}]}}