{"id":6255,"date":"2019-12-22T23:22:34","date_gmt":"2019-12-25T17:39:45","guid":{"rendered":"https:\/\/apimat.ch\/?post_type=product&#038;p=6255"},"modified":"2025-05-14T18:01:10","modified_gmt":"2025-05-14T16:01:10","slug":"motorisierte-kuehlerabsaugung-aus-edelstahl-fuer-12-dadant-aufzugsrahmen-und-gamma-elektromotor","status":"publish","type":"product","link":"https:\/\/apimat.ch\/de\/produit\/motorisierte-kuehlerabsaugung-aus-edelstahl-fuer-12-dadant-aufzugsrahmen-und-gamma-elektromotor\/","title":{"rendered":"Motorisierter Honigschleuder radial GAMMA aus Edelstahl f\u00fcr 12 Dadant-Honigrahmen und 3 Dadant-brutrahmen (andere Formate mit Gitter)"},"content":{"rendered":"<h3>Motorisierter Honigschleuder radial GAMMA aus Edelstahl f\u00fcr:<\/h3>\n<ul>\n<li>\n<h3>12 Dadant-Honigrahmen<\/h3>\n<\/li>\n<\/ul>\n<h3>Mit dem Gitter k\u00f6nnen Sie auch extrahieren: <a href=\"https:\/\/apimat.ch\/de\/produit\/gitter-zum-schleudern-von-brutrahmen-lega-schleudern\/\">https:\/\/apimat.ch\/de\/produit\/gitter-zum-schleudern-von-brutrahmen-lega-schleudern\/<\/a><\/h3>\n<ul>\n<li>\n<h3>3 Dadant-Brutrahmen<\/h3>\n<\/li>\n<li>\n<h3>3 Schweier Kasten Honigrahmen CH und Schneider<\/h3>\n<\/li>\n<li>\n<h3>3 Deutsch Normal<\/h3>\n<\/li>\n<li>\n<h3>3 Zander<\/h3>\n<\/li>\n<li>\n<h3>3 Langstroth<\/h3>\n<\/li>\n<\/ul>\n<p>Motorisierter Radialauszieher, Beh\u00e4lter \u00d8 520 mm, mit K\u00e4fig aus Edelstahl AISI 304 f\u00fcr eine einfache Bef\u00fcllung, f\u00fcr 12 Hubrahmen Dadant, mit Niederspannungs-Elektromotor GAMMA und variabler Drehzahlregelung zwischen 0 und 460 U\/min, Hahn und Deckel aus Kunststoff \u00d8 40 mm.<\/p>\n<p><strong>SO SCHNELL WIE M\u00d6GLICH ZU RESERVIEREN, DIE LIEFERUNGEN ERFOLGEN PER POSTR\u00dcCKLAUF.<\/strong><\/p>\n<p><strong>F\u00fcr weitere Informationen kontaktieren Sie mich bitte.<\/strong><\/p>\n<p><a href=\"mailto:info@apimat.ch\"><strong>info@apimat.ch<\/strong><\/a><\/p>\n<p><strong>Telefon: 076 213 80 33<\/strong><\/p>\n<p><strong>BESUCHE NACH ERNENNUNG 7\/7 Tage<\/strong><\/p>\n","protected":false},"excerpt":{"rendered":"<p>Motorisierter Honigschleuder radial GAMMA aus Edelstahl f\u00fcr: 12 Dadant-Honigrahmen Mit dem Gitter k\u00f6nnen Sie auch extrahieren: https:\/\/apimat.ch\/de\/produit\/gitter-zum-schleudern-von-brutrahmen-lega-schleudern\/ 3 Dadant-Brutrahmen 3 Schweier Kasten Honigrahmen CH und Schneider 3 Deutsch Normal 3 Zander 3 Langstroth Motorisierter Radialauszieher, Beh\u00e4lter \u00d8 520 mm, mit K\u00e4fig aus Edelstahl AISI 304 f\u00fcr eine einfache Bef\u00fcllung, f\u00fcr 12 Hubrahmen Dadant, mit Niederspannungs-Elektromotor [&hellip;]<\/p>\n","protected":false},"featured_media":14344,"template":"","meta":{"_uf_show_specific_survey":0,"_uf_disable_surveys":false},"product_cat":[1120,107],"product_tag":[],"aioseo_notices":[],"_links":{"self":[{"href":"https:\/\/apimat.ch\/de\/wp-json\/wp\/v2\/product\/6255"}],"collection":[{"href":"https:\/\/apimat.ch\/de\/wp-json\/wp\/v2\/product"}],"about":[{"href":"https:\/\/apimat.ch\/de\/wp-json\/wp\/v2\/types\/product"}],"wp:featuredmedia":[{"embeddable":true,"href":"https:\/\/apimat.ch\/de\/wp-json\/wp\/v2\/media\/14344"}],"wp:attachment":[{"href":"https:\/\/apimat.ch\/de\/wp-json\/wp\/v2\/media?parent=6255"}],"wp:term":[{"taxonomy":"product_cat","embeddable":true,"href":"https:\/\/apimat.ch\/de\/wp-json\/wp\/v2\/product_cat?post=6255"},{"taxonomy":"product_tag","embeddable":true,"href":"https:\/\/apimat.ch\/de\/wp-json\/wp\/v2\/product_tag?post=6255"}],"curies":[{"name":"wp","href":"https:\/\/api.w.org\/{rel}","templated":true}]}}