{"id":6274,"date":"2019-12-22T17:37:30","date_gmt":"2019-12-25T21:53:03","guid":{"rendered":"https:\/\/apimat.ch\/?post_type=product&#038;p=6274"},"modified":"2020-12-02T07:54:32","modified_gmt":"2020-12-02T06:54:32","slug":"dampfgarer-edelstahlbehaelter-8-rahmen-gasherd-nicht-enthalten","status":"publish","type":"product","link":"https:\/\/apimat.ch\/de\/produit\/dampfgarer-edelstahlbehaelter-8-rahmen-gasherd-nicht-enthalten\/","title":{"rendered":"Dampfwachsschmelzer 8\/10 Rahmen mit Edelstahltank &#8211; Gasherd nicht inbegriffen"},"content":{"rendered":"<p>Dampfwachsschmelzer 8\/10 Rahmen mit Edelstahltank &#8211; Gasherd nicht inbegriffen<\/p>\n<p>Sch\u00fcssel \u00f8 470 mm mit Innenkorb \u00f8 378 mm. Es kann 8 Nestrahmen aufnehmen.<\/p>\n<p><strong>DEGRESSIVE PREISE JE NACH MENGE.<\/strong><\/p>\n<p><strong>F\u00fcr weitere Informationen kontaktieren Sie mich bitte.<\/strong><\/p>\n<p><a href=\"mailto:info@apimat.ch\"><strong>info@apimat.ch<\/strong><\/a><\/p>\n<p><strong>Telefon: 076 213 80 33<\/strong><\/p>\n<p><strong>BESUCHE NACH ERNENNUNG 7\/7 Tage<\/strong><\/p>\n","protected":false},"excerpt":{"rendered":"<p>Dampfwachsschmelzer 8\/10 Rahmen mit Edelstahltank &#8211; Gasherd nicht inbegriffen Sch\u00fcssel \u00f8 470 mm mit Innenkorb \u00f8 378 mm. Es kann 8 Nestrahmen aufnehmen. DEGRESSIVE PREISE JE NACH MENGE. F\u00fcr weitere Informationen kontaktieren Sie mich bitte. info@apimat.ch Telefon: 076 213 80 33 BESUCHE NACH ERNENNUNG 7\/7 Tage<\/p>\n","protected":false},"featured_media":5756,"template":"","meta":{"_uf_show_specific_survey":0,"_uf_disable_surveys":false},"product_cat":[103],"product_tag":[],"aioseo_notices":[],"_links":{"self":[{"href":"https:\/\/apimat.ch\/de\/wp-json\/wp\/v2\/product\/6274"}],"collection":[{"href":"https:\/\/apimat.ch\/de\/wp-json\/wp\/v2\/product"}],"about":[{"href":"https:\/\/apimat.ch\/de\/wp-json\/wp\/v2\/types\/product"}],"wp:featuredmedia":[{"embeddable":true,"href":"https:\/\/apimat.ch\/de\/wp-json\/wp\/v2\/media\/5756"}],"wp:attachment":[{"href":"https:\/\/apimat.ch\/de\/wp-json\/wp\/v2\/media?parent=6274"}],"wp:term":[{"taxonomy":"product_cat","embeddable":true,"href":"https:\/\/apimat.ch\/de\/wp-json\/wp\/v2\/product_cat?post=6274"},{"taxonomy":"product_tag","embeddable":true,"href":"https:\/\/apimat.ch\/de\/wp-json\/wp\/v2\/product_tag?post=6274"}],"curies":[{"name":"wp","href":"https:\/\/api.w.org\/{rel}","templated":true}]}}