{"id":6277,"date":"2019-12-22T16:52:45","date_gmt":"2019-12-26T06:43:27","guid":{"rendered":"https:\/\/apimat.ch\/?post_type=product&#038;p=6277"},"modified":"2025-06-27T09:18:30","modified_gmt":"2025-06-27T07:18:30","slug":"verpackungskarton-fuer-12-glaeser-a-250-g-to63","status":"publish","type":"product","link":"https:\/\/apimat.ch\/de\/produit\/verpackungskarton-fuer-12-glaeser-a-250-g-to63\/","title":{"rendered":"Verpackungskarton f\u00fcr 12 Gl\u00e4ser \u00e0 250\u202fg TO63"},"content":{"rendered":"<p>Verpackungskarton f\u00fcr 12 Gl\u00e4ser \u00e0 250\u202fg TO63<\/p>\n<p><br data-start=\"96\" data-end=\"99\" \/>Innenma\u00dfe: 280\u202f\u00d7\u202f210\u202f\u00d7\u202fH\u00f6he 105\u202fmm.<\/p>\n<p><strong>DEGRESSIVE PREISE JE NACH MENGE.<\/strong><\/p>\n<p><strong>F\u00fcr weitere Informationen kontaktieren Sie mich bitte.<\/strong><\/p>\n<p><a href=\"mailto:info@apimat.ch\"><strong>info@apimat.ch<\/strong><\/a><\/p>\n<p><strong>Telefon: 076 213 80 33<\/strong><\/p>\n","protected":false},"excerpt":{"rendered":"<p>Verpackungskarton f\u00fcr 12 Gl\u00e4ser \u00e0 250\u202fg TO63 Innenma\u00dfe: 280\u202f\u00d7\u202f210\u202f\u00d7\u202fH\u00f6he 105\u202fmm. DEGRESSIVE PREISE JE NACH MENGE. F\u00fcr weitere Informationen kontaktieren Sie mich bitte. info@apimat.ch Telefon: 076 213 80 33<\/p>\n","protected":false},"featured_media":37249,"template":"","meta":{"_uf_show_specific_survey":0,"_uf_disable_surveys":false},"product_cat":[106],"product_tag":[],"aioseo_notices":[],"_links":{"self":[{"href":"https:\/\/apimat.ch\/de\/wp-json\/wp\/v2\/product\/6277"}],"collection":[{"href":"https:\/\/apimat.ch\/de\/wp-json\/wp\/v2\/product"}],"about":[{"href":"https:\/\/apimat.ch\/de\/wp-json\/wp\/v2\/types\/product"}],"wp:featuredmedia":[{"embeddable":true,"href":"https:\/\/apimat.ch\/de\/wp-json\/wp\/v2\/media\/37249"}],"wp:attachment":[{"href":"https:\/\/apimat.ch\/de\/wp-json\/wp\/v2\/media?parent=6277"}],"wp:term":[{"taxonomy":"product_cat","embeddable":true,"href":"https:\/\/apimat.ch\/de\/wp-json\/wp\/v2\/product_cat?post=6277"},{"taxonomy":"product_tag","embeddable":true,"href":"https:\/\/apimat.ch\/de\/wp-json\/wp\/v2\/product_tag?post=6277"}],"curies":[{"name":"wp","href":"https:\/\/api.w.org\/{rel}","templated":true}]}}