{"id":6279,"date":"2019-12-22T16:47:24","date_gmt":"2019-12-26T06:43:58","guid":{"rendered":"https:\/\/apimat.ch\/?post_type=product&#038;p=6279"},"modified":"2025-06-27T09:24:30","modified_gmt":"2025-06-27T07:24:30","slug":"verpackungskarton-fuer-12-glaeser-a-500-g-to70","status":"publish","type":"product","link":"https:\/\/apimat.ch\/de\/produit\/verpackungskarton-fuer-12-glaeser-a-500-g-to70\/","title":{"rendered":"Verpackungskarton f\u00fcr 12 Gl\u00e4ser \u00e0 500\u202fg TO70"},"content":{"rendered":"<p>Verpackungskarton f\u00fcr 12 Gl\u00e4ser \u00e0 500\u202fg TO70<\/p>\n<p><br data-start=\"85\" data-end=\"88\" \/>Innenma\u00dfe: 325\u202f\u00d7\u202f250\u202f\u00d7\u202fH\u00f6he 120\u202fmm.<\/p>\n<p><strong>DEGRESSIVE PREISE JE NACH MENGE.<\/strong><\/p>\n<p><strong>F\u00fcr weitere Informationen kontaktieren Sie mich bitte.<\/strong><\/p>\n<p><a href=\"mailto:info@apimat.ch\"><strong>info@apimat.ch<\/strong><\/a><\/p>\n<p><strong>Telefon: 076 213 80 33<\/strong><\/p>\n","protected":false},"excerpt":{"rendered":"<p>Verpackungskarton f\u00fcr 12 Gl\u00e4ser \u00e0 500\u202fg TO70 Innenma\u00dfe: 325\u202f\u00d7\u202f250\u202f\u00d7\u202fH\u00f6he 120\u202fmm. DEGRESSIVE PREISE JE NACH MENGE. F\u00fcr weitere Informationen kontaktieren Sie mich bitte. info@apimat.ch Telefon: 076 213 80 33<\/p>\n","protected":false},"featured_media":37251,"template":"","meta":{"_uf_show_specific_survey":0,"_uf_disable_surveys":false},"product_cat":[106],"product_tag":[],"aioseo_notices":[],"_links":{"self":[{"href":"https:\/\/apimat.ch\/de\/wp-json\/wp\/v2\/product\/6279"}],"collection":[{"href":"https:\/\/apimat.ch\/de\/wp-json\/wp\/v2\/product"}],"about":[{"href":"https:\/\/apimat.ch\/de\/wp-json\/wp\/v2\/types\/product"}],"wp:featuredmedia":[{"embeddable":true,"href":"https:\/\/apimat.ch\/de\/wp-json\/wp\/v2\/media\/37251"}],"wp:attachment":[{"href":"https:\/\/apimat.ch\/de\/wp-json\/wp\/v2\/media?parent=6279"}],"wp:term":[{"taxonomy":"product_cat","embeddable":true,"href":"https:\/\/apimat.ch\/de\/wp-json\/wp\/v2\/product_cat?post=6279"},{"taxonomy":"product_tag","embeddable":true,"href":"https:\/\/apimat.ch\/de\/wp-json\/wp\/v2\/product_tag?post=6279"}],"curies":[{"name":"wp","href":"https:\/\/api.w.org\/{rel}","templated":true}]}}