{"id":6318,"date":"2019-12-21T02:39:54","date_gmt":"2019-12-26T07:24:35","guid":{"rendered":"https:\/\/apimat.ch\/?post_type=product&#038;p=6318"},"modified":"2022-11-01T12:16:27","modified_gmt":"2022-11-01T11:16:27","slug":"waermeschrank-mit-isolierten-waenden-zum-schmelzen-von-kristallisiertem-honig","status":"publish","type":"product","link":"https:\/\/apimat.ch\/de\/produit\/waermeschrank-mit-isolierten-waenden-zum-schmelzen-von-kristallisiertem-honig\/","title":{"rendered":"ISOLIERTER BEHEIZTER SCHRANK UM KRISTALLISIERTER HONIG ZU VERFLUESSIGEN"},"content":{"rendered":"<p>ISOLIERTER BEHEIZTER SCHRANK UM KRISTALLISIERTER HONIG ZU VERFLUESSIGEN<\/p>\n<p>W\u00e4rmeschrank mit isolierten W\u00e4nden zum Schmelzen von kristallisiertem Honig. Da die Kunden glauben, dass der einzige nat\u00fcrliche Honig fl\u00fcssiger Honig ist und nicht alle H\u00e4ndler ausreichend spezialisiert sind, um die Gr\u00fcnde f\u00fcr seine Kristallisation als nat\u00fcrliches Ph\u00e4nomen zu erkl\u00e4ren, ist der Imker verpflichtet, ihnen stets Honig in fl\u00fcssiger Form zu liefern. Dieser elektrisch beheizte Schrank erm\u00f6glicht es, immer fl\u00fcssigen Honig zu haben. Sie kann 2 Eimer mit 25 kg oder 72 T\u00f6pfe mit 1 kg enthalten, die langsam durch die erzwungene Zirkulation von hei\u00dfer Luft erhitzt werden, die durch thermostatisch gesteuerte elektrische Widerst\u00e4nde zugef\u00fchrt wird und den kristallisierten Honig umlenkt. Der Schrank ist aus Edelstahl gefertigt und hat eine transparente T\u00fcr mit Magnetverschluss. Dank dieser Behandlung wird der Honig in den 1-kg-Gl\u00e4sern in 4\/6 Stunden wieder fl\u00fcssig, ohne die Etiketten zu besch\u00e4digen. Der Schrank hat eine elegante Linie und ist dank seiner vertikalen Form platzsparend, und die numerische Steuerung mit Display ist leicht zu verstehen und zu bedienen.<\/p>\n<p><strong>Der Preis beinhaltet die Mehrwertsteuer und den Transport.<\/strong><\/p>\n<p><strong>F\u00fcr weitere Informationen kontaktieren Sie mich bitte.<\/strong><\/p>\n<p><a href=\"mailto:info@apimat.ch\"><strong>info@apimat.ch<\/strong><\/a><\/p>\n<p><strong>Telefon: 076 213 80 33<\/strong><\/p>\n<p><strong>BESUCHE NACH ERNENNUNG 7\/7 Tage<\/strong><\/p>\n","protected":false},"excerpt":{"rendered":"<p>ISOLIERTER BEHEIZTER SCHRANK UM KRISTALLISIERTER HONIG ZU VERFLUESSIGEN W\u00e4rmeschrank mit isolierten W\u00e4nden zum Schmelzen von kristallisiertem Honig. Da die Kunden glauben, dass der einzige nat\u00fcrliche Honig fl\u00fcssiger Honig ist und nicht alle H\u00e4ndler ausreichend spezialisiert sind, um die Gr\u00fcnde f\u00fcr seine Kristallisation als nat\u00fcrliches Ph\u00e4nomen zu erkl\u00e4ren, ist der Imker verpflichtet, ihnen stets Honig in [&hellip;]<\/p>\n","protected":false},"featured_media":20729,"template":"","meta":{"_uf_show_specific_survey":0,"_uf_disable_surveys":false},"product_cat":[128],"product_tag":[],"aioseo_notices":[],"_links":{"self":[{"href":"https:\/\/apimat.ch\/de\/wp-json\/wp\/v2\/product\/6318"}],"collection":[{"href":"https:\/\/apimat.ch\/de\/wp-json\/wp\/v2\/product"}],"about":[{"href":"https:\/\/apimat.ch\/de\/wp-json\/wp\/v2\/types\/product"}],"wp:featuredmedia":[{"embeddable":true,"href":"https:\/\/apimat.ch\/de\/wp-json\/wp\/v2\/media\/20729"}],"wp:attachment":[{"href":"https:\/\/apimat.ch\/de\/wp-json\/wp\/v2\/media?parent=6318"}],"wp:term":[{"taxonomy":"product_cat","embeddable":true,"href":"https:\/\/apimat.ch\/de\/wp-json\/wp\/v2\/product_cat?post=6318"},{"taxonomy":"product_tag","embeddable":true,"href":"https:\/\/apimat.ch\/de\/wp-json\/wp\/v2\/product_tag?post=6318"}],"curies":[{"name":"wp","href":"https:\/\/api.w.org\/{rel}","templated":true}]}}