{"id":6326,"date":"2019-12-21T02:32:40","date_gmt":"2019-12-26T07:28:42","guid":{"rendered":"https:\/\/apimat.ch\/?post_type=product&#038;p=6326"},"modified":"2021-12-02T17:39:51","modified_gmt":"2021-12-02T16:39:51","slug":"honigpumpe-mit-edelstahlkoerper-und-rotor-oe-90-mm-aus-lebensmittelechtem-neopren","status":"publish","type":"product","link":"https:\/\/apimat.ch\/de\/produit\/honigpumpe-mit-edelstahlkoerper-und-rotor-oe-90-mm-aus-lebensmittelechtem-neopren\/","title":{"rendered":"Honigpumpe mit edelstahlgeause und \u00f8 90 mm rotor in lebensmittelneoprensqualitaet"},"content":{"rendered":"<h3 class=\"p1\">Honigpumpe mit edelstahlgeause und \u00f8 90 mm rotor in lebensmittelneoprensqualitaet<\/h3>\n<p>Honigpumpe mit Edelstahlgeh\u00e4use und Rotor \u00d8 90 mm aus lebensmittelechtem Neopren, ausgestattet mit zwei Edelstahlflanschanschanschl\u00fcssen zum Anschluss an verst\u00e4rkte Kunststoffschl\u00e4uche \u00d8 50 mm. Diese selbstansaugende Pumpe, die mit einem dreiphasigen Elektromotor ausgestattet ist, hat eine langsame Rotation von 195 U\/min in beide Richtungen. Die gesamte Einheit ist auf einem Wagen mit Gummir\u00e4dern montiert.<br \/>\nVORSICHT: Niemals trocken laufen.<\/p>\n<p><strong>Der Preis beinhaltet die Mehrwertsteuer und den Transport.<\/strong><\/p>\n<p><strong>F\u00fcr weitere Informationen kontaktieren Sie mich bitte.<\/strong><\/p>\n<p><a href=\"mailto:info@apimat.ch\"><strong>info@apimat.ch<\/strong><\/a><\/p>\n<p><strong>Telefon: 076 213 80 33<\/strong><\/p>\n<p><strong>BESUCHE NACH ERNENNUNG 7\/7 Tage<\/strong><\/p>\n","protected":false},"excerpt":{"rendered":"<p>Honigpumpe mit edelstahlgeause und \u00f8 90 mm rotor in lebensmittelneoprensqualitaet Honigpumpe mit Edelstahlgeh\u00e4use und Rotor \u00d8 90 mm aus lebensmittelechtem Neopren, ausgestattet mit zwei Edelstahlflanschanschanschl\u00fcssen zum Anschluss an verst\u00e4rkte Kunststoffschl\u00e4uche \u00d8 50 mm. Diese selbstansaugende Pumpe, die mit einem dreiphasigen Elektromotor ausgestattet ist, hat eine langsame Rotation von 195 U\/min in beide Richtungen. Die gesamte [&hellip;]<\/p>\n","protected":false},"featured_media":15610,"template":"","meta":{"_uf_show_specific_survey":0,"_uf_disable_surveys":false},"product_cat":[384,1120],"product_tag":[],"aioseo_notices":[],"_links":{"self":[{"href":"https:\/\/apimat.ch\/de\/wp-json\/wp\/v2\/product\/6326"}],"collection":[{"href":"https:\/\/apimat.ch\/de\/wp-json\/wp\/v2\/product"}],"about":[{"href":"https:\/\/apimat.ch\/de\/wp-json\/wp\/v2\/types\/product"}],"wp:featuredmedia":[{"embeddable":true,"href":"https:\/\/apimat.ch\/de\/wp-json\/wp\/v2\/media\/15610"}],"wp:attachment":[{"href":"https:\/\/apimat.ch\/de\/wp-json\/wp\/v2\/media?parent=6326"}],"wp:term":[{"taxonomy":"product_cat","embeddable":true,"href":"https:\/\/apimat.ch\/de\/wp-json\/wp\/v2\/product_cat?post=6326"},{"taxonomy":"product_tag","embeddable":true,"href":"https:\/\/apimat.ch\/de\/wp-json\/wp\/v2\/product_tag?post=6326"}],"curies":[{"name":"wp","href":"https:\/\/api.w.org\/{rel}","templated":true}]}}