{"id":6334,"date":"2019-12-21T02:13:29","date_gmt":"2019-12-26T07:34:40","guid":{"rendered":"https:\/\/apimat.ch\/?post_type=product&#038;p=6334"},"modified":"2025-04-05T09:36:00","modified_gmt":"2025-04-05T07:36:00","slug":"intelligente-elektronische-dosiermaschine-mit-auflageflaeche","status":"publish","type":"product","link":"https:\/\/apimat.ch\/de\/produit\/intelligente-elektronische-dosiermaschine-mit-auflageflaeche\/","title":{"rendered":"Elektronische Abf\u00fcllmaschine SMART mit Unterst\u00fctzungsoberfl\u00e4che"},"content":{"rendered":"<p>Elektronische Abf\u00fcllmaschine SMART mit Unterst\u00fctzungsoberfl\u00e4che<\/p>\n<p>M\u00f6glichkeit der H\u00f6henverstellung,<br \/>\nM\u00f6glichkeit der automatischen und manuellen Dosierungsanpassung<br \/>\nIntuitive und einfach zu bedienende Touchscreen-Anzeige<br \/>\nTropfenr\u00fccklauf zur Verhinderung des Herausfallens des Honigs<br \/>\nElektronischer Sensor f\u00fcr die Erkennung von Glas- oder Kunststofft\u00f6pfen<\/p>\n<p>TECHNISCHE DATEN<br \/>\nHergestellt aus rostfreiem Stahl AISI 304<br \/>\nProduktion 350 T\u00f6pfe\/Stunde (ab 500gr.)<br \/>\nGenauigkeit \u00b1 gr. 3<br \/>\nAbmessungen 220x200x350 mm<br \/>\nGrundierung &lt; 1000 mm<br \/>\nStromversorgung 220 V<br \/>\nLeistungsaufnahme 200 W<br \/>\nGesamtgewicht ca. 10 kg<\/p>\n<p><strong>F\u00fcr weitere Informationen kontaktieren Sie mich bitte.<\/strong><\/p>\n<p><a href=\"mailto:info@apimat.ch\"><strong>info@apimat.ch<\/strong><\/a><\/p>\n<p><strong>Telefon: 076 213 80 33<\/strong><\/p>\n","protected":false},"excerpt":{"rendered":"<p>Elektronische Abf\u00fcllmaschine SMART mit Unterst\u00fctzungsoberfl\u00e4che M\u00f6glichkeit der H\u00f6henverstellung, M\u00f6glichkeit der automatischen und manuellen Dosierungsanpassung Intuitive und einfach zu bedienende Touchscreen-Anzeige Tropfenr\u00fccklauf zur Verhinderung des Herausfallens des Honigs Elektronischer Sensor f\u00fcr die Erkennung von Glas- oder Kunststofft\u00f6pfen TECHNISCHE DATEN Hergestellt aus rostfreiem Stahl AISI 304 Produktion 350 T\u00f6pfe\/Stunde (ab 500gr.) Genauigkeit \u00b1 gr. 3 Abmessungen 220x200x350 [&hellip;]<\/p>\n","protected":false},"featured_media":10899,"template":"","meta":{"_uf_show_specific_survey":0,"_uf_disable_surveys":false},"product_cat":[1120,128],"product_tag":[],"aioseo_notices":[],"_links":{"self":[{"href":"https:\/\/apimat.ch\/de\/wp-json\/wp\/v2\/product\/6334"}],"collection":[{"href":"https:\/\/apimat.ch\/de\/wp-json\/wp\/v2\/product"}],"about":[{"href":"https:\/\/apimat.ch\/de\/wp-json\/wp\/v2\/types\/product"}],"wp:featuredmedia":[{"embeddable":true,"href":"https:\/\/apimat.ch\/de\/wp-json\/wp\/v2\/media\/10899"}],"wp:attachment":[{"href":"https:\/\/apimat.ch\/de\/wp-json\/wp\/v2\/media?parent=6334"}],"wp:term":[{"taxonomy":"product_cat","embeddable":true,"href":"https:\/\/apimat.ch\/de\/wp-json\/wp\/v2\/product_cat?post=6334"},{"taxonomy":"product_tag","embeddable":true,"href":"https:\/\/apimat.ch\/de\/wp-json\/wp\/v2\/product_tag?post=6334"}],"curies":[{"name":"wp","href":"https:\/\/api.w.org\/{rel}","templated":true}]}}