{"id":6353,"date":"2019-12-21T01:16:09","date_gmt":"2019-12-26T08:05:53","guid":{"rendered":"https:\/\/apimat.ch\/?post_type=product&#038;p=6353"},"modified":"2021-12-10T07:11:42","modified_gmt":"2021-12-10T06:11:42","slug":"halter-fuer-entdeckelungsmaschinen","status":"publish","type":"product","link":"https:\/\/apimat.ch\/de\/produit\/halter-fuer-entdeckelungsmaschinen\/","title":{"rendered":"Halter f\u00fcr Entdecklungsmaschine"},"content":{"rendered":"<p>Halter f\u00fcr Entdecklungsmaschine<\/p>\n<p>Halterung f\u00fcr Entdeckelungsmaschinen komplett aus sehr dickem Edelstahl. Mit 150 cm langem Tablett und zwei K\u00f6rben mit zwei K\u00f6rben mit Deckel, die von vorne herausnehmbar sind.<\/p>\n<p><strong>F\u00fcr weitere Informationen kontaktieren Sie mich bitte.<\/strong><\/p>\n<p><a href=\"mailto:info@apimat.ch\"><strong>info@apimat.ch<\/strong><\/a><\/p>\n<p><strong>Telefon: 076 213 80 33<\/strong><\/p>\n<p>&nbsp;<\/p>\n","protected":false},"excerpt":{"rendered":"<p>Halter f\u00fcr Entdecklungsmaschine Halterung f\u00fcr Entdeckelungsmaschinen komplett aus sehr dickem Edelstahl. Mit 150 cm langem Tablett und zwei K\u00f6rben mit zwei K\u00f6rben mit Deckel, die von vorne herausnehmbar sind. F\u00fcr weitere Informationen kontaktieren Sie mich bitte. info@apimat.ch Telefon: 076 213 80 33 &nbsp;<\/p>\n","protected":false},"featured_media":14867,"template":"","meta":{"_uf_show_specific_survey":0,"_uf_disable_surveys":false},"product_cat":[1120,128],"product_tag":[],"aioseo_notices":[],"_links":{"self":[{"href":"https:\/\/apimat.ch\/de\/wp-json\/wp\/v2\/product\/6353"}],"collection":[{"href":"https:\/\/apimat.ch\/de\/wp-json\/wp\/v2\/product"}],"about":[{"href":"https:\/\/apimat.ch\/de\/wp-json\/wp\/v2\/types\/product"}],"wp:featuredmedia":[{"embeddable":true,"href":"https:\/\/apimat.ch\/de\/wp-json\/wp\/v2\/media\/14867"}],"wp:attachment":[{"href":"https:\/\/apimat.ch\/de\/wp-json\/wp\/v2\/media?parent=6353"}],"wp:term":[{"taxonomy":"product_cat","embeddable":true,"href":"https:\/\/apimat.ch\/de\/wp-json\/wp\/v2\/product_cat?post=6353"},{"taxonomy":"product_tag","embeddable":true,"href":"https:\/\/apimat.ch\/de\/wp-json\/wp\/v2\/product_tag?post=6353"}],"curies":[{"name":"wp","href":"https:\/\/api.w.org\/{rel}","templated":true}]}}