{"id":6373,"date":"2019-05-03T09:59:31","date_gmt":"2019-12-26T08:31:29","guid":{"rendered":"https:\/\/apimat.ch\/?post_type=product&#038;p=6373"},"modified":"2020-12-02T06:35:36","modified_gmt":"2020-12-02T05:35:36","slug":"orangene-rahmen-fuer-bienenstock-apidea","status":"publish","type":"product","link":"https:\/\/apimat.ch\/de\/produit\/orangene-rahmen-fuer-bienenstock-apidea\/","title":{"rendered":"APIDEA Orange R\u00e4hmchen f\u00fcr Begattungsk\u00e4stli"},"content":{"rendered":"<p>Dies ist das APIDEA Orange R\u00e4hmchen f\u00fcr Begattungsk\u00e4stli.<\/p>\n<p>Der Bienenstock enth\u00e4lt nur das, was f\u00fcr die Befruchtung einer K\u00f6nigin notwendig ist und dies mit einer kleinen Menge Bienen.<\/p>\n<p>Dies ist eine wirtschaftliche Imkereitechnik, die es teilweise erlaubt, die Eiablage der K\u00f6nigin zu kontrollieren, bevor der Schwarm in einen Bienenstock gebracht wird.<\/p>\n<p><strong>DEGRESSIVE PREISE JE NACH MENGE.<\/strong><\/p>\n<p><strong>F\u00fcr weitere Informationen kontaktieren Sie mich bitte.<\/strong><\/p>\n<p><a href=\"mailto:info@apimat.ch\"><strong>info@apimat.ch<\/strong><\/a><\/p>\n<p><strong>Telefon: 076 213 80 33<\/strong><\/p>\n<p><strong>BESUCHE NACH ERNENNUNG 7\/7 Tage<\/strong><\/p>\n","protected":false},"excerpt":{"rendered":"<p>Dies ist das APIDEA Orange R\u00e4hmchen f\u00fcr Begattungsk\u00e4stli. Der Bienenstock enth\u00e4lt nur das, was f\u00fcr die Befruchtung einer K\u00f6nigin notwendig ist und dies mit einer kleinen Menge Bienen. Dies ist eine wirtschaftliche Imkereitechnik, die es teilweise erlaubt, die Eiablage der K\u00f6nigin zu kontrollieren, bevor der Schwarm in einen Bienenstock gebracht wird. DEGRESSIVE PREISE JE NACH [&hellip;]<\/p>\n","protected":false},"featured_media":14293,"template":"","meta":{"_uf_show_specific_survey":0,"_uf_disable_surveys":false},"product_cat":[95],"product_tag":[],"aioseo_notices":[],"_links":{"self":[{"href":"https:\/\/apimat.ch\/de\/wp-json\/wp\/v2\/product\/6373"}],"collection":[{"href":"https:\/\/apimat.ch\/de\/wp-json\/wp\/v2\/product"}],"about":[{"href":"https:\/\/apimat.ch\/de\/wp-json\/wp\/v2\/types\/product"}],"wp:featuredmedia":[{"embeddable":true,"href":"https:\/\/apimat.ch\/de\/wp-json\/wp\/v2\/media\/14293"}],"wp:attachment":[{"href":"https:\/\/apimat.ch\/de\/wp-json\/wp\/v2\/media?parent=6373"}],"wp:term":[{"taxonomy":"product_cat","embeddable":true,"href":"https:\/\/apimat.ch\/de\/wp-json\/wp\/v2\/product_cat?post=6373"},{"taxonomy":"product_tag","embeddable":true,"href":"https:\/\/apimat.ch\/de\/wp-json\/wp\/v2\/product_tag?post=6373"}],"curies":[{"name":"wp","href":"https:\/\/api.w.org\/{rel}","templated":true}]}}