{"id":6376,"date":"2019-04-26T07:51:56","date_gmt":"2019-12-26T08:33:51","guid":{"rendered":"https:\/\/apimat.ch\/?post_type=product&#038;p=6376"},"modified":"2022-05-31T17:42:42","modified_gmt":"2022-05-31T15:42:42","slug":"vorrichtung-zur-verfluessigung-von-kristallisiertem-honig","status":"publish","type":"product","link":"https:\/\/apimat.ch\/de\/produit\/vorrichtung-zur-verfluessigung-von-kristallisiertem-honig\/","title":{"rendered":"Geraet zur verfl\u00fcssigung von kristallisiertem honig"},"content":{"rendered":"<h3>Geraet zur verfl\u00fcssigung von kristallisiertem honig<\/h3>\n<p>Neues innovatives System mit automatischer Temperaturregelung.<\/p>\n<p>Heizelement mit hohem Wirkungsgrad und niedrigem Energieverbrauch von nur 250W.<\/p>\n<p>Schnelle Verfl\u00fcssigung ohne Ver\u00e4nderung der physikalischen und mikrobiologischen Eigenschaften des Honigs.<br \/>\nEinfach zu bedienen. Einfach auf die Oberfl\u00e4che des Honigs in der Reifemaschine oder in den Eimer legen. Es sind keine Einstellungen notwendig, denn dank seiner pr\u00e4zisen elektronischen Steuerung h\u00e4lt er die Temperatur jederzeit konstant bei 38\u00b0C.<\/p>\n<p>Der robuste Heizk\u00f6rper ist dem klassischen Honig-Entsch\u00e4umer \u00fcberlegen, der das Mischen erm\u00f6glicht und somit die Verfl\u00fcssigungszeit reduziert.<\/p>\n<p>Transparente Schutzh\u00fclle zum Schutz des Honigs w\u00e4hrend der Verfl\u00fcssigung vor Staub und Verunreinigungen.<\/p>\n<p>Stromversorgung 220V.<\/p>\n<p><strong>F\u00fcr weitere Informationen kontaktieren Sie mich bitte.<\/strong><\/p>\n<p><a href=\"mailto:info@apimat.ch\"><strong>info@apimat.ch<\/strong><\/a><\/p>\n<p><strong>Telefon: 076 213 80 33<\/strong><\/p>\n<p><strong>BESUCHE NACH ERNENNUNG 7\/7 Tage<\/strong><\/p>\n","protected":false},"excerpt":{"rendered":"<p>Geraet zur verfl\u00fcssigung von kristallisiertem honig Neues innovatives System mit automatischer Temperaturregelung. Heizelement mit hohem Wirkungsgrad und niedrigem Energieverbrauch von nur 250W. Schnelle Verfl\u00fcssigung ohne Ver\u00e4nderung der physikalischen und mikrobiologischen Eigenschaften des Honigs. Einfach zu bedienen. Einfach auf die Oberfl\u00e4che des Honigs in der Reifemaschine oder in den Eimer legen. Es sind keine Einstellungen notwendig, [&hellip;]<\/p>\n","protected":false},"featured_media":4582,"template":"","meta":{"_uf_show_specific_survey":0,"_uf_disable_surveys":false},"product_cat":[108],"product_tag":[],"aioseo_notices":[],"_links":{"self":[{"href":"https:\/\/apimat.ch\/de\/wp-json\/wp\/v2\/product\/6376"}],"collection":[{"href":"https:\/\/apimat.ch\/de\/wp-json\/wp\/v2\/product"}],"about":[{"href":"https:\/\/apimat.ch\/de\/wp-json\/wp\/v2\/types\/product"}],"wp:featuredmedia":[{"embeddable":true,"href":"https:\/\/apimat.ch\/de\/wp-json\/wp\/v2\/media\/4582"}],"wp:attachment":[{"href":"https:\/\/apimat.ch\/de\/wp-json\/wp\/v2\/media?parent=6376"}],"wp:term":[{"taxonomy":"product_cat","embeddable":true,"href":"https:\/\/apimat.ch\/de\/wp-json\/wp\/v2\/product_cat?post=6376"},{"taxonomy":"product_tag","embeddable":true,"href":"https:\/\/apimat.ch\/de\/wp-json\/wp\/v2\/product_tag?post=6376"}],"curies":[{"name":"wp","href":"https:\/\/api.w.org\/{rel}","templated":true}]}}