{"id":6378,"date":"2019-04-26T07:35:34","date_gmt":"2019-12-26T08:36:49","guid":{"rendered":"https:\/\/apimat.ch\/?post_type=product&#038;p=6378"},"modified":"2021-12-19T17:08:18","modified_gmt":"2021-12-19T16:08:18","slug":"entkappungstisch-aus-edelstahl-mit-schraegen-kanten-125x48x42-cm","status":"publish","type":"product","link":"https:\/\/apimat.ch\/de\/produit\/entkappungstisch-aus-edelstahl-mit-schraegen-kanten-125x48x42-cm\/","title":{"rendered":"Entdecklungstisch aus Edelstahl mit abgewinkelten Kanten 125 x 48 x 42 cm."},"content":{"rendered":"<p>Entdecklungstisch aus Edelstahl mit abgewinkelten Kanten 125 x 48 x 42 cm und Holzst\u00fctze f\u00fcr Messer &#8211; Entdecklungstisch.<\/p>\n<p><strong>F\u00fcr weitere Informationen kontaktieren Sie mich bitte.<\/strong><\/p>\n<p><a href=\"mailto:info@apimat.ch\"><strong>info@apimat.ch<\/strong><\/a><\/p>\n<p><strong>Telefon: 076 213 80 33<\/strong><\/p>\n","protected":false},"excerpt":{"rendered":"<p>Entdecklungstisch aus Edelstahl mit abgewinkelten Kanten 125 x 48 x 42 cm und Holzst\u00fctze f\u00fcr Messer &#8211; Entdecklungstisch. F\u00fcr weitere Informationen kontaktieren Sie mich bitte. info@apimat.ch Telefon: 076 213 80 33<\/p>\n","protected":false},"featured_media":16094,"template":"","meta":{"_uf_show_specific_survey":0,"_uf_disable_surveys":false},"product_cat":[108,1120],"product_tag":[],"aioseo_notices":[],"_links":{"self":[{"href":"https:\/\/apimat.ch\/de\/wp-json\/wp\/v2\/product\/6378"}],"collection":[{"href":"https:\/\/apimat.ch\/de\/wp-json\/wp\/v2\/product"}],"about":[{"href":"https:\/\/apimat.ch\/de\/wp-json\/wp\/v2\/types\/product"}],"wp:featuredmedia":[{"embeddable":true,"href":"https:\/\/apimat.ch\/de\/wp-json\/wp\/v2\/media\/16094"}],"wp:attachment":[{"href":"https:\/\/apimat.ch\/de\/wp-json\/wp\/v2\/media?parent=6378"}],"wp:term":[{"taxonomy":"product_cat","embeddable":true,"href":"https:\/\/apimat.ch\/de\/wp-json\/wp\/v2\/product_cat?post=6378"},{"taxonomy":"product_tag","embeddable":true,"href":"https:\/\/apimat.ch\/de\/wp-json\/wp\/v2\/product_tag?post=6378"}],"curies":[{"name":"wp","href":"https:\/\/api.w.org\/{rel}","templated":true}]}}