{"id":6383,"date":"2019-04-26T06:54:52","date_gmt":"2019-12-26T08:43:40","guid":{"rendered":"https:\/\/apimat.ch\/?post_type=product&#038;p=6383"},"modified":"2020-12-02T06:24:52","modified_gmt":"2020-12-02T05:24:52","slug":"handwaffeleisen-mit-kuehlung","status":"publish","type":"product","link":"https:\/\/apimat.ch\/de\/produit\/handwaffeleisen-mit-kuehlung\/","title":{"rendered":"Manuelle Pr\u00e4gemaschine mit K\u00fchlsystem"},"content":{"rendered":"<p>Manuelle Pr\u00e4gemaschine mit K\u00fchlsystem<\/p>\n<p>Das wassergek\u00fchlte Wachswaffeleisen erm\u00f6glicht die Herstellung von gepr\u00e4gten Wachsbl\u00e4ttern aus fl\u00fcssigem Bienenwachs. Die Bl\u00e4tter kommen trocken und im Endformat heraus. Pr\u00e4zise Pr\u00e4gung und gleichm\u00e4\u00dfige Dicke.<\/p>\n<p>Mitgeliefertes Zubeh\u00f6r: B\u00fcrste zum Einseifen von klebrigen Stellen und Schaber zum Entfernen von Wachs, der nicht auf Silikon verwendet werden darf. Gebrauchsanweisung wird mitgeliefert.<\/p>\n<p><strong>F\u00fcr weitere Informationen kontaktieren Sie mich bitte.<\/strong><\/p>\n<p><a href=\"mailto:info@apimat.ch\"><strong>info@apimat.ch<\/strong><\/a><\/p>\n<p><strong>Telefon: 076 213 80 33<\/strong><\/p>\n<p><strong>BESUCHE NACH ERNENNUNG 7\/7 Tage<\/strong><\/p>\n","protected":false},"excerpt":{"rendered":"<p>Manuelle Pr\u00e4gemaschine mit K\u00fchlsystem Das wassergek\u00fchlte Wachswaffeleisen erm\u00f6glicht die Herstellung von gepr\u00e4gten Wachsbl\u00e4ttern aus fl\u00fcssigem Bienenwachs. Die Bl\u00e4tter kommen trocken und im Endformat heraus. Pr\u00e4zise Pr\u00e4gung und gleichm\u00e4\u00dfige Dicke. Mitgeliefertes Zubeh\u00f6r: B\u00fcrste zum Einseifen von klebrigen Stellen und Schaber zum Entfernen von Wachs, der nicht auf Silikon verwendet werden darf. Gebrauchsanweisung wird mitgeliefert. F\u00fcr weitere [&hellip;]<\/p>\n","protected":false},"featured_media":4564,"template":"","meta":{"_uf_show_specific_survey":0,"_uf_disable_surveys":false},"product_cat":[103],"product_tag":[],"aioseo_notices":[],"_links":{"self":[{"href":"https:\/\/apimat.ch\/de\/wp-json\/wp\/v2\/product\/6383"}],"collection":[{"href":"https:\/\/apimat.ch\/de\/wp-json\/wp\/v2\/product"}],"about":[{"href":"https:\/\/apimat.ch\/de\/wp-json\/wp\/v2\/types\/product"}],"wp:featuredmedia":[{"embeddable":true,"href":"https:\/\/apimat.ch\/de\/wp-json\/wp\/v2\/media\/4564"}],"wp:attachment":[{"href":"https:\/\/apimat.ch\/de\/wp-json\/wp\/v2\/media?parent=6383"}],"wp:term":[{"taxonomy":"product_cat","embeddable":true,"href":"https:\/\/apimat.ch\/de\/wp-json\/wp\/v2\/product_cat?post=6383"},{"taxonomy":"product_tag","embeddable":true,"href":"https:\/\/apimat.ch\/de\/wp-json\/wp\/v2\/product_tag?post=6383"}],"curies":[{"name":"wp","href":"https:\/\/api.w.org\/{rel}","templated":true}]}}