{"id":6406,"date":"2019-01-04T00:28:28","date_gmt":"2019-12-26T09:13:47","guid":{"rendered":"https:\/\/apimat.ch\/?post_type=product&#038;p=6406"},"modified":"2023-01-09T12:38:42","modified_gmt":"2023-01-09T11:38:42","slug":"bienenstock-dadant-10-5-rahmen-fuer-die-koeniginnenaufzucht","status":"publish","type":"product","link":"https:\/\/apimat.ch\/de\/produit\/bienenstock-dadant-10-5-rahmen-fuer-die-koeniginnenaufzucht\/","title":{"rendered":"Dadant Bienenstock 10 + 6 Rahmen f\u00fcr die Zucht von K\u00f6niginnen ( mit honigraum und Rahmen )"},"content":{"rendered":"<h3>Dadant Bienenstock 10 + 6 Rahmen f\u00fcr die Zucht von K\u00f6niginnen<\/h3>\n<p>&#8211; Montage mit Zapfen im geraden Schwanz;<\/p>\n<p>&#8211; Genagelte Teile<\/p>\n<p>&#8211; Au\u00dfenbehandlung mit Leinsamen\u00f6l;<\/p>\n<p>&#8211; Doppelte Trennwand mit vertikalem Queensperrer und Verschluss<\/p>\n<p>&#8211; Beutenk\u00f6rper MIT HORIZONTALEN EDELSTAHL-DRAHTR\u00c4HMEN f\u00fcr die Kolonieentwicklung<\/p>\n<p>&#8211; 6 und 10 Dadant-Supers, um die Honigproduktion w\u00e4hrend der Aufzucht zu erm\u00f6glichen<\/p>\n<p>&#8211; Rahmenabdeckplatte mit zentraler Bohrung f\u00fcr die Zuf\u00fchrung;<\/p>\n<p>&#8211; Blechdach: wird zum Schutz des Bienenstocks verwendet;<\/p>\n<p><strong>DEGRESSIVE PREISE JE NACH MENGE.<\/strong><\/p>\n<p><strong>F\u00fcr weitere Informationen kontaktieren Sie mich bitte.<\/strong><\/p>\n<p><a href=\"mailto:info@apimat.ch\"><strong>info@apimat.ch<\/strong><\/a><\/p>\n<p><strong>Telefon: 076 213 80 33<\/strong><\/p>\n","protected":false},"excerpt":{"rendered":"<p>Dadant Bienenstock 10 + 6 Rahmen f\u00fcr die Zucht von K\u00f6niginnen &#8211; Montage mit Zapfen im geraden Schwanz; &#8211; Genagelte Teile &#8211; Au\u00dfenbehandlung mit Leinsamen\u00f6l; &#8211; Doppelte Trennwand mit vertikalem Queensperrer und Verschluss &#8211; Beutenk\u00f6rper MIT HORIZONTALEN EDELSTAHL-DRAHTR\u00c4HMEN f\u00fcr die Kolonieentwicklung &#8211; 6 und 10 Dadant-Supers, um die Honigproduktion w\u00e4hrend der Aufzucht zu erm\u00f6glichen &#8211; [&hellip;]<\/p>\n","protected":false},"featured_media":13472,"template":"","meta":{"_uf_show_specific_survey":0,"_uf_disable_surveys":false},"product_cat":[101,95],"product_tag":[],"aioseo_notices":[],"_links":{"self":[{"href":"https:\/\/apimat.ch\/de\/wp-json\/wp\/v2\/product\/6406"}],"collection":[{"href":"https:\/\/apimat.ch\/de\/wp-json\/wp\/v2\/product"}],"about":[{"href":"https:\/\/apimat.ch\/de\/wp-json\/wp\/v2\/types\/product"}],"wp:featuredmedia":[{"embeddable":true,"href":"https:\/\/apimat.ch\/de\/wp-json\/wp\/v2\/media\/13472"}],"wp:attachment":[{"href":"https:\/\/apimat.ch\/de\/wp-json\/wp\/v2\/media?parent=6406"}],"wp:term":[{"taxonomy":"product_cat","embeddable":true,"href":"https:\/\/apimat.ch\/de\/wp-json\/wp\/v2\/product_cat?post=6406"},{"taxonomy":"product_tag","embeddable":true,"href":"https:\/\/apimat.ch\/de\/wp-json\/wp\/v2\/product_tag?post=6406"}],"curies":[{"name":"wp","href":"https:\/\/api.w.org\/{rel}","templated":true}]}}