{"id":6419,"date":"2018-12-22T13:03:23","date_gmt":"2019-12-26T09:31:30","guid":{"rendered":"https:\/\/apimat.ch\/?post_type=product&#038;p=6419"},"modified":"2023-08-16T16:43:43","modified_gmt":"2023-08-16T14:43:43","slug":"edelstahl-reifemaschine-mit-edelstahlhahn-und-hermetischem-deckel-kg-25","status":"publish","type":"product","link":"https:\/\/apimat.ch\/de\/produit\/edelstahl-reifemaschine-mit-edelstahlhahn-und-hermetischem-deckel-kg-25\/","title":{"rendered":"Abf\u00fcllkessel aus Edelstahl mit Edelstahlhahn und hermetischer Abdeckung &#8211; 25 kg"},"content":{"rendered":"<p>Abf\u00fcllkessel aus Edelstahl mit Edelstahlhahn und hermetischer Abdeckung &#8211; 25 kg<\/p>\n<p>Maturator \u00d8 31cm, verchromt. H\u00f6he 29cm. Deckel mit 4 Exzenterverschl\u00fcssen, die die Dichtigkeit garantieren, 2 Tragegriffe, Klappenventil.<\/p>\n<p>DEGRESSIVE PREISE JE NACH MENGE.<\/p>\n<p><strong>F\u00fcr weitere Informationen kontaktieren Sie mich bitte.<\/strong><\/p>\n<p><a href=\"mailto:info@apimat.ch\"><strong>info@apimat.ch<\/strong><\/a><\/p>\n<p><strong>Telefon: 076 213 80 33<\/strong><\/p>\n<p><strong>BESUCHE NACH ERNENNUNG 7\/7 Tage<\/strong><\/p>\n","protected":false},"excerpt":{"rendered":"<p>Abf\u00fcllkessel aus Edelstahl mit Edelstahlhahn und hermetischer Abdeckung &#8211; 25 kg Maturator \u00d8 31cm, verchromt. H\u00f6he 29cm. Deckel mit 4 Exzenterverschl\u00fcssen, die die Dichtigkeit garantieren, 2 Tragegriffe, Klappenventil. DEGRESSIVE PREISE JE NACH MENGE. F\u00fcr weitere Informationen kontaktieren Sie mich bitte. info@apimat.ch Telefon: 076 213 80 33 BESUCHE NACH ERNENNUNG 7\/7 Tage<\/p>\n","protected":false},"featured_media":11042,"template":"","meta":{"_uf_show_specific_survey":0,"_uf_disable_surveys":false},"product_cat":[108],"product_tag":[],"aioseo_notices":[],"_links":{"self":[{"href":"https:\/\/apimat.ch\/de\/wp-json\/wp\/v2\/product\/6419"}],"collection":[{"href":"https:\/\/apimat.ch\/de\/wp-json\/wp\/v2\/product"}],"about":[{"href":"https:\/\/apimat.ch\/de\/wp-json\/wp\/v2\/types\/product"}],"wp:featuredmedia":[{"embeddable":true,"href":"https:\/\/apimat.ch\/de\/wp-json\/wp\/v2\/media\/11042"}],"wp:attachment":[{"href":"https:\/\/apimat.ch\/de\/wp-json\/wp\/v2\/media?parent=6419"}],"wp:term":[{"taxonomy":"product_cat","embeddable":true,"href":"https:\/\/apimat.ch\/de\/wp-json\/wp\/v2\/product_cat?post=6419"},{"taxonomy":"product_tag","embeddable":true,"href":"https:\/\/apimat.ch\/de\/wp-json\/wp\/v2\/product_tag?post=6419"}],"curies":[{"name":"wp","href":"https:\/\/api.w.org\/{rel}","templated":true}]}}