{"id":6423,"date":"2018-12-22T13:00:34","date_gmt":"2019-12-26T09:35:03","guid":{"rendered":"https:\/\/apimat.ch\/?post_type=product&#038;p=6423"},"modified":"2020-12-02T05:58:56","modified_gmt":"2020-12-02T04:58:56","slug":"edelstahl-reifemaschine-mit-edelstahlhahn-und-hermetischem-deckel-kg-50","status":"publish","type":"product","link":"https:\/\/apimat.ch\/de\/produit\/edelstahl-reifemaschine-mit-edelstahlhahn-und-hermetischem-deckel-kg-50\/","title":{"rendered":"Abf\u00fcllkessel aus Edelstahl mit Edelstahlhahn und hermetischer Abdeckung &#8211; 50 kg"},"content":{"rendered":"<p>Abf\u00fcllkessel aus Edelstahl mit Edelstahlhahn und hermetischer Abdeckung &#8211; 50 kg<\/p>\n<p>50 kg Reifer von \u00d8 31cm aus verchromtem Stahl. H53cm. Deckel mit 4 Exzenterverschl\u00fcssen, die die Dichtigkeit garantieren, 2 Tragegriffe, Klappenventil.<\/p>\n<p><strong>DEGRESSIVE PREISE JE NACH MENGE.<\/strong><\/p>\n<p><strong>F\u00fcr weitere Informationen kontaktieren Sie mich bitte.<\/strong><\/p>\n<p><a href=\"mailto:info@apimat.ch\"><strong>info@apimat.ch<\/strong><\/a><\/p>\n<p><strong>Telefon: 076 213 80 33<\/strong><\/p>\n<p><strong>BESUCHE NACH ERNENNUNG 7\/7 Tage<\/strong><\/p>\n","protected":false},"excerpt":{"rendered":"<p>Abf\u00fcllkessel aus Edelstahl mit Edelstahlhahn und hermetischer Abdeckung &#8211; 50 kg 50 kg Reifer von \u00d8 31cm aus verchromtem Stahl. H53cm. Deckel mit 4 Exzenterverschl\u00fcssen, die die Dichtigkeit garantieren, 2 Tragegriffe, Klappenventil. DEGRESSIVE PREISE JE NACH MENGE. F\u00fcr weitere Informationen kontaktieren Sie mich bitte. info@apimat.ch Telefon: 076 213 80 33 BESUCHE NACH ERNENNUNG 7\/7 Tage<\/p>\n","protected":false},"featured_media":11047,"template":"","meta":{"_uf_show_specific_survey":0,"_uf_disable_surveys":false},"product_cat":[108],"product_tag":[],"aioseo_notices":[],"_links":{"self":[{"href":"https:\/\/apimat.ch\/de\/wp-json\/wp\/v2\/product\/6423"}],"collection":[{"href":"https:\/\/apimat.ch\/de\/wp-json\/wp\/v2\/product"}],"about":[{"href":"https:\/\/apimat.ch\/de\/wp-json\/wp\/v2\/types\/product"}],"wp:featuredmedia":[{"embeddable":true,"href":"https:\/\/apimat.ch\/de\/wp-json\/wp\/v2\/media\/11047"}],"wp:attachment":[{"href":"https:\/\/apimat.ch\/de\/wp-json\/wp\/v2\/media?parent=6423"}],"wp:term":[{"taxonomy":"product_cat","embeddable":true,"href":"https:\/\/apimat.ch\/de\/wp-json\/wp\/v2\/product_cat?post=6423"},{"taxonomy":"product_tag","embeddable":true,"href":"https:\/\/apimat.ch\/de\/wp-json\/wp\/v2\/product_tag?post=6423"}],"curies":[{"name":"wp","href":"https:\/\/api.w.org\/{rel}","templated":true}]}}